{"id":170,"date":"2024-12-11T08:26:43","date_gmt":"2024-12-11T07:26:43","guid":{"rendered":"https:\/\/www.etafast.org\/verlaengern-sie-ihren-aufenthalt-in-kanada\/"},"modified":"2024-12-11T08:27:13","modified_gmt":"2024-12-11T07:27:13","slug":"verlaengern-sie-ihren-aufenthalt-in-kanada","status":"publish","type":"page","link":"https:\/\/www.etafast.org\/de\/verlaengern-sie-ihren-aufenthalt-in-kanada\/","title":{"rendered":"Verl\u00e4ngern Sie Ihren Aufenthalt in Kanada"},"content":{"rendered":"\n<h3 class=\"wp-block-heading\">Verl\u00e4ngern Sie Ihren Aufenthalt in Kanada: Besucherbuch<\/h3>\n\n<p>Wenn Sie sich l\u00e4nger in Kanada aufhalten m\u00f6chten als die urspr\u00fcnglich genehmigte Aufenthaltsdauer, m\u00fcssen Sie einen <strong>Besucherausweis<\/strong> beantragen. Ein Besucherausweis ist ein wichtiges Dokument, mit dem Sie Ihren Aufenthalt verl\u00e4ngern k\u00f6nnen, ohne gegen die Einwanderungsbestimmungen zu versto\u00dfen.<\/p>\n\n<hr class=\"wp-block-separator has-alpha-channel-opacity\"\/>\n\n<h3 class=\"wp-block-heading\"><strong>Was ist ein Besuchsbericht?<\/strong><\/h3>\n\n<p>Ein Besucherausweis ist <strong>kein Visum<\/strong>. Stattdessen ist es ein offizielles Dokument, das:<\/p>\n\n<ul class=\"wp-block-list\">\n<li>Erlaubt Ihnen einen l\u00e4ngeren Aufenthalt in Kanada als <strong>Besucher<\/strong>, als Arbeitnehmer, der ohne Genehmigung arbeiten darf, oder als Student, der ohne Genehmigung studieren darf.<\/li>\n\n\n\n<li>Gibt ein neues Ablaufdatum an, bis zu dem Sie Kanada verlassen m\u00fcssen.<\/li>\n<\/ul>\n\n<hr class=\"wp-block-separator has-alpha-channel-opacity\"\/>\n\n<h3 class=\"wp-block-heading\"><strong>Wann Sie einen Besucherausweis beantragen sollten<\/strong><\/h3>\n\n<p>Sie m\u00fcssen einen Besucherausweis beantragen <strong>, bevor Ihr aktueller Status abl\u00e4uft<\/strong>.<\/p>\n\n<ul class=\"wp-block-list\">\n<li>Pr\u00fcfen Sie Ihren Passstempel oder die schriftliche Best\u00e4tigung der erlaubten Aufenthaltsdauer, die bei Ihrer Einreise nach Kanada ausgestellt wurde.<\/li>\n\n\n\n<li>Wenn kein bestimmtes Datum angegeben wurde, l\u00e4uft Ihr Status in der Regel <strong>6 Monate nach Ihrem Einreisedatum<\/strong> ab.<\/li>\n<\/ul>\n\n<hr class=\"wp-block-separator has-alpha-channel-opacity\"\/>\n\n<h3 class=\"wp-block-heading\"><strong>Wer kann einen Besucherausweis beantragen?<\/strong><\/h3>\n\n<p>Sie k\u00f6nnen einen Besucherausweis beantragen, wenn Sie:<\/p>\n\n<ul class=\"wp-block-list\">\n<li>Sie sind mit einem Besuchervisum, einer eTA oder einem anderen g\u00fcltigen Reisedokument nach Kanada eingereist und m\u00f6chten nun Ihren genehmigten Aufenthalt verl\u00e4ngern.<\/li>\n\n\n\n<li>Sie halten sich derzeit als Besucher, Arbeiter oder Student ohne Genehmigung in Kanada auf und m\u00f6chten Ihren Status verl\u00e4ngern.<\/li>\n<\/ul>\n\n<hr class=\"wp-block-separator has-alpha-channel-opacity\"\/>\n\n<h3 class=\"wp-block-heading\"><strong>So beantragen Sie einen Besuchereintrag<\/strong><\/h3>\n\n<p>Das Verfahren zur Beantragung eines Besucherdatensatzes umfasst die folgenden Schritte:<\/p>\n\n<ol class=\"wp-block-list\">\n<li><strong>Bereiten Sie Ihre Dokumente vor<\/strong>:\n<ul class=\"wp-block-list\">\n<li>Einen g\u00fcltigen Reisepass oder ein g\u00fcltiges Reisedokument (stellen Sie sicher, dass es f\u00fcr die gesamte Dauer Ihres verl\u00e4ngerten Aufenthalts g\u00fcltig ist).<\/li>\n\n\n\n<li>Nachweis ausreichender finanzieller Mittel f\u00fcr Ihren Lebensunterhalt w\u00e4hrend des verl\u00e4ngerten Aufenthalts.<\/li>\n\n\n\n<li>Eine klare Erkl\u00e4rung, warum Sie Ihren Aufenthalt in Kanada verl\u00e4ngern m\u00f6chten.<\/li>\n<\/ul>\n<\/li>\n\n\n\n<li><strong>Reichen Sie Ihre Bewerbung online ein<\/strong>:\n<ul class=\"wp-block-list\">\n<li>F\u00fcllen Sie das Antragsformular \u00fcber das <a>IRCC-Portal<\/a> aus.<\/li>\n\n\n\n<li>Bezahlen Sie die Anmeldegeb\u00fchr, die bei <strong>$100<\/strong> beginnt.<\/li>\n<\/ul>\n<\/li>\n\n\n\n<li><strong>Fr\u00fchzeitig bewerben<\/strong>:\n<ul class=\"wp-block-list\">\n<li>Die Bearbeitungszeit betr\u00e4gt etwa <strong>126 Tage<\/strong>. Es ist also wichtig, dass Sie Ihren Antrag rechtzeitig vor Ablauf Ihres aktuellen Status stellen.<\/li>\n\n\n\n<li>Wenn Ihr Status abl\u00e4uft, w\u00e4hrend Ihr Antrag bearbeitet wird, haben Sie einen <strong>impliziten Status<\/strong> und k\u00f6nnen sich legal in Kanada aufhalten, bis eine Entscheidung getroffen wird.<\/li>\n<\/ul>\n<\/li>\n<\/ol>\n\n<hr class=\"wp-block-separator has-alpha-channel-opacity\"\/>\n\n<h3 class=\"wp-block-heading\"><strong>Nachdem Sie sich beworben haben<\/strong><\/h3>\n\n<ul class=\"wp-block-list\">\n<li><strong>Bewilligung<\/strong>: Wenn Ihr Antrag genehmigt wird, erhalten Sie einen Besucherdatensatz, in dem Ihr neues G\u00fcltigkeitsdatum angegeben ist.<\/li>\n\n\n\n<li><strong>Ablehnung<\/strong>: Wenn Ihr Antrag abgelehnt wird, m\u00fcssen Sie Kanada sofort verlassen.<\/li>\n\n\n\n<li><strong>Impliziter Status<\/strong>: W\u00e4hrend Sie auf eine Entscheidung warten, k\u00f6nnen Sie legal in Kanada bleiben, wenn Sie einen Antrag gestellt haben, bevor Ihr Status abgelaufen ist.<\/li>\n<\/ul>\n\n<hr class=\"wp-block-separator has-alpha-channel-opacity\"\/>\n\n<h3 class=\"wp-block-heading\"><strong>Reisen au\u00dferhalb von Kanada<\/strong><\/h3>\n\n<p>Ein Besucherausweis <strong>ist keine Garantie f\u00fcr die Wiedereinreise nach Kanada<\/strong>. Wenn Sie Kanada w\u00e4hrend Ihres verl\u00e4ngerten Aufenthalts verlassen und zur\u00fcckkehren m\u00f6chten, ben\u00f6tigen Sie:<\/p>\n\n<ul class=\"wp-block-list\">\n<li>Ein g\u00fcltiges <strong>Besuchervisum<\/strong> oder eine <strong>eTA<\/strong> f\u00fcr die Wiedereinreise nach Kanada, und<\/li>\n\n\n\n<li>Ihre Besucherakte zum Nachweis Ihrer genehmigten Aufenthaltsverl\u00e4ngerung.<\/li>\n<\/ul>\n\n<hr class=\"wp-block-separator has-alpha-channel-opacity\"\/>\n\n<h3 class=\"wp-block-heading\"><strong>Wichtige Geb\u00fchren und Bearbeitungszeiten<\/strong><\/h3>\n\n<ul class=\"wp-block-list\">\n<li><strong>Die Geb\u00fchren<\/strong>: Ab <strong>$100<\/strong> f\u00fcr einen Antrag auf einen Besucherausweis.<\/li>\n\n\n\n<li><strong>Bearbeitungszeit<\/strong>: Ungef\u00e4hr <strong>126 Tage<\/strong> (Abweichungen vorbehalten).<\/li>\n<\/ul>\n\n<hr class=\"wp-block-separator has-alpha-channel-opacity\"\/>\n\n<h3 class=\"wp-block-heading\"><strong>Wichtige Hinweise<\/strong><\/h3>\n\n<ul class=\"wp-block-list\">\n<li>Vergewissern Sie sich, dass Ihr Reisepass f\u00fcr die gesamte Dauer Ihres Aufenthalts g\u00fcltig bleibt.<\/li>\n\n\n\n<li>Ein Besucherausweis berechtigt Sie nicht dazu, in Kanada zu arbeiten oder zu studieren. F\u00fcr diese Aktivit\u00e4ten ben\u00f6tigen Sie eine Arbeits- oder Studienerlaubnis.<\/li>\n\n\n\n<li>Wenn Sie Ihren genehmigten Aufenthalt \u00fcberschreiten, ohne eine Verl\u00e4ngerung zu beantragen, kann dies zu gesetzlichen Strafen f\u00fchren und zuk\u00fcnftige Reisen nach Kanada beeintr\u00e4chtigen.<\/li>\n<\/ul>\n\n<p>Wenn Sie Ihren Aufenthalt in Kanada verl\u00e4ngern m\u00f6chten, m\u00fcssen Sie sich vorbereiten und rechtzeitig einen Antrag stellen. Wenn Sie sich an den Prozess halten, k\u00f6nnen Sie einen l\u00e4ngeren Aufenthalt genie\u00dfen und gleichzeitig die kanadischen Einwanderungsgesetze einhalten.<\/p>\n","protected":false},"excerpt":{"rendered":"<p>Verl\u00e4ngern Sie Ihren Aufenthalt in Kanada: Besucherbuch Wenn Sie sich l\u00e4nger in Kanada aufhalten m\u00f6chten als die urspr\u00fcnglich genehmigte Aufenthaltsdauer, [&hellip;]<\/p>\n","protected":false},"author":1,"featured_media":0,"parent":0,"menu_order":0,"comment_status":"closed","ping_status":"closed","template":"","meta":{"_uag_custom_page_level_css":"","site-sidebar-layout":"default","site-content-layout":"","ast-site-content-layout":"","site-content-style":"default","site-sidebar-style":"default","ast-global-header-display":"","ast-banner-title-visibility":"","ast-main-header-display":"","ast-hfb-above-header-display":"","ast-hfb-below-header-display":"","ast-hfb-mobile-header-display":"","site-post-title":"","ast-breadcrumbs-content":"","ast-featured-img":"","footer-sml-layout":"","theme-transparent-header-meta":"","adv-header-id-meta":"","stick-header-meta":"","header-above-stick-meta":"","header-main-stick-meta":"","header-below-stick-meta":"","astra-migrate-meta-layouts":"default","ast-page-background-enabled":"default","ast-page-background-meta":{"desktop":{"background-color":"var(--ast-global-color-4)","background-image":"","background-repeat":"repeat","background-position":"center center","background-size":"auto","background-attachment":"scroll","background-type":"","background-media":"","overlay-type":"","overlay-color":"","overlay-opacity":"","overlay-gradient":""},"tablet":{"background-color":"","background-image":"","background-repeat":"repeat","background-position":"center center","background-size":"auto","background-attachment":"scroll","background-type":"","background-media":"","overlay-type":"","overlay-color":"","overlay-opacity":"","overlay-gradient":""},"mobile":{"background-color":"","background-image":"","background-repeat":"repeat","background-position":"center center","background-size":"auto","background-attachment":"scroll","background-type":"","background-media":"","overlay-type":"","overlay-color":"","overlay-opacity":"","overlay-gradient":""}},"ast-content-background-meta":{"desktop":{"background-color":"var(--ast-global-color-5)","background-image":"","background-repeat":"repeat","background-position":"center center","background-size":"auto","background-attachment":"scroll","background-type":"","background-media":"","overlay-type":"","overlay-color":"","overlay-opacity":"","overlay-gradient":""},"tablet":{"background-color":"var(--ast-global-color-5)","background-image":"","background-repeat":"repeat","background-position":"center center","background-size":"auto","background-attachment":"scroll","background-type":"","background-media":"","overlay-type":"","overlay-color":"","overlay-opacity":"","overlay-gradient":""},"mobile":{"background-color":"var(--ast-global-color-5)","background-image":"","background-repeat":"repeat","background-position":"center center","background-size":"auto","background-attachment":"scroll","background-type":"","background-media":"","overlay-type":"","overlay-color":"","overlay-opacity":"","overlay-gradient":""}},"footnotes":""},"categories":[],"tags":[],"class_list":["post-170","page","type-page","status-publish","hentry"],"uagb_featured_image_src":{"full":false,"thumbnail":false,"medium":false,"medium_large":false,"large":false,"1536x1536":false,"2048x2048":false},"uagb_author_info":{"display_name":"admin","author_link":"https:\/\/www.etafast.org\/de\/author\/admin\/"},"uagb_comment_info":0,"uagb_excerpt":"Verl\u00e4ngern Sie Ihren Aufenthalt in Kanada: Besucherbuch Wenn Sie sich l\u00e4nger in Kanada aufhalten m\u00f6chten als die urspr\u00fcnglich genehmigte Aufenthaltsdauer, [&hellip;]","_links":{"self":[{"href":"https:\/\/www.etafast.org\/de\/wp-json\/wp\/v2\/pages\/170","targetHints":{"allow":["GET"]}}],"collection":[{"href":"https:\/\/www.etafast.org\/de\/wp-json\/wp\/v2\/pages"}],"about":[{"href":"https:\/\/www.etafast.org\/de\/wp-json\/wp\/v2\/types\/page"}],"author":[{"embeddable":true,"href":"https:\/\/www.etafast.org\/de\/wp-json\/wp\/v2\/users\/1"}],"replies":[{"embeddable":true,"href":"https:\/\/www.etafast.org\/de\/wp-json\/wp\/v2\/comments?post=170"}],"version-history":[{"count":1,"href":"https:\/\/www.etafast.org\/de\/wp-json\/wp\/v2\/pages\/170\/revisions"}],"predecessor-version":[{"id":171,"href":"https:\/\/www.etafast.org\/de\/wp-json\/wp\/v2\/pages\/170\/revisions\/171"}],"wp:attachment":[{"href":"https:\/\/www.etafast.org\/de\/wp-json\/wp\/v2\/media?parent=170"}],"wp:term":[{"taxonomy":"category","embeddable":true,"href":"https:\/\/www.etafast.org\/de\/wp-json\/wp\/v2\/categories?post=170"},{"taxonomy":"post_tag","embeddable":true,"href":"https:\/\/www.etafast.org\/de\/wp-json\/wp\/v2\/tags?post=170"}],"curies":[{"name":"wp","href":"https:\/\/api.w.org\/{rel}","templated":true}]}}