{"id":166,"date":"2024-12-11T08:25:47","date_gmt":"2024-12-11T07:25:47","guid":{"rendered":"https:\/\/www.etafast.org\/benoetigen-sie-visa\/"},"modified":"2024-12-11T08:26:06","modified_gmt":"2024-12-11T07:26:06","slug":"benoetigen-sie-visa","status":"publish","type":"page","link":"https:\/\/www.etafast.org\/de\/benoetigen-sie-visa\/","title":{"rendered":"Ben\u00f6tigen Sie VISA?"},"content":{"rendered":"\n<h3 class=\"wp-block-heading\">Wie Sie herausfinden, ob Sie ein Visum f\u00fcr die Einreise nach Kanada ben\u00f6tigen<\/h3>\n\n<p>Kanada verlangt von Reisenden entweder ein <strong>Besuchervisum<\/strong> oder eine <strong>elektronische Reisegenehmigung (eTA)<\/strong>, um in das Land einzureisen oder es zu durchqueren, je nach Nationalit\u00e4t und Art der Reise. Hier erfahren Sie, was Sie ben\u00f6tigen: <\/p>\n\n<hr class=\"wp-block-separator has-alpha-channel-opacity\"\/>\n\n<h3 class=\"wp-block-heading\"><strong>Schritt 1: \u00dcberpr\u00fcfen Sie Ihre Nationalit\u00e4t<\/strong><\/h3>\n\n<p>Welche Art von Reisedokument Sie ben\u00f6tigen, h\u00e4ngt in erster Linie von Ihrer Staatsangeh\u00f6rigkeit ab. Reisende fallen in eine von drei Kategorien: <\/p>\n\n<ol class=\"wp-block-list\">\n<li><strong>Reisende, die von der Visumspflicht befreit sind (ben\u00f6tigen eine eTA)<\/strong><br\/>Wenn Sie B\u00fcrger eines Landes sind, das von der Visumspflicht befreit ist, ben\u00f6tigen Sie eine eTA, wenn Sie auf dem Luftweg nach oder durch Kanada reisen. Beispiele f\u00fcr L\u00e4nder, die von der Visumpflicht befreit sind, sind: <ul><li>Australien<\/li><li>Deutschland<\/li><li>Japan<\/li><li>Vereinigtes K\u00f6nigreich<\/li><li>Frankreich<br\/><em>(Dies ist keine vollst\u00e4ndige Liste.)<\/em><\/li><\/ul><strong>Wichtig<\/strong>: Wenn Sie mit dem Auto, Bus, Zug oder Schiff nach Kanada einreisen, einschlie\u00dflich einer Kreuzfahrt, ben\u00f6tigen Sie KEINE eTA oder ein Besuchervisum.<\/li>\n\n\n\n<li><strong>Visumpflichtige Reisende (ben\u00f6tigen ein Besuchervisum)<\/strong><br>B\u00fcrger von L\u00e4ndern, die nicht auf der Liste der visumfreien L\u00e4nder stehen, ben\u00f6tigen ein Besuchervisum (auch bekannt als Temporary Resident Visa), um nach Kanada zu reisen, unabh\u00e4ngig von der Art der Reise.<br>Beispiele f\u00fcr visumpflichtige L\u00e4nder sind:\n<ul class=\"wp-block-list\">\n<li>Indien<\/li>\n\n\n\n<li>China<\/li>\n\n\n\n<li>Pakistan<br\/><em>(Dies ist keine vollst\u00e4ndige Liste.)<\/em><\/li>\n<\/ul>\n<\/li>\n\n\n\n<li><strong>Berechtigte Reisende mit Visumspflicht (k\u00f6nnen sich f\u00fcr eine eTA qualifizieren)<\/strong><br>Wenn Sie aus einem visumspflichtigen Land kommen, aber bestimmte Bedingungen erf\u00fcllen, k\u00f6nnen Sie anstelle eines Visums eine eTA beantragen. Diese Bedingungen umfassen: <ul><li>Sie besitzen ein g\u00fcltiges U.S. Nichteinwanderungsvisum ODER<\/li><li>Sie haben in den letzten 10 Jahren ein kanadisches Besuchervisum besessen.<\/li><\/ul>Zu den L\u00e4ndern, die f\u00fcr diese Option in Frage kommen, geh\u00f6ren:\n<ul class=\"wp-block-list\">\n<li>Brasilien<\/li>\n\n\n\n<li>Mexiko<\/li>\n\n\n\n<li>Philippinen<br\/><em>(Dies ist keine vollst\u00e4ndige Liste.)<\/em><\/li>\n<\/ul>\n<\/li>\n<\/ol>\n\n<hr class=\"wp-block-separator has-alpha-channel-opacity\"\/>\n\n<h3 class=\"wp-block-heading\"><strong>Schritt 2: \u00dcberlegen Sie sich Ihre Reisemethode<\/strong><\/h3>\n\n<p>Welches Reisedokument Sie ben\u00f6tigen, h\u00e4ngt auch davon ab, wie Sie nach Kanada einreisen wollen:<\/p>\n\n<figure class=\"wp-block-table\"><table class=\"has-fixed-layout\"><thead><tr><th><strong>Reisemodus<\/strong><\/th><th><strong>Anforderung<\/strong><\/th><\/tr><\/thead><tbody><tr><td>Flug nach oder im Transit durch einen kanadischen Flughafen<\/td><td>eTA (f\u00fcr von der Visumpflicht befreite Reisende) oder Besuchervisum<\/td><\/tr><tr><td>Einreise mit dem Auto, Bus, Zug oder Schiff (einschlie\u00dflich einer Kreuzfahrt)<\/td><td>Besuchervisum (f\u00fcr visumspflichtige Reisende)<\/td><\/tr><tr><td>Reisen mit einem g\u00fcltigen kanadischen Visum<\/td><td>Keine eTA erforderlich; verwenden Sie Ihr Visum<\/td><\/tr><\/tbody><\/table><\/figure>\n\n<hr class=\"wp-block-separator has-alpha-channel-opacity\"\/>\n\n<h3 class=\"wp-block-heading\"><strong>Schritt 3: Ausnahmen von der Regel<\/strong><\/h3>\n\n<ol class=\"wp-block-list\">\n<li><strong>U.S. Staatsb\u00fcrger<\/strong><br\/>U.S. Staatsb\u00fcrger ben\u00f6tigen KEIN eTA oder ein Besuchervisum. Sie ben\u00f6tigen lediglich einen g\u00fcltigen U.S.-Pass. <\/li>\n\n\n\n<li><strong>Kanadische Staatsb\u00fcrger (einschlie\u00dflich Doppelb\u00fcrger)<\/strong><br\/>Kanadische Staatsb\u00fcrger k\u00f6nnen kein eTA oder Visum beantragen. Sie m\u00fcssen mit einem g\u00fcltigen kanadischen Reisepass reisen. <\/li>\n\n\n\n<li><strong>Kanadische Daueraufenthaltsberechtigte<\/strong><br>Daueraufenthaltsberechtigte Kanadier k\u00f6nnen keine eTA beantragen. Sie m\u00fcssen mit reisen: \n<ul class=\"wp-block-list\">\n<li>Eine g\u00fcltige Daueraufenthaltskarte, ODER<\/li>\n\n\n\n<li>Ein Reisedokument f\u00fcr einen st\u00e4ndigen Wohnsitz.<\/li>\n<\/ul>\n<\/li>\n\n\n\n<li><strong>U.S. Permanent Residents<\/strong><br>Ab dem 26. April 2022 ben\u00f6tigen rechtm\u00e4\u00dfig in den USA ans\u00e4ssige Personen keine eTA mehr. Sie m\u00fcssen es mit sich f\u00fchren: \n<ul class=\"wp-block-list\">\n<li>Ein g\u00fcltiger Reisepass ihrer Nationalit\u00e4t, UND<\/li>\n\n\n\n<li>Eine g\u00fcltige Green Card oder ein gleichwertiger Nachweis des Status.<\/li>\n<\/ul>\n<\/li>\n<\/ol>\n\n<hr class=\"wp-block-separator has-alpha-channel-opacity\"\/>\n\n<h3 class=\"wp-block-heading\"><strong>Schritt 4: Verwenden Sie das Tool der kanadischen Regierung<\/strong><\/h3>\n\n<p>Um festzustellen, ob Sie ein Visum oder eine eTA ben\u00f6tigen, k\u00f6nnen Sie das offizielle <a>Tool<\/a> der kanadischen Regierung <a>f\u00fcr Reisedokumente<\/a> verwenden. Geben Sie einfach Ihre Nationalit\u00e4t, Ihre Reisemethode und den Zweck Ihres Besuchs ein, um personalisierte Ergebnisse zu erhalten. <\/p>\n\n<hr class=\"wp-block-separator has-alpha-channel-opacity\"\/>\n\n<h3 class=\"wp-block-heading\"><strong>Letzte Notizen<\/strong><\/h3>\n\n<ul class=\"wp-block-list\">\n<li>Stellen Sie sicher, dass Sie das richtige Dokument rechtzeitig vor Ihrem Reisedatum beantragen.<\/li>\n\n\n\n<li>Der Besitz eines Visums oder einer eTA ist keine Garantie f\u00fcr die Einreise nach Kanada. Sie m\u00fcssen den Grenzbeamten \u00fcberzeugen, dass Sie alle Einreisebedingungen erf\u00fcllen. <\/li>\n<\/ul>\n\n<p><\/p>\n","protected":false},"excerpt":{"rendered":"<p>Wie Sie herausfinden, ob Sie ein Visum f\u00fcr die Einreise nach Kanada ben\u00f6tigen Kanada verlangt von Reisenden entweder ein Besuchervisum [&hellip;]<\/p>\n","protected":false},"author":1,"featured_media":0,"parent":0,"menu_order":0,"comment_status":"closed","ping_status":"closed","template":"","meta":{"_uag_custom_page_level_css":"","site-sidebar-layout":"default","site-content-layout":"","ast-site-content-layout":"","site-content-style":"default","site-sidebar-style":"default","ast-global-header-display":"","ast-banner-title-visibility":"","ast-main-header-display":"","ast-hfb-above-header-display":"","ast-hfb-below-header-display":"","ast-hfb-mobile-header-display":"","site-post-title":"","ast-breadcrumbs-content":"","ast-featured-img":"","footer-sml-layout":"","theme-transparent-header-meta":"","adv-header-id-meta":"","stick-header-meta":"","header-above-stick-meta":"","header-main-stick-meta":"","header-below-stick-meta":"","astra-migrate-meta-layouts":"default","ast-page-background-enabled":"default","ast-page-background-meta":{"desktop":{"background-color":"var(--ast-global-color-4)","background-image":"","background-repeat":"repeat","background-position":"center center","background-size":"auto","background-attachment":"scroll","background-type":"","background-media":"","overlay-type":"","overlay-color":"","overlay-opacity":"","overlay-gradient":""},"tablet":{"background-color":"","background-image":"","background-repeat":"repeat","background-position":"center center","background-size":"auto","background-attachment":"scroll","background-type":"","background-media":"","overlay-type":"","overlay-color":"","overlay-opacity":"","overlay-gradient":""},"mobile":{"background-color":"","background-image":"","background-repeat":"repeat","background-position":"center center","background-size":"auto","background-attachment":"scroll","background-type":"","background-media":"","overlay-type":"","overlay-color":"","overlay-opacity":"","overlay-gradient":""}},"ast-content-background-meta":{"desktop":{"background-color":"var(--ast-global-color-5)","background-image":"","background-repeat":"repeat","background-position":"center center","background-size":"auto","background-attachment":"scroll","background-type":"","background-media":"","overlay-type":"","overlay-color":"","overlay-opacity":"","overlay-gradient":""},"tablet":{"background-color":"var(--ast-global-color-5)","background-image":"","background-repeat":"repeat","background-position":"center center","background-size":"auto","background-attachment":"scroll","background-type":"","background-media":"","overlay-type":"","overlay-color":"","overlay-opacity":"","overlay-gradient":""},"mobile":{"background-color":"var(--ast-global-color-5)","background-image":"","background-repeat":"repeat","background-position":"center center","background-size":"auto","background-attachment":"scroll","background-type":"","background-media":"","overlay-type":"","overlay-color":"","overlay-opacity":"","overlay-gradient":""}},"footnotes":""},"categories":[],"tags":[],"class_list":["post-166","page","type-page","status-publish","hentry"],"uagb_featured_image_src":{"full":false,"thumbnail":false,"medium":false,"medium_large":false,"large":false,"1536x1536":false,"2048x2048":false},"uagb_author_info":{"display_name":"admin","author_link":"https:\/\/www.etafast.org\/de\/author\/admin\/"},"uagb_comment_info":0,"uagb_excerpt":"Wie Sie herausfinden, ob Sie ein Visum f\u00fcr die Einreise nach Kanada ben\u00f6tigen Kanada verlangt von Reisenden entweder ein Besuchervisum [&hellip;]","_links":{"self":[{"href":"https:\/\/www.etafast.org\/de\/wp-json\/wp\/v2\/pages\/166","targetHints":{"allow":["GET"]}}],"collection":[{"href":"https:\/\/www.etafast.org\/de\/wp-json\/wp\/v2\/pages"}],"about":[{"href":"https:\/\/www.etafast.org\/de\/wp-json\/wp\/v2\/types\/page"}],"author":[{"embeddable":true,"href":"https:\/\/www.etafast.org\/de\/wp-json\/wp\/v2\/users\/1"}],"replies":[{"embeddable":true,"href":"https:\/\/www.etafast.org\/de\/wp-json\/wp\/v2\/comments?post=166"}],"version-history":[{"count":1,"href":"https:\/\/www.etafast.org\/de\/wp-json\/wp\/v2\/pages\/166\/revisions"}],"predecessor-version":[{"id":167,"href":"https:\/\/www.etafast.org\/de\/wp-json\/wp\/v2\/pages\/166\/revisions\/167"}],"wp:attachment":[{"href":"https:\/\/www.etafast.org\/de\/wp-json\/wp\/v2\/media?parent=166"}],"wp:term":[{"taxonomy":"category","embeddable":true,"href":"https:\/\/www.etafast.org\/de\/wp-json\/wp\/v2\/categories?post=166"},{"taxonomy":"post_tag","embeddable":true,"href":"https:\/\/www.etafast.org\/de\/wp-json\/wp\/v2\/tags?post=166"}],"curies":[{"name":"wp","href":"https:\/\/api.w.org\/{rel}","templated":true}]}}