{"id":164,"date":"2024-12-11T08:24:51","date_gmt":"2024-12-11T07:24:51","guid":{"rendered":"https:\/\/www.etafast.org\/wer-kann-sich-bewerben\/"},"modified":"2024-12-11T08:25:56","modified_gmt":"2024-12-11T07:25:56","slug":"wer-kann-sich-bewerben","status":"publish","type":"page","link":"https:\/\/www.etafast.org\/de\/wer-kann-sich-bewerben\/","title":{"rendered":"Wer kann sich bewerben"},"content":{"rendered":"\n<h3 class=\"wp-block-heading\">Wer kann eine elektronische Reisegenehmigung (eTA) beantragen?<\/h3>\n\n<p>Die elektronische Reisegenehmigung (eTA) ist eine Voraussetzung f\u00fcr bestimmte Personen, die mit dem Flugzeug nach Kanada reisen oder durch Kanada reisen. Hier finden Sie eine detaillierte Aufschl\u00fcsselung, wer zur Beantragung berechtigt ist: <\/p>\n\n<h4 class=\"wp-block-heading\"><strong>Zulassungskriterien f\u00fcr ein eTA<\/strong><\/h4>\n\n<p>Sie k\u00f6nnen eine eTA beantragen, wenn Sie <strong>alle drei der folgenden Voraussetzungen<\/strong> erf\u00fcllen:<\/p>\n\n<ol class=\"wp-block-list\">\n<li><strong>Vergangene Reisegeschichte<\/strong>:<ul><li>Sie hatten in den letzten 10 Jahren ein kanadisches Besuchervisum (Visum f\u00fcr einen vor\u00fcbergehenden Aufenthalt) ODER<\/li><li>Sie besitzen derzeit ein g\u00fcltiges Nichteinwanderungsvisum f\u00fcr die Vereinigten Staaten (U.S.).<\/li><\/ul><em>(Ihr US-Nichteinwanderungsvisum muss an dem Tag, an dem Sie eine eTA beantragen, g\u00fcltig sein, aber es muss nicht f\u00fcr Ihre Reise nach Kanada g\u00fcltig bleiben).<\/em><\/li>\n\n\n\n<li><strong>Zweck der Reise<\/strong>:\n<ul class=\"wp-block-list\">\n<li>Sie kommen f\u00fcr einen <strong>vor\u00fcbergehenden Aufenthalt<\/strong> nach Kanada, in der Regel f\u00fcr bis zu sechs Monate.<\/li>\n<\/ul>\n<\/li>\n\n\n\n<li><strong>Reisemodus<\/strong>:\n<ul class=\"wp-block-list\">\n<li>Sie fliegen zu einem kanadischen Flughafen oder befinden sich im Transit mit einem g\u00fcltigen Reisepass aus einem der <strong>zul\u00e4ssigen visumpflichtigen L\u00e4nder<\/strong>.<\/li>\n<\/ul>\n<\/li>\n<\/ol>\n\n<h4 class=\"wp-block-heading\"><strong>In Frage kommende L\u00e4nder mit Visumspflicht<\/strong><\/h4>\n\n<p>B\u00fcrger der folgenden L\u00e4nder k\u00f6nnen eine eTA beantragen, wenn sie die oben genannten Kriterien erf\u00fcllen:<\/p>\n\n<ul class=\"wp-block-list\">\n<li>Antigua und Barbuda<\/li>\n\n\n\n<li>Argentinien<\/li>\n\n\n\n<li>Brasilien<\/li>\n\n\n\n<li>Costa Rica<\/li>\n\n\n\n<li>Mexiko<\/li>\n\n\n\n<li>Marokko<\/li>\n\n\n\n<li>Panama<\/li>\n\n\n\n<li>Philippinen<\/li>\n\n\n\n<li>St. Kitts und Nevis<\/li>\n\n\n\n<li>St. Lucia<\/li>\n\n\n\n<li>St. Vincent und die Grenadinen<\/li>\n\n\n\n<li>Seychellen<\/li>\n\n\n\n<li>Thailand<\/li>\n\n\n\n<li>Trinidad und Tobago<\/li>\n\n\n\n<li>Uruguay<\/li>\n<\/ul>\n\n<p>Wenn Sie nicht alle diese Voraussetzungen erf\u00fcllen, m\u00fcssen Sie stattdessen ein Besuchervisum (Visum f\u00fcr einen vor\u00fcbergehenden Aufenthalt) beantragen.<\/p>\n\n<hr class=\"wp-block-separator has-alpha-channel-opacity\"\/>\n\n<h3 class=\"wp-block-heading\"><strong>Wer braucht KEINE eTA?<\/strong><\/h3>\n\n<ul class=\"wp-block-list\">\n<li><strong>U.S. Staatsb\u00fcrger<\/strong>:<br\/>U.S. Staatsb\u00fcrger sind von der eTA-Anforderung befreit. Sie m\u00fcssen lediglich einen g\u00fcltigen U.S. Pass vorlegen. <\/li>\n\n\n\n<li><strong>Kanadische Staatsb\u00fcrger (einschlie\u00dflich Doppelb\u00fcrger)<\/strong>:<br\/>Kanadische Staatsb\u00fcrger k\u00f6nnen keine eTA beantragen. Sie m\u00fcssen mit einem g\u00fcltigen kanadischen Reisepass reisen. Doppelstaatler m\u00fcssen auch ihren kanadischen Reisepass verwenden, wenn sie nach Kanada fliegen.  <\/li>\n\n\n\n<li><strong>Dauerhaft in Kanada ans\u00e4ssige Personen<\/strong>:<br>Dauerhaft in Kanada ans\u00e4ssige Personen k\u00f6nnen keine eTA beantragen. Stattdessen m\u00fcssen sie mit einem Reisepass reisen: \n<ul class=\"wp-block-list\">\n<li>Eine g\u00fcltige Daueraufenthaltskarte, ODER<\/li>\n\n\n\n<li>Ein Reisedokument f\u00fcr einen st\u00e4ndigen Wohnsitz.<\/li>\n<\/ul>\n<\/li>\n\n\n\n<li><strong>Lawful Permanent Residents of the United States<\/strong>:<br>Ab dem 26. April 2022 sind Lawful Permanent Residents of the U.S. von der eTA-Pflicht befreit. Sie m\u00fcssen sie mit sich f\u00fchren: \n<ul class=\"wp-block-list\">\n<li>Einen g\u00fcltigen Reisepass des Landes, dessen Staatsangeh\u00f6rigkeit sie besitzen, und<\/li>\n\n\n\n<li>Eine g\u00fcltige U.S. Green Card oder ein gleichwertiger Nachweis des Status.<\/li>\n<\/ul>\n<\/li>\n<\/ul>\n\n<hr class=\"wp-block-separator has-alpha-channel-opacity\"\/>\n\n<h3 class=\"wp-block-heading\"><strong>Reiseszenarien und Dokumentationsanforderungen<\/strong><\/h3>\n\n<figure class=\"wp-block-table\"><table class=\"has-fixed-layout\"><thead><tr><th><strong>Wie Sie nach Kanada reisen<\/strong><\/th><th><strong>Erforderliche(s) Dokument(e)<\/strong><\/th><\/tr><\/thead><tbody><tr><td>Sie fliegen zu einem kanadischen Flughafen oder befinden sich im Transit und haben Anspruch auf eine eTA<\/td><td>eTA oder Besuchervisum<\/td><\/tr><tr><td>Sie fliegen zu einem kanadischen Flughafen oder befinden sich im Transit und sind NICHT f\u00fcr eine eTA berechtigt.<\/td><td>Besuchervisum<\/td><\/tr><tr><td>Anreise mit dem Auto, Bus, Zug oder Schiff (einschlie\u00dflich Kreuzfahrtschiffen)<\/td><td>Besuchervisum<\/td><\/tr><tr><td>Einreise nach Kanada mit einem g\u00fcltigen kanadischen Visum<\/td><td>Keine eTA erforderlich &#8211; nutzen Sie das Visum<\/td><\/tr><tr><td>Zur\u00fcckfliegen nach Kanada nach der Verl\u00e4ngerung Ihrer Arbeits- oder Studienerlaubnis<\/td><td>eTA wird mit der Verl\u00e4ngerung der Genehmigung bereitgestellt<\/td><\/tr><tr><td>Einreise nach Kanada zum Arbeiten oder Studieren f\u00fcr mehr als 6 Monate<\/td><td>Arbeits- oder Studienerlaubnis (beinhaltet ein Visum)<\/td><\/tr><\/tbody><\/table><\/figure>\n\n<hr class=\"wp-block-separator has-alpha-channel-opacity\"\/>\n\n<h3 class=\"wp-block-heading\"><strong>Wichtige \u00dcberlegungen<\/strong><\/h3>\n\n<ul class=\"wp-block-list\">\n<li><strong>Grundlegende Anforderungen<\/strong>: Um nach Kanada einzureisen, m\u00fcssen Sie die allgemeinen Einreisekriterien erf\u00fcllen. Dazu geh\u00f6ren g\u00fcltige Reisedokumente, ein guter Gesundheitszustand, finanzielle Unterst\u00fctzung und eine starke Bindung zu Ihrem Heimatland.<\/li>\n\n\n\n<li><strong>Unzul\u00e4ssigkeit<\/strong>: Personen, die in kriminelle Aktivit\u00e4ten, Sicherheitsbedrohungen oder bestimmte gesundheitliche und finanzielle Probleme verwickelt sind, k\u00f6nnen auch mit einer g\u00fcltigen eTA als unzul\u00e4ssig f\u00fcr Kanada angesehen werden.<\/li>\n<\/ul>\n\n<p>Die eTA wurde entwickelt, um Flugreisen nach Kanada f\u00fcr berechtigte Personen zu vereinfachen. Lesen Sie die Anforderungen sorgf\u00e4ltig durch und stellen Sie den Antrag rechtzeitig vor Ihrer geplanten Reise. <\/p>\n","protected":false},"excerpt":{"rendered":"<p>Wer kann eine elektronische Reisegenehmigung (eTA) beantragen? Die elektronische Reisegenehmigung (eTA) ist eine Voraussetzung f\u00fcr bestimmte Personen, die mit dem [&hellip;]<\/p>\n","protected":false},"author":1,"featured_media":0,"parent":0,"menu_order":0,"comment_status":"closed","ping_status":"closed","template":"","meta":{"_uag_custom_page_level_css":"","site-sidebar-layout":"default","site-content-layout":"","ast-site-content-layout":"","site-content-style":"default","site-sidebar-style":"default","ast-global-header-display":"","ast-banner-title-visibility":"","ast-main-header-display":"","ast-hfb-above-header-display":"","ast-hfb-below-header-display":"","ast-hfb-mobile-header-display":"","site-post-title":"","ast-breadcrumbs-content":"","ast-featured-img":"","footer-sml-layout":"","theme-transparent-header-meta":"","adv-header-id-meta":"","stick-header-meta":"","header-above-stick-meta":"","header-main-stick-meta":"","header-below-stick-meta":"","astra-migrate-meta-layouts":"default","ast-page-background-enabled":"default","ast-page-background-meta":{"desktop":{"background-color":"var(--ast-global-color-4)","background-image":"","background-repeat":"repeat","background-position":"center center","background-size":"auto","background-attachment":"scroll","background-type":"","background-media":"","overlay-type":"","overlay-color":"","overlay-opacity":"","overlay-gradient":""},"tablet":{"background-color":"","background-image":"","background-repeat":"repeat","background-position":"center center","background-size":"auto","background-attachment":"scroll","background-type":"","background-media":"","overlay-type":"","overlay-color":"","overlay-opacity":"","overlay-gradient":""},"mobile":{"background-color":"","background-image":"","background-repeat":"repeat","background-position":"center center","background-size":"auto","background-attachment":"scroll","background-type":"","background-media":"","overlay-type":"","overlay-color":"","overlay-opacity":"","overlay-gradient":""}},"ast-content-background-meta":{"desktop":{"background-color":"var(--ast-global-color-5)","background-image":"","background-repeat":"repeat","background-position":"center center","background-size":"auto","background-attachment":"scroll","background-type":"","background-media":"","overlay-type":"","overlay-color":"","overlay-opacity":"","overlay-gradient":""},"tablet":{"background-color":"var(--ast-global-color-5)","background-image":"","background-repeat":"repeat","background-position":"center center","background-size":"auto","background-attachment":"scroll","background-type":"","background-media":"","overlay-type":"","overlay-color":"","overlay-opacity":"","overlay-gradient":""},"mobile":{"background-color":"var(--ast-global-color-5)","background-image":"","background-repeat":"repeat","background-position":"center center","background-size":"auto","background-attachment":"scroll","background-type":"","background-media":"","overlay-type":"","overlay-color":"","overlay-opacity":"","overlay-gradient":""}},"footnotes":""},"categories":[],"tags":[],"class_list":["post-164","page","type-page","status-publish","hentry"],"uagb_featured_image_src":{"full":false,"thumbnail":false,"medium":false,"medium_large":false,"large":false,"1536x1536":false,"2048x2048":false},"uagb_author_info":{"display_name":"admin","author_link":"https:\/\/www.etafast.org\/de\/author\/admin\/"},"uagb_comment_info":0,"uagb_excerpt":"Wer kann eine elektronische Reisegenehmigung (eTA) beantragen? Die elektronische Reisegenehmigung (eTA) ist eine Voraussetzung f\u00fcr bestimmte Personen, die mit dem [&hellip;]","_links":{"self":[{"href":"https:\/\/www.etafast.org\/de\/wp-json\/wp\/v2\/pages\/164","targetHints":{"allow":["GET"]}}],"collection":[{"href":"https:\/\/www.etafast.org\/de\/wp-json\/wp\/v2\/pages"}],"about":[{"href":"https:\/\/www.etafast.org\/de\/wp-json\/wp\/v2\/types\/page"}],"author":[{"embeddable":true,"href":"https:\/\/www.etafast.org\/de\/wp-json\/wp\/v2\/users\/1"}],"replies":[{"embeddable":true,"href":"https:\/\/www.etafast.org\/de\/wp-json\/wp\/v2\/comments?post=164"}],"version-history":[{"count":1,"href":"https:\/\/www.etafast.org\/de\/wp-json\/wp\/v2\/pages\/164\/revisions"}],"predecessor-version":[{"id":165,"href":"https:\/\/www.etafast.org\/de\/wp-json\/wp\/v2\/pages\/164\/revisions\/165"}],"wp:attachment":[{"href":"https:\/\/www.etafast.org\/de\/wp-json\/wp\/v2\/media?parent=164"}],"wp:term":[{"taxonomy":"category","embeddable":true,"href":"https:\/\/www.etafast.org\/de\/wp-json\/wp\/v2\/categories?post=164"},{"taxonomy":"post_tag","embeddable":true,"href":"https:\/\/www.etafast.org\/de\/wp-json\/wp\/v2\/tags?post=164"}],"curies":[{"name":"wp","href":"https:\/\/api.w.org\/{rel}","templated":true}]}}