{"id":159,"date":"2024-12-11T08:24:00","date_gmt":"2024-12-11T07:24:00","guid":{"rendered":"https:\/\/www.etafast.org\/ueber-den-prozess\/"},"modified":"2024-12-11T08:24:43","modified_gmt":"2024-12-11T07:24:43","slug":"ueber-den-prozess","status":"publish","type":"page","link":"https:\/\/www.etafast.org\/de\/ueber-den-prozess\/","title":{"rendered":"\u00dcber den Prozess"},"content":{"rendered":"\n<h3 class=\"wp-block-heading\">\u00dcber den Prozess der elektronischen Reisegenehmigung (eTA)<\/h3>\n\n<p>Die elektronische Reisegenehmigung (eTA) ist eine Einreisevoraussetzung f\u00fcr ausl\u00e4ndische Staatsangeh\u00f6rige, die von der Visumpflicht befreit sind und auf dem Luftweg nach Kanada reisen oder durch Kanada reisen. Es handelt sich um ein schnelles und unkompliziertes Online-Verfahren, das die Sicherheit an den Grenzen erh\u00f6hen und gleichzeitig eine reibungslose Reise f\u00fcr berechtigte Personen gew\u00e4hrleisten soll.<\/p>\n\n<h4 class=\"wp-block-heading\">Was ist eine eTA?<\/h4>\n\n<p>Eine eTA ist eine elektronisch verkn\u00fcpfte Reisegenehmigung, die mit Ihrem Reisepass verbunden ist. Er ist bis zu f\u00fcnf Jahre g\u00fcltig oder bis Ihr Reisepass abl\u00e4uft, je nachdem, was zuerst eintritt. Mit der eTA k\u00f6nnen Sie Kanada f\u00fcr kurze Aufenthalte (in der Regel bis zu sechs Monate) zu touristischen, gesch\u00e4ftlichen oder Transitzwecken besuchen.<\/p>\n\n<h4 class=\"wp-block-heading\">Wissenswertes \u00fcber das eTA-Verfahren:<\/h4>\n\n<ol class=\"wp-block-list\">\n<li><strong>Einfacher Online-Antrag<\/strong>:<br\/>Der eTA-Antrag wird vollst\u00e4ndig online gestellt. Es gibt keine Notwendigkeit f\u00fcr Papierkram oder pers\u00f6nliche Besuche, was es zu einer bequemen Option f\u00fcr Reisende macht.<\/li>\n\n\n\n<li><strong>Erschwingliche Geb\u00fchr<\/strong>:<br\/>Die Beantragung einer eTA kostet nur CAN$7. Diese Geb\u00fchr wird w\u00e4hrend des Bewerbungsverfahrens online bezahlt.<\/li>\n\n\n\n<li><strong>Schnelle Bearbeitung<\/strong>:<br\/>Die meisten eTA-Antr\u00e4ge werden innerhalb von Minuten genehmigt. Einige Antr\u00e4ge k\u00f6nnen jedoch l\u00e4nger dauern, wenn zus\u00e4tzliche Dokumente erforderlich sind. In solchen F\u00e4llen erhalten die Antragsteller innerhalb von 72 Stunden Anweisungen per E-Mail.<\/li>\n\n\n\n<li><strong>Voraussetzungen f\u00fcr die Teilnahme<\/strong>:\n<ul class=\"wp-block-list\">\n<li>Von der Visumspflicht befreite ausl\u00e4ndische Staatsangeh\u00f6rige, die nach Kanada fliegen oder durch Kanada reisen, ben\u00f6tigen eine eTA.<\/li>\n\n\n\n<li>Bestimmte Reisende aus L\u00e4ndern, die ein Visum ben\u00f6tigen, k\u00f6nnen sich ebenfalls f\u00fcr eine eTA qualifizieren, wenn sie bestimmte Kriterien erf\u00fcllen, z. B. ein g\u00fcltiges US-Nichteinwanderungsvisum besitzen oder in den letzten 10 Jahren ein kanadisches Besuchervisum besessen haben.<\/li>\n\n\n\n<li>Reisende, die mit dem Auto, Bus, Zug oder Schiff, einschlie\u00dflich Kreuzfahrtschiffen, anreisen, ben\u00f6tigen ein Besuchervisum anstelle eines eTAs.<\/li>\n<\/ul>\n<\/li>\n\n\n\n<li><strong>Reisebeschr\u00e4nkungen<\/strong>:\n<ul class=\"wp-block-list\">\n<li>Eine eTA berechtigt Sie nicht zum Arbeiten oder Studieren in Kanada. Wenn Sie arbeiten oder studieren m\u00f6chten, m\u00fcssen Sie die entsprechenden Genehmigungen beantragen.<\/li>\n\n\n\n<li>Eine eTA ist keine Garantie f\u00fcr die Einreise nach Kanada. Die Grenzbeamten werden Ihre Berechtigung bei Ihrer Ankunft pr\u00fcfen.<\/li>\n<\/ul>\n<\/li>\n\n\n\n<li><strong>G\u00fcltigkeit<\/strong>:<br\/>Nach der Genehmigung wird eine eTA mit Ihrem Reisepass verkn\u00fcpft und bleibt f\u00fcr mehrere Einreisen g\u00fcltig, vorausgesetzt, Ihr Reisepass ist weiterhin g\u00fcltig. Reisen Sie immer mit demselben Reisepass, den Sie f\u00fcr Ihren eTA-Antrag verwendet haben.<\/li>\n<\/ol>\n\n<h4 class=\"wp-block-heading\">Sch\u00fctzen Sie sich vor Betrug<\/h4>\n\n<p>H\u00fcten Sie sich vor betr\u00fcgerischen Websites oder Personen, die garantierte Einreise-, Arbeits- oder Studienm\u00f6glichkeiten in Kanada versprechen. Bewerben Sie sich nur \u00fcber die offizielle Website der kanadischen Regierung und vermeiden Sie die Weitergabe pers\u00f6nlicher Daten an ungepr\u00fcfte Quellen. Falsche Angaben oder Betrug k\u00f6nnen schwerwiegende rechtliche Folgen haben.<\/p>\n\n<h4 class=\"wp-block-heading\">Bevor Sie sich bewerben<\/h4>\n\n<ul class=\"wp-block-list\">\n<li>Stellen Sie sicher, dass Sie einen g\u00fcltigen Reisepass, eine Kredit- oder Debitkarte und eine E-Mail-Adresse haben.<\/li>\n\n\n\n<li>Lesen Sie das Hilfedokument zur Anwendung, das in mehreren Sprachen verf\u00fcgbar ist.<\/li>\n\n\n\n<li>Beantragen Sie eine eTA <strong>, bevor<\/strong> Sie Ihren Flug buchen, um Verz\u00f6gerungen zu vermeiden.<\/li>\n<\/ul>\n\n<p>Die Beantragung einer eTA ist ein wichtiger Schritt f\u00fcr berechtigte Reisende, die eine Reise nach Kanada planen. Wenn Sie den Prozess verstehen und Ihren Antrag sorgf\u00e4ltig vorbereiten, k\u00f6nnen Sie eine reibungslose und problemlose Reise gew\u00e4hrleisten.<\/p>\n","protected":false},"excerpt":{"rendered":"<p>\u00dcber den Prozess der elektronischen Reisegenehmigung (eTA) Die elektronische Reisegenehmigung (eTA) ist eine Einreisevoraussetzung f\u00fcr ausl\u00e4ndische Staatsangeh\u00f6rige, die von der [&hellip;]<\/p>\n","protected":false},"author":1,"featured_media":0,"parent":0,"menu_order":0,"comment_status":"closed","ping_status":"closed","template":"","meta":{"_uag_custom_page_level_css":"","site-sidebar-layout":"default","site-content-layout":"","ast-site-content-layout":"","site-content-style":"default","site-sidebar-style":"default","ast-global-header-display":"","ast-banner-title-visibility":"","ast-main-header-display":"","ast-hfb-above-header-display":"","ast-hfb-below-header-display":"","ast-hfb-mobile-header-display":"","site-post-title":"","ast-breadcrumbs-content":"","ast-featured-img":"","footer-sml-layout":"","theme-transparent-header-meta":"","adv-header-id-meta":"","stick-header-meta":"","header-above-stick-meta":"","header-main-stick-meta":"","header-below-stick-meta":"","astra-migrate-meta-layouts":"default","ast-page-background-enabled":"default","ast-page-background-meta":{"desktop":{"background-color":"var(--ast-global-color-4)","background-image":"","background-repeat":"repeat","background-position":"center center","background-size":"auto","background-attachment":"scroll","background-type":"","background-media":"","overlay-type":"","overlay-color":"","overlay-opacity":"","overlay-gradient":""},"tablet":{"background-color":"","background-image":"","background-repeat":"repeat","background-position":"center center","background-size":"auto","background-attachment":"scroll","background-type":"","background-media":"","overlay-type":"","overlay-color":"","overlay-opacity":"","overlay-gradient":""},"mobile":{"background-color":"","background-image":"","background-repeat":"repeat","background-position":"center center","background-size":"auto","background-attachment":"scroll","background-type":"","background-media":"","overlay-type":"","overlay-color":"","overlay-opacity":"","overlay-gradient":""}},"ast-content-background-meta":{"desktop":{"background-color":"var(--ast-global-color-5)","background-image":"","background-repeat":"repeat","background-position":"center center","background-size":"auto","background-attachment":"scroll","background-type":"","background-media":"","overlay-type":"","overlay-color":"","overlay-opacity":"","overlay-gradient":""},"tablet":{"background-color":"var(--ast-global-color-5)","background-image":"","background-repeat":"repeat","background-position":"center center","background-size":"auto","background-attachment":"scroll","background-type":"","background-media":"","overlay-type":"","overlay-color":"","overlay-opacity":"","overlay-gradient":""},"mobile":{"background-color":"var(--ast-global-color-5)","background-image":"","background-repeat":"repeat","background-position":"center center","background-size":"auto","background-attachment":"scroll","background-type":"","background-media":"","overlay-type":"","overlay-color":"","overlay-opacity":"","overlay-gradient":""}},"footnotes":""},"categories":[],"tags":[],"class_list":["post-159","page","type-page","status-publish","hentry"],"uagb_featured_image_src":{"full":false,"thumbnail":false,"medium":false,"medium_large":false,"large":false,"1536x1536":false,"2048x2048":false},"uagb_author_info":{"display_name":"admin","author_link":"https:\/\/www.etafast.org\/de\/author\/admin\/"},"uagb_comment_info":0,"uagb_excerpt":"\u00dcber den Prozess der elektronischen Reisegenehmigung (eTA) Die elektronische Reisegenehmigung (eTA) ist eine Einreisevoraussetzung f\u00fcr ausl\u00e4ndische Staatsangeh\u00f6rige, die von der [&hellip;]","_links":{"self":[{"href":"https:\/\/www.etafast.org\/de\/wp-json\/wp\/v2\/pages\/159","targetHints":{"allow":["GET"]}}],"collection":[{"href":"https:\/\/www.etafast.org\/de\/wp-json\/wp\/v2\/pages"}],"about":[{"href":"https:\/\/www.etafast.org\/de\/wp-json\/wp\/v2\/types\/page"}],"author":[{"embeddable":true,"href":"https:\/\/www.etafast.org\/de\/wp-json\/wp\/v2\/users\/1"}],"replies":[{"embeddable":true,"href":"https:\/\/www.etafast.org\/de\/wp-json\/wp\/v2\/comments?post=159"}],"version-history":[{"count":1,"href":"https:\/\/www.etafast.org\/de\/wp-json\/wp\/v2\/pages\/159\/revisions"}],"predecessor-version":[{"id":160,"href":"https:\/\/www.etafast.org\/de\/wp-json\/wp\/v2\/pages\/159\/revisions\/160"}],"wp:attachment":[{"href":"https:\/\/www.etafast.org\/de\/wp-json\/wp\/v2\/media?parent=159"}],"wp:term":[{"taxonomy":"category","embeddable":true,"href":"https:\/\/www.etafast.org\/de\/wp-json\/wp\/v2\/categories?post=159"},{"taxonomy":"post_tag","embeddable":true,"href":"https:\/\/www.etafast.org\/de\/wp-json\/wp\/v2\/tags?post=159"}],"curies":[{"name":"wp","href":"https:\/\/api.w.org\/{rel}","templated":true}]}}