{"id":993,"date":"2024-12-11T08:30:38","date_gmt":"2024-12-11T07:30:38","guid":{"rendered":"https:\/\/www.etafast.org\/transit-gennem-canada\/"},"modified":"2024-12-11T09:08:00","modified_gmt":"2024-12-11T08:08:00","slug":"transit-gennem-canada","status":"publish","type":"page","link":"https:\/\/www.etafast.org\/da\/transit-gennem-canada\/","title":{"rendered":"Transit gennem Canada"},"content":{"rendered":"\n<p>Hvis du rejser til et andet land og skal i transit gennem Canada, afh\u00e6nger dokumentkravene af flere faktorer, herunder din rejsem\u00e5de, opholdets varighed, nationalitet og immigrationsstatus. Nedenfor er en omfattende guide, der hj\u00e6lper dig med at finde ud af, hvad du har brug for til en problemfri transit gennem Canada. <\/p>\n\n<hr class=\"wp-block-separator has-alpha-channel-opacity\"\/>\n\n<h3 class=\"wp-block-heading\"><strong>Faktorer, der bestemmer dine transitbehov<\/strong><\/h3>\n\n<ol class=\"wp-block-list\">\n<li><strong>Rejseform<\/strong>:\n<ul class=\"wp-block-list\">\n<li>Med fly (internationale flyforbindelser via canadiske lufthavne).<\/li>\n\n\n\n<li>Med bil, bus, tog eller b\u00e5d (inklusive krydstogtskibe).<\/li>\n<\/ul>\n<\/li>\n\n\n\n<li><strong>Varighed af transit<\/strong>:\n<ul class=\"wp-block-list\">\n<li>Mindre end 48 timer.<\/li>\n\n\n\n<li>Mere end 48 timer.<\/li>\n<\/ul>\n<\/li>\n\n\n\n<li><strong>Nationalitet og immigrationsstatus<\/strong>:\n<ul class=\"wp-block-list\">\n<li>Dit pasland.<\/li>\n\n\n\n<li>Uanset om du er amerikansk statsborger, har lovlig permanent opholdstilladelse i USA eller har et gyldigt amerikansk visum.<\/li>\n<\/ul>\n<\/li>\n<\/ol>\n\n<hr class=\"wp-block-separator has-alpha-channel-opacity\"\/>\n\n<h3 class=\"wp-block-heading\"><strong>Dokumentmuligheder for transit gennem Canada<\/strong><\/h3>\n\n<h4 class=\"wp-block-heading\"><strong>1. Bes\u00f8gsvisum<\/strong><\/h4>\n\n<p>Du har brug for et <strong>bes\u00f8gsvisum<\/strong>, hvis:<\/p>\n\n<ul class=\"wp-block-list\">\n<li>Du er fra et <strong>visumpligtigt land<\/strong> og planl\u00e6gger at:\n<ul class=\"wp-block-list\">\n<li>Bes\u00f8g Canada, selv om det er i mindre end 48 timer.<\/li>\n\n\n\n<li>Ophold i Canada i <strong>mere end 48 timer<\/strong> under transit.<\/li>\n<\/ul>\n<\/li>\n\n\n\n<li>Du rejser med <strong>bus, bil, tog, b\u00e5d eller krydstogtskib<\/strong> fra et visumpligtigt land.<\/li>\n<\/ul>\n\n<p><\/p>\n\n<hr class=\"wp-block-separator has-alpha-channel-opacity\"\/>\n\n<h4 class=\"wp-block-heading\"><strong>2. Transitvisum<\/strong><\/h4>\n\n<p>Du har brug for et <strong>transitvisum<\/strong>, hvis:<\/p>\n\n<ul class=\"wp-block-list\">\n<li>Du er fra et <strong>visumpligtigt land<\/strong> og:\n<ul class=\"wp-block-list\">\n<li>Dit internationale fly stopper i en canadisk lufthavn p\u00e5 vej til en anden destination.<\/li>\n\n\n\n<li>Du skifter mellem to internationale flyvninger i en eller flere canadiske lufthavne.<\/li>\n\n\n\n<li>Din transit varer <strong>48 timer eller mindre<\/strong>.<\/li>\n\n\n\n<li>Du har ikke et gyldigt bes\u00f8gsvisum.<\/li>\n\n\n\n<li>Du er ikke berettiget til en eTA.<\/li>\n<\/ul>\n<\/li>\n<\/ul>\n\n<p><\/p>\n\n<hr class=\"wp-block-separator has-alpha-channel-opacity\"\/>\n\n<h4 class=\"wp-block-heading\"><strong>3. Elektronisk rejsetilladelse (eTA)<\/strong><\/h4>\n\n<p>Du har brug for en <strong>eTA<\/strong>, hvis:<\/p>\n\n<ul class=\"wp-block-list\">\n<li>Du er fra <strong>et land, hvor eTA er p\u00e5kr\u00e6vet<\/strong>, og:\n<ul class=\"wp-block-list\">\n<li>Rejser gennem Canada med fly.<\/li>\n\n\n\n<li>Din transit er en del af en international flyforbindelse.<\/li>\n<\/ul>\n<\/li>\n<\/ul>\n\n<p><strong>Undtagelser<\/strong>:<\/p>\n\n<ul class=\"wp-block-list\">\n<li>Du beh\u00f8ver ikke en eTA, hvis du rejser med tog, bus, b\u00e5d eller krydstogtskib, men du skal have gyldige rejsedokumenter.<\/li>\n<\/ul>\n\n<p><\/p>\n\n<hr class=\"wp-block-separator has-alpha-channel-opacity\"\/>\n\n<h4 class=\"wp-block-heading\"><strong>4. Transit uden visum<\/strong><\/h4>\n\n<ul class=\"wp-block-list\">\n<li>Amerikanske <strong>statsborgere og lovlige fastboende<\/strong>:<br>Amerikanske statsborgere og indehavere af et amerikansk Green Card kan rejse gennem Canada uden visum med fly, bil, bus, tog eller b\u00e5d. S\u00f8rg for at have det med: \n<ul class=\"wp-block-list\">\n<li>Et gyldigt pas eller rejsedokument.<\/li>\n\n\n\n<li>Et gyldigt U.S. Green Card (for lovlige permanente beboere).<\/li>\n<\/ul>\n<\/li>\n\n\n\n<li><strong>Pasindehavere fra bestemte lande<\/strong>:<br\/>Borgere fra <strong>Kina, Indonesien, Filippinerne, Thailand<\/strong> eller <strong>Taiwan<\/strong> (uden personligt identifikationsnummer) kan rejse uden visum, hvis de opfylder visse betingelser.<\/li>\n<\/ul>\n\n<p><\/p>\n\n<hr class=\"wp-block-separator has-alpha-channel-opacity\"\/>\n\n<h3 class=\"wp-block-heading\"><strong>Dokumenter, du skal have med<\/strong><\/h3>\n\n<p>N\u00e5r du rejser gennem Canada, skal du altid have f\u00f8lgende dokumenter klar:<\/p>\n\n<ul class=\"wp-block-list\">\n<li>Et gyldigt pas eller rejsedokument til hele rejsen.<\/li>\n\n\n\n<li>Et gyldigt visum, transitvisum eller eTA (hvis relevant).<\/li>\n\n\n\n<li>For fastboende i USA: Et gyldigt Green Card eller tilsvarende bevis p\u00e5 status.<\/li>\n\n\n\n<li>Bevis for videre rejse, f.eks. flybilletter eller rejseplan.<\/li>\n<\/ul>\n\n<hr class=\"wp-block-separator has-alpha-channel-opacity\"\/>\n\n<h3 class=\"wp-block-heading\"><strong>Vigtige bem\u00e6rkninger<\/strong><\/h3>\n\n<ul class=\"wp-block-list\">\n<li><strong>Varighed af transit<\/strong>: Hvis din transit varer mere end 48 timer, skal du have et bes\u00f8gsvisum.<\/li>\n\n\n\n<li><strong>Indrejseform<\/strong>: eTA er p\u00e5kr\u00e6vet for flyrejser, men ikke for rejser til lands eller til vands.<\/li>\n\n\n\n<li><strong>Ans\u00f8g p\u00e5 forh\u00e5nd<\/strong>: Ans\u00f8g om de n\u00f8dvendige dokumenter i god tid f\u00f8r din rejsedato for at undg\u00e5 forsinkelser.<\/li>\n<\/ul>\n\n<p>Ved at sikre, at du har den korrekte dokumentation, kan du rejse problemfrit gennem Canada og fokusere p\u00e5 at n\u00e5 frem til din endelige destination.<\/p>\n","protected":false},"excerpt":{"rendered":"<p>Hvis du rejser til et andet land og skal i transit gennem Canada, afh\u00e6nger dokumentkravene af flere faktorer, herunder din [&hellip;]<\/p>\n","protected":false},"author":1,"featured_media":0,"parent":0,"menu_order":0,"comment_status":"closed","ping_status":"closed","template":"","meta":{"_uag_custom_page_level_css":"","site-sidebar-layout":"default","site-content-layout":"","ast-site-content-layout":"","site-content-style":"default","site-sidebar-style":"default","ast-global-header-display":"","ast-banner-title-visibility":"","ast-main-header-display":"","ast-hfb-above-header-display":"","ast-hfb-below-header-display":"","ast-hfb-mobile-header-display":"","site-post-title":"","ast-breadcrumbs-content":"","ast-featured-img":"","footer-sml-layout":"","theme-transparent-header-meta":"","adv-header-id-meta":"","stick-header-meta":"","header-above-stick-meta":"","header-main-stick-meta":"","header-below-stick-meta":"","astra-migrate-meta-layouts":"default","ast-page-background-enabled":"default","ast-page-background-meta":{"desktop":{"background-color":"var(--ast-global-color-4)","background-image":"","background-repeat":"repeat","background-position":"center center","background-size":"auto","background-attachment":"scroll","background-type":"","background-media":"","overlay-type":"","overlay-color":"","overlay-opacity":"","overlay-gradient":""},"tablet":{"background-color":"","background-image":"","background-repeat":"repeat","background-position":"center center","background-size":"auto","background-attachment":"scroll","background-type":"","background-media":"","overlay-type":"","overlay-color":"","overlay-opacity":"","overlay-gradient":""},"mobile":{"background-color":"","background-image":"","background-repeat":"repeat","background-position":"center center","background-size":"auto","background-attachment":"scroll","background-type":"","background-media":"","overlay-type":"","overlay-color":"","overlay-opacity":"","overlay-gradient":""}},"ast-content-background-meta":{"desktop":{"background-color":"var(--ast-global-color-5)","background-image":"","background-repeat":"repeat","background-position":"center center","background-size":"auto","background-attachment":"scroll","background-type":"","background-media":"","overlay-type":"","overlay-color":"","overlay-opacity":"","overlay-gradient":""},"tablet":{"background-color":"var(--ast-global-color-5)","background-image":"","background-repeat":"repeat","background-position":"center center","background-size":"auto","background-attachment":"scroll","background-type":"","background-media":"","overlay-type":"","overlay-color":"","overlay-opacity":"","overlay-gradient":""},"mobile":{"background-color":"var(--ast-global-color-5)","background-image":"","background-repeat":"repeat","background-position":"center center","background-size":"auto","background-attachment":"scroll","background-type":"","background-media":"","overlay-type":"","overlay-color":"","overlay-opacity":"","overlay-gradient":""}},"footnotes":""},"categories":[],"tags":[],"class_list":["post-993","page","type-page","status-publish","hentry"],"uagb_featured_image_src":{"full":false,"thumbnail":false,"medium":false,"medium_large":false,"large":false,"1536x1536":false,"2048x2048":false},"uagb_author_info":{"display_name":"admin","author_link":"https:\/\/www.etafast.org\/da\/author\/admin\/"},"uagb_comment_info":0,"uagb_excerpt":"Hvis du rejser til et andet land og skal i transit gennem Canada, afh\u00e6nger dokumentkravene af flere faktorer, herunder din [&hellip;]","_links":{"self":[{"href":"https:\/\/www.etafast.org\/da\/wp-json\/wp\/v2\/pages\/993","targetHints":{"allow":["GET"]}}],"collection":[{"href":"https:\/\/www.etafast.org\/da\/wp-json\/wp\/v2\/pages"}],"about":[{"href":"https:\/\/www.etafast.org\/da\/wp-json\/wp\/v2\/types\/page"}],"author":[{"embeddable":true,"href":"https:\/\/www.etafast.org\/da\/wp-json\/wp\/v2\/users\/1"}],"replies":[{"embeddable":true,"href":"https:\/\/www.etafast.org\/da\/wp-json\/wp\/v2\/comments?post=993"}],"version-history":[{"count":1,"href":"https:\/\/www.etafast.org\/da\/wp-json\/wp\/v2\/pages\/993\/revisions"}],"predecessor-version":[{"id":994,"href":"https:\/\/www.etafast.org\/da\/wp-json\/wp\/v2\/pages\/993\/revisions\/994"}],"wp:attachment":[{"href":"https:\/\/www.etafast.org\/da\/wp-json\/wp\/v2\/media?parent=993"}],"wp:term":[{"taxonomy":"category","embeddable":true,"href":"https:\/\/www.etafast.org\/da\/wp-json\/wp\/v2\/categories?post=993"},{"taxonomy":"post_tag","embeddable":true,"href":"https:\/\/www.etafast.org\/da\/wp-json\/wp\/v2\/tags?post=993"}],"curies":[{"name":"wp","href":"https:\/\/api.w.org\/{rel}","templated":true}]}}