{"id":401,"date":"2024-12-02T16:09:31","date_gmt":"2024-12-02T15:09:31","guid":{"rendered":"https:\/\/www.etafast.org\/vilkaar-for-brug\/"},"modified":"2024-12-11T09:02:58","modified_gmt":"2024-12-11T08:02:58","slug":"vilkaar-for-brug","status":"publish","type":"page","link":"https:\/\/www.etafast.org\/da\/vilkaar-for-brug\/","title":{"rendered":"Vilk\u00e5r for brug"},"content":{"rendered":"<h3 id=\"-vod\" class=\"scroll-mt-6\">1. INDLEDNING<\/h3> \n<p> 1.1 Hjemmesiden <span style=\"font-family: Overpass, -apple-system, BlinkMacSystemFont, Segoe UI, Roboto, Oxygen-Sans, Ubuntu, Cantarell, Helvetica Neue, sans-serif; font-size: 15px; font-style: normal; font-variant-ligatures: normal; font-variant-caps: normal; font-weight: 400;\"><span id=\"vol&quot;hjemmeside&quot;\"><\/span> <script>\n      \n        const decodedString&quot;hjemmeside&quot; = String.fromCharCode();\n        document.getElementById(\"vol&quot;hjemmeside&quot;\").textContent = decodedString&quot;hjemmeside&quot;;\n    <\/script><\/span> (herefter ben\u00e6vnt &quot;Hjemmesiden&quot;) drives af virksomheden <span id=\"vol&quot;firmanavn&quot;\"><\/span> <script>\n      \n        const decodedString&quot;firmanavn&quot; = String.fromCharCode();\n        document.getElementById(\"vol&quot;firmanavn&quot;\").textContent = decodedString&quot;firmanavn&quot;;\n    <\/script> med registreret adresse p\u00e5 <span style=\"font-family: Overpass, -apple-system, BlinkMacSystemFont, Segoe UI, Roboto, Oxygen-Sans, Ubuntu, Cantarell, Helvetica Neue, sans-serif;font-size: 15px; font-style: normal; font-variant-ligatures: normal; font-variant-caps: normal; font-weight: 400;\"><span id=\"vol&quot;companyadr&quot;\"><\/span> <script>\n      \n        const decodedString&quot;companyadr&quot; = String.fromCharCode();\n        document.getElementById(\"vol&quot;companyadr&quot;\").textContent = decodedString&quot;companyadr&quot;;\n    <\/script><\/span> (herefter ben\u00e6vnt &quot;Virksomheden&quot;).<\/p> \n<p><br \/> 1.2 Virksomheden tilbyder sine kunder en service til formidling af betaling af gebyrer for brug af europ\u00e6iske vejnetv\u00e6rk med betalingsanmodninger (herefter ben\u00e6vnt &quot;Tjenesten&quot;).<\/p> \n<p><br \/> 1.3 Disse generelle vilk\u00e5r og betingelser for hjemmesiden (herefter ben\u00e6vnt &quot;GTC&quot;) regulerer de kontraherende parters gensidige rettigheder og forpligtelser, der opst\u00e5r i forbindelse med eller p\u00e5 grundlag af kontrakten om levering af tjenester (herefter ben\u00e6vnt &quot;Kontrakten&quot;), der er indg\u00e5et via hjemmesiden.<\/p> \n<p><br \/> 1.4 En kunde er enhver bes\u00f8gende p\u00e5 hjemmesiden, uanset om vedkommende handler som forbruger eller som virksomhed (herefter ben\u00e6vnt &quot;kunden&quot;).<br \/> 1.5 En forbruger er en person, der ved indg\u00e5else og opfyldelse af Aftalen ikke handler inden for rammerne af sin kommercielle eller anden forretningsaktivitet (herefter ben\u00e6vnt &quot;Forbrugeren&quot;).<\/p> \n<p><br \/> 1.6 Virksomheden betaler gebyret for brug af vejafgiftsbelagte europ\u00e6iske vejnet p\u00e5 vegne af Kunden direkte til operat\u00f8ren af f\u00f8lgende websteder i det givne land<\/p> \n<p><br \/> 1.7 Kunden anerkender, at Tjenestens genstand ikke er salg af elektroniske vignetter eller tildeling af rettigheder til at bruge landveje. Virksomheden er ikke forretningspartner med nogen offentlig myndighed, der opkr\u00e6ver gebyrer for brug af landveje.<\/p> \n<p><br \/> 1.8 Bestemmelser, der fraviger disse generelle vilk\u00e5r og betingelser, kan aftales i en skriftlig kontrakt. Afvigende bestemmelser i kontrakten har forrang for bestemmelserne i disse generelle vilk\u00e5r og betingelser.<\/p> \n<p><br \/> 1.9 Bestemmelserne i disse generelle vilk\u00e5r og betingelser er en integreret del af den kontrakt, der indg\u00e5s via hjemmesiden. Kontrakten og vilk\u00e5r og betingelser er udarbejdet p\u00e5 tjekkisk.<\/p> \n<p><br \/> 1.10 Selskabet kan \u00e6ndre eller justere teksten i de generelle vilk\u00e5r og betingelser. Denne bestemmelse p\u00e5virker ikke de rettigheder og forpligtelser, der opst\u00e5r i gyldighedsperioden for den tidligere version af de generelle vilk\u00e5r og betingelser.<\/p> \n<p><br \/> 1.11 Ved at tilg\u00e5 et af webstederne bekr\u00e6fter kunden, at vedkommende har l\u00e6st ordlyden af disse generelle vilk\u00e5r og betingelser og forpligter sig til at overholde dem.<\/p> \n<p><\/p> \n<h3 id=\"-uzaven-smlouvy\" class=\"scroll-mt-6\"> 2. KONTRAKTINDG\u00c5ELSE<\/h3> \n<p> 2.1 For at bestille Tjenesten skal Kunden f\u00f8lge f\u00f8lgende trin:<br \/> (a) v\u00e6lger den type k\u00f8ret\u00f8j, han \u00f8nsker at bruge p\u00e5 betalingsveje;<br \/> <span style=\"font-family: Overpass, -apple-system, BlinkMacSystemFont, Segoe UI, Roboto, Oxygen-Sans, Ubuntu, Cantarell, Helvetica Neue, sans-serif; font-size: 15px; font-style: normal; font-variant-ligatures: normal; font-variant-caps: normal; font-weight: 400; letter-spacing: 0px;\">(b) klikker p\u00e5 knappen &quot;K\u00f8b&quot; eller &quot;Bestil&quot; (afh\u00e6ngigt af den aktuelle version og overs\u00e6ttelsen af siden)<br \/><\/span> <span style=\"letter-spacing: 0px;\">(c) v\u00e6lger den periode, hvor han\/hun \u00f8nsker at rejse p\u00e5 betalingsveje;<br \/><\/span> <span style=\"font-family: Overpass, -apple-system, BlinkMacSystemFont, Segoe UI, Roboto, Oxygen-Sans, Ubuntu, Cantarell, Helvetica Neue, sans-serif; font-size: 15px; font-style: normal; font-variant-ligatures: normal; font-variant-caps: normal; font-weight: 400;\">(d) v\u00e6lger registreringslandet for sin nummerplade og nummerpladens nummerplade<br \/><\/span> <span style=\"letter-spacing: 0px;\">(e) alternativt, afh\u00e6ngigt af typen af service, v\u00e6lg og udfyld yderligere oplysninger, der er n\u00f8dvendige for at fuldf\u00f8re ordren (k\u00f8ret\u00f8jets stelnummer, drevtype)<br \/><\/span> <span style=\"letter-spacing: 0px;\">(f) bekr\u00e6fte de indtastede data og bekr\u00e6fte deres accept af disse vilk\u00e5r og betingelser ved at klikke p\u00e5 knappen &quot;Jeg accepterer de generelle vilk\u00e5r og betingelser&quot;;<\/span><\/p> \n<p> <span style=\"letter-spacing: 0px;\">(herefter samlet ben\u00e6vnt &quot;Ordren&quot;).<\/span><\/p> \n<p> 2.2 F\u00f8r ordren afsendes, har kunden ret til at kontrollere og \u00e6ndre de data, der er indtastet i ordren, herunder med hensyn til kundens mulighed for at opdage og rette fejl, der er opst\u00e5et ved indtastning af data i ordren. Oplysningerne i ordren anses for korrekte af virksomheden. Ordrens gyldighed er betinget af udfyldelse af alle obligatoriske oplysninger i ordreformularen og kundens bekr\u00e6ftelse af, at han har l\u00e6st disse generelle vilk\u00e5r og betingelser.<br \/><br \/> 2.3 Kundens ordre afgivet via hjemmesiden er et bindende tilbud om at indg\u00e5 en kontrakt med virksomheden. Efter Kundens betaling bekr\u00e6fter Virksomheden modtagelsen af betalingen elektronisk via e-mail med teksten &quot;Ordre modtaget&quot;. Kunden accepterer og accepterer, at denne e-mail ikke betyder, at ordren er gennemf\u00f8rt.<\/p> \n<p> 2.4. Efter verifikation af dataene af Virksomheden leveres tjenesten til Kunden inden for rimelig tid, forudsat at dataene er korrekte. Hvis de data, som Kunden har angivet, er forkerte, sendes en anmodning om rettelse af dataene elektronisk til Kunden, s\u00e5 Ordren kan gennemf\u00f8res. Virksomheden er ikke ansvarlig for skader, som Kunden p\u00e5drager sig, i den periode, hvor Kunden ikke reagerer p\u00e5 Virksomhedens anmodninger, der er n\u00f8dvendige for at fuldf\u00f8re Ordren.<\/p> \n<p> 2.5 <span style=\"letter-spacing: 0px;\">Kontrakten er indg\u00e5et ved levering af ordrebekr\u00e6ftelsen til kundens elektroniske adresse. Kunden informeres tydeligt om, at tjenesten kun er aktiv i \u00f8jeblikket.<\/span><\/p> \n<p> 2.5 Alle ordrer accepteret af Virksomheden er bindende.<\/p> \n<p><br \/> 2.6 Kunden accepterer brugen af fjernkommunikationsmidler ved indg\u00e5else af Kontrakten. Kunden afholder de omkostninger, som Kunden afholder ved brug af fjernkommunikationsmidler i forbindelse med indg\u00e5else af Kontrakten (internetforbindelsesomkostninger).<\/p> \n<p><br \/> 2.7 Kontrakten er det juridiske grundlag, hvorp\u00e5 Virksomheden handler p\u00e5 Kundens vegne.<\/p> \n<p><br \/> 2.8 Kunden accepterer, at Virksomheden ikke er ansvarlig for eventuelle forkert udfyldte data p\u00e5 Virksomhedens hjemmeside, og p\u00e5tager sig det fulde ansvar for eventuelle meromkostninger, der m\u00e5tte opst\u00e5 som f\u00f8lge heraf.<\/p> \n<p><br \/> 2.8.1 Kunden accepterer, at de registreringsoplysninger, der er angivet i validerings-e-mailen, er gyldige, herunder k\u00f8ret\u00f8jets registreringsland, nummerplade og udl\u00f8bsdato. Kunden accepterer den endelige tekstlige og visuelle kontrol af dataene og accepterer, at Virksomheden ikke er ansvarlig for skader som f\u00f8lge af ukorrekte data, der er blevet udfyldt eller \u00e6ndret direkte af Kunden p\u00e5 noget tidspunkt i forbindelse med ordren eller af Virksomheden p\u00e5 Kundens initiativ (p\u00e5 hjemmesiden, telefonisk, e-mail eller via enhver anden digital kommunikationsform).<\/p> \n<p> 2.9 <span style=\"font-family: Overpass, -apple-system, BlinkMacSystemFont, Segoe UI, Roboto, Oxygen-Sans, Ubuntu, Cantarell, Helvetica Neue, sans-serif; font-size: 15px; font-style: normal; font-variant-ligatures: normal; font-variant-caps: normal; font-weight: 400; letter-spacing: 0px;\">Virksomheden er ansvarlig for at sende kommunikation elektronisk fra Virksomhedens server.<\/span><\/p> \n<p> 2.10. Kunden er bekendt med alle kravene til e-mailkommunikation og vil s\u00f8rge for alt, hvad der er n\u00f8dvendigt for at modtage e-mail eller andre former for kommunikation. Han\/hun accepterer, at i tilf\u00e6lde af manglende levering af en e-mail p\u00e5 grund af et problem hos Kunden (e-mail markeret som spam, e-mail ikke leveret p\u00e5 grund af en softwarefejl hos Kunden), er Virksomheden ikke ansvarlig for for\u00e5rsagede skader eller yderligere omkostninger i tilf\u00e6lde, som Virksomheden ikke kan p\u00e5virke <span style=\"font-family: Overpass, -apple-system, BlinkMacSystemFont, Segoe UI, Roboto, Oxygen-Sans, Ubuntu, Cantarell, Helvetica Neue, sans-serif; font-size: 15px; font-style: normal; font-variant-ligatures: normal; font-variant-caps: normal; font-weight: 400;\">(kundens internetforbindelse fungerer ikke, roaming deaktiveret osv.).<\/span> \n<p> 2.11. Alternative kommunikationsmetoder (SMS, Whatsapp, push-notifikationer og andre) er underlagt de samme betingelser som e-mailkommunikation. Kunden p\u00e5tager sig ansvaret for manglende levering af oplysninger i denne form i tilf\u00e6lde uden for Virksomhedens kontrol (kundens internetforbindelse fungerer ikke, roaming er sl\u00e5et fra osv.).<\/p> \n<p> 2.12. I tilf\u00e6lde af at Virksomheden ikke er i stand til at levere tjenesten til Kunden (Tjenesten er allerede aktiv, det er ikke muligt at k\u00f8be den), vil Kunden f\u00e5 refunderet det betalte bel\u00f8b fuldt ud og uden forsinkelse.<\/p> \n<p> 2.13. Kunden accepterer, at i tilf\u00e6lde af modtagelse af en anmodning i forbindelse med den bestilte tjeneste, vil disse oplysninger blive videresendt til Virksomheden straks, dog senest 2 dage efter modtagelsen af anmodningen. I tilf\u00e6lde af manglende overholdelse af denne frist accepterer Kunden ikke at kr\u00e6ve nogen kompensation fra Virksomheden.<\/p> \n<h3><\/h3> \n<h3 id=\"-cena-sluby-a-platebn-podmnky\" class=\"scroll-mt-6\"> 3. SERVICEPRIS OG BETALINGSBETINGELSER<\/h3> \n<p> 3.1 Hjemmesiden indeholder oplysninger om prisen p\u00e5 Tjenesten og prisen p\u00e5 gebyret for brug af betalingsveje. Priserne er angivet inklusive moms (hvis relevant). Priserne er gyldige, s\u00e5 l\u00e6nge de vises p\u00e5 hjemmesiden. Denne bestemmelse begr\u00e6nser ikke Selskabets mulighed for at indg\u00e5 Kontrakten p\u00e5 individuelt forhandlede vilk\u00e5r.<br \/><br \/> 3.2 Kunden kan betale prisen for Tjenesten og gebyret for brug af betalingsveje til Virksomheden p\u00e5 f\u00f8lgende m\u00e5der:<br \/> (a) ved bankoverf\u00f8rsel til selskabets konto;<br \/> (b) kontantl\u00f8s betaling med betalingskort via en betalingsportal;<br \/> (c) kontantl\u00f8s via Paypal.<br \/> (d) kontantl\u00f8s via Stripe.<br \/><br \/> 3.3 I tilf\u00e6lde af kontantl\u00f8s betaling er Kundens forpligtelse til at betale prisen opfyldt i det \u00f8jeblik, hvor det relevante bel\u00f8b (summen af prisen for Tjenesten og gebyret for brug af slovakiske eller \u00f8strigske betalingsveje) krediteres Virksomhedens konto. Hvis Kunden ikke betaler prisen korrekt og rettidigt, oph\u00f8rer Kontrakten, medmindre Virksomheden meddeler Kunden andet.<br \/><br \/> 3.4 I tilf\u00e6lde af at der foreligger en \u00e5benlys teknisk fejl fra Virksomhedens side ved angivelse af priser p\u00e5 Hjemmesiden eller under bestilling, er Virksomheden ikke forpligtet til at levere Tjenesten til denne \u00e5benlyst forkerte pris.<\/p> \n<h3><\/h3> \n<h3 id=\"-dodn-sluby\" class=\"scroll-mt-6\"> 4. LEVERING AF TJENESTE<\/h3> \n<p> 4.1 Tjenesten leveres til Kunden p\u00e5 en s\u00e5dan m\u00e5de, at efter betaling af prisen for Tjenesten og gebyret for brug af betalingsveje sendes en bekr\u00e6ftelse p\u00e5 betaling af gebyret for brug af den valgte tjeneste i det givne land til Kundens elektroniske adresse. Bekr\u00e6ftelse vil komme i form af e-mail, alternativt via andre kommunikationsmidler, og angiver tydeligt, at kunden har tjenesten aktiv. Kunden accepterer, at andre e-mails IKKE udg\u00f8r aktivering af tjenesten.<\/p> \n<p> 4.2 Kunden er forpligtet til at informere sig om den aktuelle gyldighedsperiode for vignetter p\u00e5 destinationen.\n#Kunden accepterer, at tjenesten (medmindre andet er angivet) ikke d\u00e6kker gebyret for s\u00e6rlige str\u00e6kninger, der er synligt markeret som ekstra opkr\u00e6vet. Vejledende liste over motorvejsstr\u00e6kninger, der skal betales yderligere p\u00e5 stedet: Autobahn 9 Pyhrn inklusive Bosruck og Gleinalm-tunnelen, A 10 Tauern Autobahn inklusive Tauern og Katschberg-tunnelen, Autobahn 11 Karawanken, Brenner Autobahn 13 inklusive Europabr\u00fccke, S 16-vejen Arlberge inklusiv Sch Arnellstra\u00df Arlberg tunnel\n<\/p> \n<h3><\/h3> \n<h3 id=\"-prvo-spotebitele-odstoupit-od-smlouvy\" class=\"scroll-mt-6\"> 5. FORBRUGERENS RET TIL AT FORTRYDE KONTRAKTEN<\/h3> \n<p> 5.1 I henhold til europ\u00e6isk lov har forbrugeren normalt ret til at fortryde aftalen inden for 14 dage efter k\u00f8bet af tjenesten. I betragtning af Tjenestens art og umiddelbare gyldighed accepterer Kunden ved at afgive ordren udtrykkeligt, at fortrydelsesfristen vil blive forkortet med hensyn til Tjenestens umiddelbare effektivitet, dog kun indtil ordrebehandlingens start (n\u00e5r tjenesten allerede er leveret til Kunden). Fra dette \u00f8jeblik leveres tjenesten til Kunden, og det er ikke muligt at fortryde k\u00f8bet. Den n\u00f8jagtige dato og tidspunkt for modtagelse af anmodningen om fortrydelse af Virksomheden (ikke Kunden sender den) via e-mail (alternativt ved at kontakte kundesupport) er afg\u00f8rende for muligheden for at fortryde tjenesten, men senest 1 time f\u00f8r behandlingens start. I tilf\u00e6lde af tvister kan den n\u00f8jagtige dato og tidspunkt for behandlingen sendes til kunden efter anmodning, alternativt kan disse oplysninger findes tydeligt p\u00e5 siden med oplysninger om deres ordre.<\/p> \n<p> 5.2. Med hensyn til umuligheden af at refundere aktiverede tjenester fra tredjeparter, accepterer Forbrugeren udtrykkeligt umuligheden af at tr\u00e6kke sig ud af Kontrakten, n\u00e5r tjenesten allerede er leveret til ham af Virksomheden.<\/p> \n<p> 5.3. Afbestillingsgebyr - Forbrugeren accepterer et afbestillingsgebyr p\u00e5 40% af det betalte bel\u00f8b. Dette gebyr bruges til at d\u00e6kke omkostninger forbundet med bankgebyrer, valutaveksling og tidsomkostninger forbundet med ordrebehandling. Gebyret kan kun frafaldes fuldt ud i ekstraordin\u00e6re og p\u00e5viselige tilf\u00e6lde (alvorlig sygdom, manglende evne til at rejse p\u00e5 grund af force majeure), og det er op til Virksomheden at beslutte, om det skal frafaldes. Medmindre andet er angivet, betales afbestillingsgebyret via SEPA-betaling til den konto (IBAN + SWIFT), som kunden har indtastet p\u00e5 ordreh\u00e5ndteringssiden, inden for 14-31 dage.<\/p> \n<p> 5.3.1 Afbestillingsgebyr - Duplikatordre - Forbrugeren accepterer, at afbestillingsgebyret ikke g\u00e6lder i tilf\u00e6lde, hvor vedkommende efter at have afgivet en ordre hos Virksomheden bestiller en duplikattjeneste fra en anden udbyder, hvilket forhindrer muligheden for at levere tjenesten. I et s\u00e5dant tilf\u00e6lde vil Forbrugeren blive kontaktet med muligheden for at \u00e6ndre gyldighedsdatoen eller bruge tjenesten til et andet k\u00f8ret\u00f8j. Forbrugeren accepterer udtrykkeligt, at det ikke er muligt at annullere ordren p\u00e5 grund af den l\u00e6ngere tid, det tager at behandle en s\u00e5dan ordre.<\/p> \n<p><\/p> \n<h3 id=\"-prva-z-vadnho-plnn-a-zruka-za-jakost\" class=\"scroll-mt-6\"> 6. RETTIGHEDER VED MANGLER I YDELSE OG KVALITETSGARANTI<\/h3> \n<p> 6.1 De kontraherende parters rettigheder og forpligtelser vedr\u00f8rende rettigheder, der f\u00f8lger af mangelfuld levering, er reguleret af de relevante generelt bindende lovbestemmelser.<\/p> \n<p><br \/> 6.2 I tilf\u00e6lde af mangler eller uregelm\u00e6ssigheder i leveringen af Tjenesten er Kunden forpligtet til straks at underrette Virksomheden om de konstaterede mangler i Tjenesten, is\u00e6r via e-mail. Kontaktoplysninger findes p\u00e5 hjemmesiden.<\/p> \n<p><br \/> 6.3 Virksomheden er forpligtet til at udstede en skriftlig bekr\u00e6ftelse til Kunden p\u00e5, hvorn\u00e5r Kunden har ud\u00f8vet retten til en mangelfuld ydelse, som indeholder indholdet af reklamationen; samt bekr\u00e6ftelse af dato og metode til behandling af klagen.<\/p> \n<p><br \/> 6.4 Virksomheden er forpligtet til at informere Kunden om, at klagen er blevet l\u00f8st, og hvordan, til Kundens elektroniske adresse.<\/p> \n<p><br \/> 6.5 Hvis manglen kan afhj\u00e6lpes, kan Kunden kr\u00e6ve enten reparation eller f\u00e6rdigg\u00f8relse af det manglende eller en rimelig rabat i prisen. Hvis manglen ikke kan afhj\u00e6lpes, kan Kunden enten tr\u00e6de tilbage fra Kontrakten eller kr\u00e6ve en rimelig rabat i prisen.<\/p> \n<p><br \/> 6.6 Forbrugerens reklamation, herunder afhj\u00e6lpning af manglen, vil blive behandlet uden un\u00f8dig forsinkelse, senest 30 dage fra datoen for modtagelsen af reklamationen. Efter udl\u00f8bet af denne periode har forbrugeren de samme rettigheder, som hvis der var tale om en v\u00e6sentlig misligholdelse af kontrakten.<\/p> \n<p><br \/> 6.7 Selskabet er ikke ansvarlig for tab, personskade eller materielle skader, hverken direkte eller indirekte, for\u00e5rsaget af en mangel i Tjenesten, medmindre et s\u00e5dant tab, en s\u00e5dan personskade eller materielle skader er for\u00e5rsaget af Selskabets uagtsomhed, undladelse eller fors\u00e6t.<\/p> \n<h3><\/h3> \n<h3 id=\"-dal-prva-a-povinnosti-smluvnch-stran\" class=\"scroll-mt-6\"> 7. ANDRE RETTIGHEDER OG FORPLIGTELSER FOR DE KONTRAHERENDE PARTER<\/h3> \n<p> 7.1 Virksomheden er berettiget til at tr\u00e6de tilbage fra Kontrakten p\u00e5 grund af manglende evne til at betale gebyret for brug af europ\u00e6iske betalingsveje. Virksomheden skal straks informere Kunden om dette via Kundens elektroniske adresse og skal returnere alle midler modtaget fra Kunden i henhold til Kontrakten inden for 14 dage efter meddelelsen om tilbagetr\u00e6kning fra Kontrakten, p\u00e5 en m\u00e5de, der er tilfredsstillende for begge parter (efter forudg\u00e5ende aftale), eller p\u00e5 en m\u00e5de, der er specificeret af Kunden.<\/p> \n<p><br \/> 7.2 Virksomheden h\u00e5ndterer kundeklager via den elektroniske adresse <!-- No shortcodes are defined -->. Virksomheden vil sende information om h\u00e5ndteringen af Kundens klage til Kundens elektroniske adresse.<\/p> \n<p><br \/> 7.3 Hvis Kunden er en forbruger, er den tjekkiske handelsinspektion, ID-nummer 00020869, med registreret adresse p\u00e5 \u0160t\u011bp\u00e1nsk\u00e1 567\/15, 120 00 Prag 2 \u2013 Nov\u00e9 M\u011bsto, internetadresse: <a href=\"https:\/\/adr.coi.cz\/cs\">https:\/\/adr.coi.cz\/cs<\/a> , ansvarlig for udenretslig l\u00f8sning af forbrugertvister, der udspringer af Kontrakten. Derudover har forbrugeren ret til at bruge den online platform til tvistbil\u00e6ggelse, der er placeret p\u00e5 internetadressen <a href=\"http:\/\/ec.europa.eu\/consumers\/odr.%EF%BF%BC7.4\">http:\/\/ec.europa.eu\/consumers\/odr.<\/a><\/p> \n<p><br \/> <a>7.4<\/a> Forbrugerkontaktpunkt i henhold til Europa-Parlamentets og R\u00e5dets forordning (EU) nr. 2014\/111. 524\/2013 af 21. maj 2013 om online tvistbil\u00e6ggelse for forbrugere og om \u00e6ndring af forordning (EF) nr. 2006\/2004 og direktiv 2009\/22\/EF (forordning om online tvistbil\u00e6ggelse i forbindelse med forbrugertvister) er Det Europ\u00e6iske Forbrugercenter Tjekkiet med registreret adresse p\u00e5 \u0160t\u011bp\u00e1nsk\u00e1 567\/15, 120 00 Prag 2 \u2013 Nov\u00e9 M\u011bsto, internetadresse: <a href=\"http:\/\/www.evropskyspotrebitel.cz\/\">http:\/\/www.evropskyspotrebitel.cz<\/a> .<\/p> \n<h3><\/h3> \n<h3 id=\"-doruovn\" class=\"scroll-mt-6\"> 8. LEVERING<\/h3> \n<p> 8.1 Medmindre andet er angivet, kan alle meddelelser rettet til Kunden ske i form af en elektronisk besked adresseret til Kundens elektroniske adresse.<\/p> \n<h3 id=\"-zvren-ustanoven\" class=\"scroll-mt-6\"> 9. SLUTBESTEMMELSER<\/h3> \n<p> 9.1 Hvis det forhold, der er etableret ved kontrakten, indeholder et internationalt (udenlandsk) element, er de kontraherende parter enige om, at forholdet er underlagt tjekkisk lov. Dette p\u00e5virker ikke forbrugerens rettigheder, der f\u00f8lger af generelt bindende lovbestemmelser.<\/p> \n<p><br \/> 9.2 Hvis en bestemmelse i de generelle vilk\u00e5r og betingelser er ugyldig eller ineffektiv, eller bliver det, skal den ugyldige bestemmelse erstattes af en bestemmelse, hvis betydning kommer s\u00e5 t\u00e6t som muligt p\u00e5 den ugyldige bestemmelse. Ugyldigheden eller mangelen p\u00e5 virkning af en bestemmelse p\u00e5virker ikke gyldigheden af de andre bestemmelser.<\/p> \n<p><br \/> 9.3 K\u00f8bsaftalen arkiveres af Selskabet i elektronisk form og er ikke tilg\u00e6ngelig for tredjeparter.<\/p> \n<p><br \/> 9.4 Et bilag til disse generelle vilk\u00e5r og betingelser er en eksempelformular til forbrugerens fortrydelsesret.<\/p> \n<p><br \/> 9.5 Disse generelle vilk\u00e5r og betingelser tr\u00e6der i kraft den 9. november 2023<\/p> \n\n","protected":false},"excerpt":{"rendered":"","protected":false},"author":1,"featured_media":0,"parent":0,"menu_order":0,"comment_status":"closed","ping_status":"closed","template":"","meta":{"_uag_custom_page_level_css":"","site-sidebar-layout":"default","site-content-layout":"","ast-site-content-layout":"","site-content-style":"default","site-sidebar-style":"default","ast-global-header-display":"","ast-banner-title-visibility":"","ast-main-header-display":"","ast-hfb-above-header-display":"","ast-hfb-below-header-display":"","ast-hfb-mobile-header-display":"","site-post-title":"","ast-breadcrumbs-content":"","ast-featured-img":"","footer-sml-layout":"","theme-transparent-header-meta":"","adv-header-id-meta":"","stick-header-meta":"","header-above-stick-meta":"","header-main-stick-meta":"","header-below-stick-meta":"","astra-migrate-meta-layouts":"default","ast-page-background-enabled":"default","ast-page-background-meta":{"desktop":{"background-color":"var(--ast-global-color-4)","background-image":"","background-repeat":"repeat","background-position":"center center","background-size":"auto","background-attachment":"scroll","background-type":"","background-media":"","overlay-type":"","overlay-color":"","overlay-opacity":"","overlay-gradient":""},"tablet":{"background-color":"","background-image":"","background-repeat":"repeat","background-position":"center center","background-size":"auto","background-attachment":"scroll","background-type":"","background-media":"","overlay-type":"","overlay-color":"","overlay-opacity":"","overlay-gradient":""},"mobile":{"background-color":"","background-image":"","background-repeat":"repeat","background-position":"center center","background-size":"auto","background-attachment":"scroll","background-type":"","background-media":"","overlay-type":"","overlay-color":"","overlay-opacity":"","overlay-gradient":""}},"ast-content-background-meta":{"desktop":{"background-color":"var(--ast-global-color-5)","background-image":"","background-repeat":"repeat","background-position":"center center","background-size":"auto","background-attachment":"scroll","background-type":"","background-media":"","overlay-type":"","overlay-color":"","overlay-opacity":"","overlay-gradient":""},"tablet":{"background-color":"var(--ast-global-color-5)","background-image":"","background-repeat":"repeat","background-position":"center center","background-size":"auto","background-attachment":"scroll","background-type":"","background-media":"","overlay-type":"","overlay-color":"","overlay-opacity":"","overlay-gradient":""},"mobile":{"background-color":"var(--ast-global-color-5)","background-image":"","background-repeat":"repeat","background-position":"center center","background-size":"auto","background-attachment":"scroll","background-type":"","background-media":"","overlay-type":"","overlay-color":"","overlay-opacity":"","overlay-gradient":""}},"footnotes":""},"categories":[],"tags":[],"class_list":["post-401","page","type-page","status-publish","hentry"],"uagb_featured_image_src":{"full":false,"thumbnail":false,"medium":false,"medium_large":false,"large":false,"1536x1536":false,"2048x2048":false},"uagb_author_info":{"display_name":"admin","author_link":"https:\/\/www.etafast.org\/da\/author\/admin\/"},"uagb_comment_info":0,"uagb_excerpt":null,"_links":{"self":[{"href":"https:\/\/www.etafast.org\/da\/wp-json\/wp\/v2\/pages\/401","targetHints":{"allow":["GET"]}}],"collection":[{"href":"https:\/\/www.etafast.org\/da\/wp-json\/wp\/v2\/pages"}],"about":[{"href":"https:\/\/www.etafast.org\/da\/wp-json\/wp\/v2\/types\/page"}],"author":[{"embeddable":true,"href":"https:\/\/www.etafast.org\/da\/wp-json\/wp\/v2\/users\/1"}],"replies":[{"embeddable":true,"href":"https:\/\/www.etafast.org\/da\/wp-json\/wp\/v2\/comments?post=401"}],"version-history":[{"count":1,"href":"https:\/\/www.etafast.org\/da\/wp-json\/wp\/v2\/pages\/401\/revisions"}],"predecessor-version":[{"id":402,"href":"https:\/\/www.etafast.org\/da\/wp-json\/wp\/v2\/pages\/401\/revisions\/402"}],"wp:attachment":[{"href":"https:\/\/www.etafast.org\/da\/wp-json\/wp\/v2\/media?parent=401"}],"wp:term":[{"taxonomy":"category","embeddable":true,"href":"https:\/\/www.etafast.org\/da\/wp-json\/wp\/v2\/categories?post=401"},{"taxonomy":"post_tag","embeddable":true,"href":"https:\/\/www.etafast.org\/da\/wp-json\/wp\/v2\/tags?post=401"}],"curies":[{"name":"wp","href":"https:\/\/api.w.org\/{rel}","templated":true}]}}