{"id":329,"date":"2024-12-11T08:24:00","date_gmt":"2024-12-11T07:24:00","guid":{"rendered":"https:\/\/www.etafast.org\/om-processen\/"},"modified":"2024-12-11T09:02:31","modified_gmt":"2024-12-11T08:02:31","slug":"om-processen","status":"publish","type":"page","link":"https:\/\/www.etafast.org\/da\/om-processen\/","title":{"rendered":"Om processen"},"content":{"rendered":"\n<h3 class=\"wp-block-heading\">Om processen for elektronisk rejsetilladelse (eTA)<\/h3>\n\n<p>Den elektroniske rejsetilladelse (eTA) er et indrejsekrav for visumfri udl\u00e6ndinge, der rejser til eller er i transit gennem Canada med fly. Det er en hurtig og ukompliceret onlineproces, der er designet til at forbedre gr\u00e6nsesikkerheden og samtidig sikre en problemfri rejse for berettigede personer. <\/p>\n\n<h4 class=\"wp-block-heading\">Hvad er en eTA?<\/h4>\n\n<p>En eTA er en elektronisk forbundet rejsetilladelse, der er knyttet til dit pas. Den er gyldig i op til fem \u00e5r, eller indtil dit pas udl\u00f8ber, alt efter hvad der kommer f\u00f8rst. eTA&#8217;en giver dig mulighed for at bes\u00f8ge Canada i korte ophold (typisk op til seks m\u00e5neder) i forbindelse med turisme, forretning eller transit.  <\/p>\n\n<h4 class=\"wp-block-heading\">Vigtige ting at vide om eTA-processen:<\/h4>\n\n<ol class=\"wp-block-list\">\n<li><strong>Enkel online-ans\u00f8gning<\/strong>:<br\/>eTA-ans\u00f8gningsprocessen foreg\u00e5r udelukkende online. Der er ikke behov for papirarbejde eller personlige bes\u00f8g, hvilket g\u00f8r det til en praktisk mulighed for rejsende. <\/li>\n\n\n\n<li><strong>Rimeligt gebyr<\/strong>:<br\/>Det koster kun CAN$7 at ans\u00f8ge om en eTA. Dette gebyr betales online under ans\u00f8gningsprocessen. <\/li>\n\n\n\n<li><strong>Hurtig behandling<\/strong>:<br\/>De fleste eTA-ans\u00f8gninger godkendes inden for f\u00e5 minutter. Nogle ans\u00f8gninger kan dog tage l\u00e6ngere tid, hvis der kr\u00e6ves yderligere dokumenter. I s\u00e5danne tilf\u00e6lde vil ans\u00f8gere modtage instruktioner via e-mail inden for 72 timer.  <\/li>\n\n\n\n<li><strong>Krav til st\u00f8tteberettigelse<\/strong>:\n<ul class=\"wp-block-list\">\n<li>Visumfri udl\u00e6ndinge, der flyver til eller transiterer gennem Canada, skal have en eTA.<\/li>\n\n\n\n<li>Visse rejsende fra visumpligtige lande kan ogs\u00e5 kvalificere sig til en eTA, hvis de opfylder specifikke kriterier, s\u00e5som at have et gyldigt amerikansk nonimmigrantvisum eller have haft et canadisk bes\u00f8gsvisum inden for de sidste 10 \u00e5r.<\/li>\n\n\n\n<li>Rejsende, der ankommer i bil, bus, tog eller b\u00e5d, herunder krydstogtskibe, skal have et bes\u00f8gsvisum i stedet for en eTA.<\/li>\n<\/ul>\n<\/li>\n\n\n\n<li><strong>Rejsebegr\u00e6nsninger<\/strong>:\n<ul class=\"wp-block-list\">\n<li>En eTA giver dig ikke ret til at arbejde eller studere i Canada. Hvis du planl\u00e6gger at arbejde eller studere, skal du ans\u00f8ge om de relevante tilladelser. <\/li>\n\n\n\n<li>En eTA garanterer ikke indrejse i Canada. Gr\u00e6nsemyndighederne vil vurdere din berettigelse ved ankomsten. <\/li>\n<\/ul>\n<\/li>\n\n\n\n<li><strong>Gyldighed<\/strong>:<br\/>N\u00e5r en eTA er godkendt, er den knyttet til dit pas og forbliver gyldig til flere indrejser, forudsat at dit pas er gyldigt. Rejs altid med det samme pas, som du brugte til din eTA-ans\u00f8gning. <\/li>\n<\/ol>\n\n<h4 class=\"wp-block-heading\">Beskyt dig selv mod svindel<\/h4>\n\n<p>Pas p\u00e5 falske hjemmesider eller personer, der lover garanteret indrejse, arbejde eller studiemuligheder i Canada. Ans\u00f8g kun via den canadiske regerings officielle hjemmeside, og undg\u00e5 at dele personlige oplysninger med ubekr\u00e6ftede kilder. Fejlagtig fremstilling eller svindel kan have alvorlige juridiske konsekvenser.  <\/p>\n\n<h4 class=\"wp-block-heading\">F\u00f8r du ans\u00f8ger<\/h4>\n\n<ul class=\"wp-block-list\">\n<li>S\u00f8rg for, at du har et gyldigt pas, et kredit- eller betalingskort og en e-mailadresse.<\/li>\n\n\n\n<li>L\u00e6s programmets hj\u00e6lpedokument, der findes p\u00e5 flere sprog, for at f\u00e5 vejledning.<\/li>\n\n\n\n<li>Ans\u00f8g om en eTA, <strong>f\u00f8r<\/strong> du booker dit fly, s\u00e5 du undg\u00e5r forsinkelser.<\/li>\n<\/ul>\n\n<p>At ans\u00f8ge om en eTA er et vigtigt skridt for kvalificerede rejsende, der planl\u00e6gger at bes\u00f8ge Canada. Ved at forst\u00e5 processen og forberede din ans\u00f8gning omhyggeligt kan du sikre en problemfri rejse. <\/p>\n","protected":false},"excerpt":{"rendered":"<p>Om processen for elektronisk rejsetilladelse (eTA) Den elektroniske rejsetilladelse (eTA) er et indrejsekrav for visumfri udl\u00e6ndinge, der rejser til eller [&hellip;]<\/p>\n","protected":false},"author":1,"featured_media":0,"parent":0,"menu_order":0,"comment_status":"closed","ping_status":"closed","template":"","meta":{"_uag_custom_page_level_css":"","site-sidebar-layout":"default","site-content-layout":"","ast-site-content-layout":"","site-content-style":"default","site-sidebar-style":"default","ast-global-header-display":"","ast-banner-title-visibility":"","ast-main-header-display":"","ast-hfb-above-header-display":"","ast-hfb-below-header-display":"","ast-hfb-mobile-header-display":"","site-post-title":"","ast-breadcrumbs-content":"","ast-featured-img":"","footer-sml-layout":"","theme-transparent-header-meta":"","adv-header-id-meta":"","stick-header-meta":"","header-above-stick-meta":"","header-main-stick-meta":"","header-below-stick-meta":"","astra-migrate-meta-layouts":"default","ast-page-background-enabled":"default","ast-page-background-meta":{"desktop":{"background-color":"var(--ast-global-color-4)","background-image":"","background-repeat":"repeat","background-position":"center center","background-size":"auto","background-attachment":"scroll","background-type":"","background-media":"","overlay-type":"","overlay-color":"","overlay-opacity":"","overlay-gradient":""},"tablet":{"background-color":"","background-image":"","background-repeat":"repeat","background-position":"center center","background-size":"auto","background-attachment":"scroll","background-type":"","background-media":"","overlay-type":"","overlay-color":"","overlay-opacity":"","overlay-gradient":""},"mobile":{"background-color":"","background-image":"","background-repeat":"repeat","background-position":"center center","background-size":"auto","background-attachment":"scroll","background-type":"","background-media":"","overlay-type":"","overlay-color":"","overlay-opacity":"","overlay-gradient":""}},"ast-content-background-meta":{"desktop":{"background-color":"var(--ast-global-color-5)","background-image":"","background-repeat":"repeat","background-position":"center center","background-size":"auto","background-attachment":"scroll","background-type":"","background-media":"","overlay-type":"","overlay-color":"","overlay-opacity":"","overlay-gradient":""},"tablet":{"background-color":"var(--ast-global-color-5)","background-image":"","background-repeat":"repeat","background-position":"center center","background-size":"auto","background-attachment":"scroll","background-type":"","background-media":"","overlay-type":"","overlay-color":"","overlay-opacity":"","overlay-gradient":""},"mobile":{"background-color":"var(--ast-global-color-5)","background-image":"","background-repeat":"repeat","background-position":"center center","background-size":"auto","background-attachment":"scroll","background-type":"","background-media":"","overlay-type":"","overlay-color":"","overlay-opacity":"","overlay-gradient":""}},"footnotes":""},"categories":[],"tags":[],"class_list":["post-329","page","type-page","status-publish","hentry"],"uagb_featured_image_src":{"full":false,"thumbnail":false,"medium":false,"medium_large":false,"large":false,"1536x1536":false,"2048x2048":false},"uagb_author_info":{"display_name":"admin","author_link":"https:\/\/www.etafast.org\/da\/author\/admin\/"},"uagb_comment_info":0,"uagb_excerpt":"Om processen for elektronisk rejsetilladelse (eTA) Den elektroniske rejsetilladelse (eTA) er et indrejsekrav for visumfri udl\u00e6ndinge, der rejser til eller [&hellip;]","_links":{"self":[{"href":"https:\/\/www.etafast.org\/da\/wp-json\/wp\/v2\/pages\/329","targetHints":{"allow":["GET"]}}],"collection":[{"href":"https:\/\/www.etafast.org\/da\/wp-json\/wp\/v2\/pages"}],"about":[{"href":"https:\/\/www.etafast.org\/da\/wp-json\/wp\/v2\/types\/page"}],"author":[{"embeddable":true,"href":"https:\/\/www.etafast.org\/da\/wp-json\/wp\/v2\/users\/1"}],"replies":[{"embeddable":true,"href":"https:\/\/www.etafast.org\/da\/wp-json\/wp\/v2\/comments?post=329"}],"version-history":[{"count":1,"href":"https:\/\/www.etafast.org\/da\/wp-json\/wp\/v2\/pages\/329\/revisions"}],"predecessor-version":[{"id":330,"href":"https:\/\/www.etafast.org\/da\/wp-json\/wp\/v2\/pages\/329\/revisions\/330"}],"wp:attachment":[{"href":"https:\/\/www.etafast.org\/da\/wp-json\/wp\/v2\/media?parent=329"}],"wp:term":[{"taxonomy":"category","embeddable":true,"href":"https:\/\/www.etafast.org\/da\/wp-json\/wp\/v2\/categories?post=329"},{"taxonomy":"post_tag","embeddable":true,"href":"https:\/\/www.etafast.org\/da\/wp-json\/wp\/v2\/tags?post=329"}],"curies":[{"name":"wp","href":"https:\/\/api.w.org\/{rel}","templated":true}]}}