{"id":1571,"date":"2024-12-11T08:24:51","date_gmt":"2024-12-11T07:24:51","guid":{"rendered":"https:\/\/www.etafast.org\/hvem-kan-ansoege\/"},"modified":"2024-12-11T09:16:47","modified_gmt":"2024-12-11T08:16:47","slug":"hvem-kan-ansoege","status":"publish","type":"page","link":"https:\/\/www.etafast.org\/da\/hvem-kan-ansoege\/","title":{"rendered":"Hvem kan ans\u00f8ge"},"content":{"rendered":"\n<h3 class=\"wp-block-heading\">Hvem kan ans\u00f8ge om en elektronisk rejsetilladelse (eTA)?<\/h3>\n\n<p>Den elektroniske rejsetilladelse (eTA) er et rejsekrav for visse personer, der rejser til eller er i transit gennem Canada med fly. Her er en detaljeret oversigt over, hvem der er berettiget til at ans\u00f8ge: <\/p>\n\n<h4 class=\"wp-block-heading\"><strong>Kriterier for berettigelse til en eTA<\/strong><\/h4>\n\n<p>Du kan ans\u00f8ge om en eTA, hvis du opfylder <strong>alle tre af f\u00f8lgende krav:<\/strong><\/p>\n\n<ol class=\"wp-block-list\">\n<li><strong>Tidligere rejsehistorie<\/strong>:<ul><li>Du har haft et canadisk bes\u00f8gsvisum (visum til midlertidigt ophold) inden for de seneste 10 \u00e5r, ELLER<\/li><li>Du har i \u00f8jeblikket et gyldigt nonimmigrant-visum fra USA (U.S.).<\/li><\/ul><em>(Dit amerikanske nonimmigrantvisum skal v\u00e6re gyldigt den dag, du ans\u00f8ger om en eTA, men det beh\u00f8ver ikke at v\u00e6re gyldigt under din rejse til Canada).<\/em><\/li>\n\n\n\n<li><strong>Form\u00e5let med rejsen<\/strong>:\n<ul class=\"wp-block-list\">\n<li>Du kommer til Canada for et <strong>midlertidigt ophold<\/strong>, typisk op til seks m\u00e5neder.<\/li>\n<\/ul>\n<\/li>\n\n\n\n<li><strong>Rejsetilstand<\/strong>:\n<ul class=\"wp-block-list\">\n<li>Du flyver til eller transiterer gennem en canadisk lufthavn med et gyldigt pas fra et af de <strong>berettigede visumpligtige lande<\/strong>.<\/li>\n<\/ul>\n<\/li>\n<\/ol>\n\n<h4 class=\"wp-block-heading\"><strong>Berettigede visumpligtige lande<\/strong><\/h4>\n\n<p>Borgere fra f\u00f8lgende lande kan ans\u00f8ge om en eTA, hvis de opfylder ovenst\u00e5ende kriterier:<\/p>\n\n<ul class=\"wp-block-list\">\n<li>Antigua og Barbuda<\/li>\n\n\n\n<li>Argentina<\/li>\n\n\n\n<li>Brasilien<\/li>\n\n\n\n<li>Costa Rica<\/li>\n\n\n\n<li>Mexico<\/li>\n\n\n\n<li>Marokko<\/li>\n\n\n\n<li>Panama<\/li>\n\n\n\n<li>Filippinerne<\/li>\n\n\n\n<li>Kitts og Nevis<\/li>\n\n\n\n<li>Lucia<\/li>\n\n\n\n<li>Vincent og Grenadinerne<\/li>\n\n\n\n<li>Seychellerne<\/li>\n\n\n\n<li>Thailand<\/li>\n\n\n\n<li>Trinidad og Tobago<\/li>\n\n\n\n<li>Uruguay<\/li>\n<\/ul>\n\n<p>Hvis du ikke opfylder alle disse krav, skal du i stedet ans\u00f8ge om et bes\u00f8gsvisum (visum til midlertidigt ophold).<\/p>\n\n<hr class=\"wp-block-separator has-alpha-channel-opacity\"\/>\n\n<h3 class=\"wp-block-heading\"><strong>Hvem har IKKE brug for en eTA?<\/strong><\/h3>\n\n<ul class=\"wp-block-list\">\n<li><strong>Amerikanske<\/strong> statsborgere:<br\/>Amerikanske statsborgere er fritaget for eTA-kravet. De skal blot fremvise et gyldigt amerikansk pas. <\/li>\n\n\n\n<li><strong>Canadiske statsborgere (inkl. dobbelte statsborgere)<\/strong>:<br\/>Canadiske statsborgere kan ikke ans\u00f8ge om en eTA. De skal rejse med et gyldigt canadisk pas. Personer med dobbelt statsborgerskab skal ogs\u00e5 bruge deres canadiske pas, n\u00e5r de flyver til Canada.  <\/li>\n\n\n\n<li><strong>Canadiske fastboende<\/strong>:<br>Fastboende i Canada kan ikke ans\u00f8ge om en eTA. I stedet skal de rejse med: \n<ul class=\"wp-block-list\">\n<li>Et gyldigt kort med permanent opholdstilladelse, ELLER<\/li>\n\n\n\n<li>Et rejsedokument med permanent opholdstilladelse.<\/li>\n<\/ul>\n<\/li>\n\n\n\n<li><strong>Lovlige permanente<\/strong> beboere i USA:<br>Fra den 26. april 2022 er lovlige permanente beboere i USA undtaget fra eTA-kravet. De skal b\u00e6re: \n<ul class=\"wp-block-list\">\n<li>Et gyldigt pas fra det land, de er statsborgere i, og<\/li>\n\n\n\n<li>Et gyldigt U.S. Green Card eller tilsvarende bevis p\u00e5 status.<\/li>\n<\/ul>\n<\/li>\n<\/ul>\n\n<hr class=\"wp-block-separator has-alpha-channel-opacity\"\/>\n\n<h3 class=\"wp-block-heading\"><strong>Rejsescenarier og krav til dokumentation<\/strong><\/h3>\n\n<figure class=\"wp-block-table\"><table class=\"has-fixed-layout\"><thead><tr><th><strong>Hvordan du rejser til Canada<\/strong><\/th><th><strong>P\u00e5kr\u00e6vet dokument(er)<\/strong><\/th><\/tr><\/thead><tbody><tr><td>Flyver til eller transiterer gennem en canadisk lufthavn og er berettiget til en eTA<\/td><td>eTA eller bes\u00f8gsvisum<\/td><\/tr><tr><td>Flyver til eller transiterer gennem en canadisk lufthavn og er IKKE berettiget til en eTA<\/td><td>Bes\u00f8gsvisum<\/td><\/tr><tr><td>Ankomst i bil, bus, tog eller b\u00e5d (inklusive krydstogtskibe)<\/td><td>Bes\u00f8gsvisum<\/td><\/tr><tr><td>Rejser til Canada med et gyldigt canadisk visum<\/td><td>Ingen eTA p\u00e5kr\u00e6vet &#8211; brug visummet<\/td><\/tr><tr><td>Flyve tilbage til Canada efter at have fornyet din arbejds- eller studietilladelse<\/td><td>eTA leveres med fornyelse af tilladelse<\/td><\/tr><tr><td>Rejser til Canada for at arbejde eller studere i mere end 6 m\u00e5neder<\/td><td>Arbejds- eller studietilladelse (inkluderer et visum)<\/td><\/tr><\/tbody><\/table><\/figure>\n\n<hr class=\"wp-block-separator has-alpha-channel-opacity\"\/>\n\n<h3 class=\"wp-block-heading\"><strong>Vigtige overvejelser<\/strong><\/h3>\n\n<ul class=\"wp-block-list\">\n<li><strong>Grundl\u00e6ggende krav<\/strong>: For at komme ind i Canada skal du opfylde de generelle adgangskriterier, herunder gyldige rejsedokumenter, godt helbred, \u00f8konomisk st\u00f8tte og st\u00e6rke b\u00e5nd til dit hjemland.<\/li>\n\n\n\n<li><strong>Afvisning<\/strong>: Personer, der er involveret i kriminelle aktiviteter, sikkerhedstrusler eller visse sundhedsm\u00e6ssige og \u00f8konomiske problemer, kan blive afvist i Canada, selv med en gyldig eTA.<\/li>\n<\/ul>\n\n<p>eTA er designet til at forenkle flyrejser til Canada for berettigede personer. S\u00f8rg for at l\u00e6se kravene grundigt igennem og ans\u00f8g i god tid f\u00f8r din planlagte rejse. <\/p>\n","protected":false},"excerpt":{"rendered":"<p>Hvem kan ans\u00f8ge om en elektronisk rejsetilladelse (eTA)? Den elektroniske rejsetilladelse (eTA) er et rejsekrav for visse personer, der rejser [&hellip;]<\/p>\n","protected":false},"author":1,"featured_media":0,"parent":0,"menu_order":0,"comment_status":"closed","ping_status":"closed","template":"","meta":{"_uag_custom_page_level_css":"","site-sidebar-layout":"default","site-content-layout":"","ast-site-content-layout":"","site-content-style":"default","site-sidebar-style":"default","ast-global-header-display":"","ast-banner-title-visibility":"","ast-main-header-display":"","ast-hfb-above-header-display":"","ast-hfb-below-header-display":"","ast-hfb-mobile-header-display":"","site-post-title":"","ast-breadcrumbs-content":"","ast-featured-img":"","footer-sml-layout":"","theme-transparent-header-meta":"","adv-header-id-meta":"","stick-header-meta":"","header-above-stick-meta":"","header-main-stick-meta":"","header-below-stick-meta":"","astra-migrate-meta-layouts":"default","ast-page-background-enabled":"default","ast-page-background-meta":{"desktop":{"background-color":"var(--ast-global-color-4)","background-image":"","background-repeat":"repeat","background-position":"center center","background-size":"auto","background-attachment":"scroll","background-type":"","background-media":"","overlay-type":"","overlay-color":"","overlay-opacity":"","overlay-gradient":""},"tablet":{"background-color":"","background-image":"","background-repeat":"repeat","background-position":"center center","background-size":"auto","background-attachment":"scroll","background-type":"","background-media":"","overlay-type":"","overlay-color":"","overlay-opacity":"","overlay-gradient":""},"mobile":{"background-color":"","background-image":"","background-repeat":"repeat","background-position":"center center","background-size":"auto","background-attachment":"scroll","background-type":"","background-media":"","overlay-type":"","overlay-color":"","overlay-opacity":"","overlay-gradient":""}},"ast-content-background-meta":{"desktop":{"background-color":"var(--ast-global-color-5)","background-image":"","background-repeat":"repeat","background-position":"center center","background-size":"auto","background-attachment":"scroll","background-type":"","background-media":"","overlay-type":"","overlay-color":"","overlay-opacity":"","overlay-gradient":""},"tablet":{"background-color":"var(--ast-global-color-5)","background-image":"","background-repeat":"repeat","background-position":"center center","background-size":"auto","background-attachment":"scroll","background-type":"","background-media":"","overlay-type":"","overlay-color":"","overlay-opacity":"","overlay-gradient":""},"mobile":{"background-color":"var(--ast-global-color-5)","background-image":"","background-repeat":"repeat","background-position":"center center","background-size":"auto","background-attachment":"scroll","background-type":"","background-media":"","overlay-type":"","overlay-color":"","overlay-opacity":"","overlay-gradient":""}},"footnotes":""},"categories":[],"tags":[],"class_list":["post-1571","page","type-page","status-publish","hentry"],"uagb_featured_image_src":{"full":false,"thumbnail":false,"medium":false,"medium_large":false,"large":false,"1536x1536":false,"2048x2048":false},"uagb_author_info":{"display_name":"admin","author_link":"https:\/\/www.etafast.org\/da\/author\/admin\/"},"uagb_comment_info":0,"uagb_excerpt":"Hvem kan ans\u00f8ge om en elektronisk rejsetilladelse (eTA)? Den elektroniske rejsetilladelse (eTA) er et rejsekrav for visse personer, der rejser [&hellip;]","_links":{"self":[{"href":"https:\/\/www.etafast.org\/da\/wp-json\/wp\/v2\/pages\/1571","targetHints":{"allow":["GET"]}}],"collection":[{"href":"https:\/\/www.etafast.org\/da\/wp-json\/wp\/v2\/pages"}],"about":[{"href":"https:\/\/www.etafast.org\/da\/wp-json\/wp\/v2\/types\/page"}],"author":[{"embeddable":true,"href":"https:\/\/www.etafast.org\/da\/wp-json\/wp\/v2\/users\/1"}],"replies":[{"embeddable":true,"href":"https:\/\/www.etafast.org\/da\/wp-json\/wp\/v2\/comments?post=1571"}],"version-history":[{"count":1,"href":"https:\/\/www.etafast.org\/da\/wp-json\/wp\/v2\/pages\/1571\/revisions"}],"predecessor-version":[{"id":1572,"href":"https:\/\/www.etafast.org\/da\/wp-json\/wp\/v2\/pages\/1571\/revisions\/1572"}],"wp:attachment":[{"href":"https:\/\/www.etafast.org\/da\/wp-json\/wp\/v2\/media?parent=1571"}],"wp:term":[{"taxonomy":"category","embeddable":true,"href":"https:\/\/www.etafast.org\/da\/wp-json\/wp\/v2\/categories?post=1571"},{"taxonomy":"post_tag","embeddable":true,"href":"https:\/\/www.etafast.org\/da\/wp-json\/wp\/v2\/tags?post=1571"}],"curies":[{"name":"wp","href":"https:\/\/api.w.org\/{rel}","templated":true}]}}