{"id":1479,"date":"2024-12-11T08:25:47","date_gmt":"2024-12-11T07:25:47","guid":{"rendered":"https:\/\/www.etafast.org\/har-du-brug-for-visa\/"},"modified":"2024-12-11T09:15:09","modified_gmt":"2024-12-11T08:15:09","slug":"har-du-brug-for-visa","status":"publish","type":"page","link":"https:\/\/www.etafast.org\/da\/har-du-brug-for-visa\/","title":{"rendered":"Har du brug for VISA?"},"content":{"rendered":"\n<h3 class=\"wp-block-heading\">S\u00e5dan finder du ud af, om du har brug for et visum for at rejse til Canada<\/h3>\n\n<p>Canada kr\u00e6ver, at rejsende enten har et <strong>bes\u00f8gsvisum<\/strong> eller en <strong>elektronisk rejsetilladelse (eTA)<\/strong> for at komme ind i eller rejse gennem landet, afh\u00e6ngigt af deres nationalitet og rejsem\u00e5de. S\u00e5dan finder du ud af, hvad du har brug for: <\/p>\n\n<hr class=\"wp-block-separator has-alpha-channel-opacity\"\/>\n\n<h3 class=\"wp-block-heading\"><strong>Trin 1: Tjek din nationalitet<\/strong><\/h3>\n\n<p>Hvilken type rejsedokument, du har brug for, afh\u00e6nger prim\u00e6rt af dit statsborgerskab. Rejsende falder ind under en af tre kategorier: <\/p>\n\n<ol class=\"wp-block-list\">\n<li><strong>Visumfri rejsende (har brug for en eTA)<\/strong><br\/>Hvis du er statsborger i et visumfrit land, skal du have en eTA, hvis du rejser til eller gennem Canada med fly. Eksempler p\u00e5 visumfri lande omfatter: <ul><li>Australien<\/li><li>Tyskland<\/li><li>Japan<\/li><li>Det Forenede Kongerige<\/li><li>Frankrig<br\/><em>(Dette er ikke en komplet liste.)<\/em><\/li><\/ul><strong>Vigtigt<\/strong>: Hvis du rejser ind i Canada med bil, bus, tog eller b\u00e5d, herunder et krydstogt, beh\u00f8ver du IKKE en eTA eller et bes\u00f8gsvisum.<\/li>\n\n\n\n<li><strong>Visumpligtige rejsende (har brug for et bes\u00f8gsvisum<\/strong>)<br>Borgere fra lande, der ikke er p\u00e5 listen over visumfri lande, skal have et bes\u00f8gsvisum (ogs\u00e5 kendt som et midlertidigt opholdsvisum) for at rejse til Canada, uanset rejsem\u00e5de.<br>Eksempler p\u00e5 visumpligtige lande er bl.a:\n<ul class=\"wp-block-list\">\n<li>Indien<\/li>\n\n\n\n<li>Kina<\/li>\n\n\n\n<li>Pakistan<br\/><em>(Dette er ikke en komplet liste.)<\/em><\/li>\n<\/ul>\n<\/li>\n\n\n\n<li><strong>Visumpligtige rejsende (kan kvalificere sig til en eTA)<\/strong><br>Hvis du kommer fra et visumpligtigt land, men opfylder bestemte betingelser, kan du ans\u00f8ge om en eTA i stedet for et visum. Disse betingelser omfatter: <ul><li>Har et gyldigt amerikansk non-immigrant visum, ELLER<\/li><li>Har haft et canadisk bes\u00f8gsvisum inden for de sidste 10 \u00e5r.<\/li><\/ul>Lande, der er berettigede til denne mulighed, omfatter:\n<ul class=\"wp-block-list\">\n<li>Brasilien<\/li>\n\n\n\n<li>Mexico<\/li>\n\n\n\n<li>Filippinerne<br\/><em>(Dette er ikke en komplet liste.)<\/em><\/li>\n<\/ul>\n<\/li>\n<\/ol>\n\n<hr class=\"wp-block-separator has-alpha-channel-opacity\"\/>\n\n<h3 class=\"wp-block-heading\"><strong>Trin 2: Overvej din rejsemetode<\/strong><\/h3>\n\n<p>Hvilket rejsedokument du skal bruge, afh\u00e6nger ogs\u00e5 af, hvordan du kommer ind i Canada:<\/p>\n\n<figure class=\"wp-block-table\"><table class=\"has-fixed-layout\"><thead><tr><th><strong>Rejseform<\/strong><\/th><th><strong>Krav<\/strong><\/th><\/tr><\/thead><tbody><tr><td>Flyver til eller transiterer gennem en canadisk lufthavn<\/td><td>eTA (for visumfri rejsende) eller bes\u00f8gsvisum<\/td><\/tr><tr><td>Ankomst med bil, bus, tog eller b\u00e5d (herunder krydstogt)<\/td><td>Bes\u00f8gsvisum (for visumpligtige rejsende)<\/td><\/tr><tr><td>Rejser med et gyldigt canadisk visum<\/td><td>Ingen eTA p\u00e5kr\u00e6vet; brug dit visum<\/td><\/tr><\/tbody><\/table><\/figure>\n\n<hr class=\"wp-block-separator has-alpha-channel-opacity\"\/>\n\n<h3 class=\"wp-block-heading\"><strong>Trin 3: Undtagelser fra reglen<\/strong><\/h3>\n\n<ol class=\"wp-block-list\">\n<li><strong>Amerikanske<\/strong> statsborgere<br\/>Amerikanske statsborgere har IKKE brug for en eTA eller et bes\u00f8gsvisum. De skal kun have et gyldigt amerikansk pas. <\/li>\n\n\n\n<li><strong>Canadiske statsborgere (inkl. dobbelt<\/strong> statsborgerskab)<br\/>Canadiske statsborgere kan ikke ans\u00f8ge om eTA eller visum. De skal rejse med et gyldigt canadisk pas. <\/li>\n\n\n\n<li><strong>Canadiske fastboende<\/strong><br>Fastboende i Canada kan ikke ans\u00f8ge om en eTA. De skal rejse med: \n<ul class=\"wp-block-list\">\n<li>Et gyldigt kort med permanent opholdstilladelse, ELLER<\/li>\n\n\n\n<li>Et rejsedokument med permanent opholdstilladelse.<\/li>\n<\/ul>\n<\/li>\n\n\n\n<li><strong>U.S. Permanent Residents<\/strong><br>Fra den 26. april 2022 har lovlige permanente beboere i USA ikke brug for en eTA. De skal medbringe: \n<ul class=\"wp-block-list\">\n<li>Et gyldigt pas fra deres nationalitet, OG<\/li>\n\n\n\n<li>Et gyldigt Green Card eller tilsvarende bevis p\u00e5 status.<\/li>\n<\/ul>\n<\/li>\n<\/ol>\n\n<hr class=\"wp-block-separator has-alpha-channel-opacity\"\/>\n\n<h3 class=\"wp-block-heading\"><strong>Trin 4: Brug den canadiske regerings v\u00e6rkt\u00f8j<\/strong><\/h3>\n\n<p>For at bekr\u00e6fte, om du har brug for et visum eller en eTA, kan du bruge den canadiske regerings officielle <a>v\u00e6rkt\u00f8j til rejsedokumenter<\/a>. Du skal blot indtaste din nationalitet, rejsemetode og form\u00e5l med bes\u00f8get for at f\u00e5 personlige resultater. <\/p>\n\n<hr class=\"wp-block-separator has-alpha-channel-opacity\"\/>\n\n<h3 class=\"wp-block-heading\"><strong>Afsluttende noter<\/strong><\/h3>\n\n<ul class=\"wp-block-list\">\n<li>S\u00f8rg for at ans\u00f8ge om det rigtige dokument i god tid f\u00f8r din rejsedato.<\/li>\n\n\n\n<li>At have et visum eller en eTA garanterer ikke indrejse i Canada. Du skal overbevise gr\u00e6nsebetjenten om, at du opfylder alle indrejsekrav. <\/li>\n<\/ul>\n\n<p><\/p>\n","protected":false},"excerpt":{"rendered":"<p>S\u00e5dan finder du ud af, om du har brug for et visum for at rejse til Canada Canada kr\u00e6ver, at [&hellip;]<\/p>\n","protected":false},"author":1,"featured_media":0,"parent":0,"menu_order":0,"comment_status":"closed","ping_status":"closed","template":"","meta":{"_uag_custom_page_level_css":"","site-sidebar-layout":"default","site-content-layout":"","ast-site-content-layout":"","site-content-style":"default","site-sidebar-style":"default","ast-global-header-display":"","ast-banner-title-visibility":"","ast-main-header-display":"","ast-hfb-above-header-display":"","ast-hfb-below-header-display":"","ast-hfb-mobile-header-display":"","site-post-title":"","ast-breadcrumbs-content":"","ast-featured-img":"","footer-sml-layout":"","theme-transparent-header-meta":"","adv-header-id-meta":"","stick-header-meta":"","header-above-stick-meta":"","header-main-stick-meta":"","header-below-stick-meta":"","astra-migrate-meta-layouts":"default","ast-page-background-enabled":"default","ast-page-background-meta":{"desktop":{"background-color":"var(--ast-global-color-4)","background-image":"","background-repeat":"repeat","background-position":"center center","background-size":"auto","background-attachment":"scroll","background-type":"","background-media":"","overlay-type":"","overlay-color":"","overlay-opacity":"","overlay-gradient":""},"tablet":{"background-color":"","background-image":"","background-repeat":"repeat","background-position":"center center","background-size":"auto","background-attachment":"scroll","background-type":"","background-media":"","overlay-type":"","overlay-color":"","overlay-opacity":"","overlay-gradient":""},"mobile":{"background-color":"","background-image":"","background-repeat":"repeat","background-position":"center center","background-size":"auto","background-attachment":"scroll","background-type":"","background-media":"","overlay-type":"","overlay-color":"","overlay-opacity":"","overlay-gradient":""}},"ast-content-background-meta":{"desktop":{"background-color":"var(--ast-global-color-5)","background-image":"","background-repeat":"repeat","background-position":"center center","background-size":"auto","background-attachment":"scroll","background-type":"","background-media":"","overlay-type":"","overlay-color":"","overlay-opacity":"","overlay-gradient":""},"tablet":{"background-color":"var(--ast-global-color-5)","background-image":"","background-repeat":"repeat","background-position":"center center","background-size":"auto","background-attachment":"scroll","background-type":"","background-media":"","overlay-type":"","overlay-color":"","overlay-opacity":"","overlay-gradient":""},"mobile":{"background-color":"var(--ast-global-color-5)","background-image":"","background-repeat":"repeat","background-position":"center center","background-size":"auto","background-attachment":"scroll","background-type":"","background-media":"","overlay-type":"","overlay-color":"","overlay-opacity":"","overlay-gradient":""}},"footnotes":""},"categories":[],"tags":[],"class_list":["post-1479","page","type-page","status-publish","hentry"],"uagb_featured_image_src":{"full":false,"thumbnail":false,"medium":false,"medium_large":false,"large":false,"1536x1536":false,"2048x2048":false},"uagb_author_info":{"display_name":"admin","author_link":"https:\/\/www.etafast.org\/da\/author\/admin\/"},"uagb_comment_info":0,"uagb_excerpt":"S\u00e5dan finder du ud af, om du har brug for et visum for at rejse til Canada Canada kr\u00e6ver, at [&hellip;]","_links":{"self":[{"href":"https:\/\/www.etafast.org\/da\/wp-json\/wp\/v2\/pages\/1479","targetHints":{"allow":["GET"]}}],"collection":[{"href":"https:\/\/www.etafast.org\/da\/wp-json\/wp\/v2\/pages"}],"about":[{"href":"https:\/\/www.etafast.org\/da\/wp-json\/wp\/v2\/types\/page"}],"author":[{"embeddable":true,"href":"https:\/\/www.etafast.org\/da\/wp-json\/wp\/v2\/users\/1"}],"replies":[{"embeddable":true,"href":"https:\/\/www.etafast.org\/da\/wp-json\/wp\/v2\/comments?post=1479"}],"version-history":[{"count":1,"href":"https:\/\/www.etafast.org\/da\/wp-json\/wp\/v2\/pages\/1479\/revisions"}],"predecessor-version":[{"id":1480,"href":"https:\/\/www.etafast.org\/da\/wp-json\/wp\/v2\/pages\/1479\/revisions\/1480"}],"wp:attachment":[{"href":"https:\/\/www.etafast.org\/da\/wp-json\/wp\/v2\/media?parent=1479"}],"wp:term":[{"taxonomy":"category","embeddable":true,"href":"https:\/\/www.etafast.org\/da\/wp-json\/wp\/v2\/categories?post=1479"},{"taxonomy":"post_tag","embeddable":true,"href":"https:\/\/www.etafast.org\/da\/wp-json\/wp\/v2\/tags?post=1479"}],"curies":[{"name":"wp","href":"https:\/\/api.w.org\/{rel}","templated":true}]}}