{"id":1367,"date":"2024-12-11T08:26:43","date_gmt":"2024-12-11T07:26:43","guid":{"rendered":"https:\/\/www.etafast.org\/forlaeng-dit-ophold-i-canada\/"},"modified":"2024-12-11T09:13:44","modified_gmt":"2024-12-11T08:13:44","slug":"forlaeng-dit-ophold-i-canada","status":"publish","type":"page","link":"https:\/\/www.etafast.org\/da\/forlaeng-dit-ophold-i-canada\/","title":{"rendered":"Forl\u00e6ng dit ophold i Canada"},"content":{"rendered":"\n<h3 class=\"wp-block-heading\">Forl\u00e6ng dit ophold i Canada: Bes\u00f8gsregister<\/h3>\n\n<p>Hvis du \u00f8nsker at blive i Canada l\u00e6ngere end din oprindelige tilladte periode som bes\u00f8gende, skal du ans\u00f8ge om en <strong>bes\u00f8gsrekord<\/strong>. En bes\u00f8gsattest er et vigtigt dokument, der g\u00f8r det muligt for dig at forl\u00e6nge dit ophold uden at overtr\u00e6de immigrationsreglerne. <\/p>\n\n<hr class=\"wp-block-separator has-alpha-channel-opacity\"\/>\n\n<h3 class=\"wp-block-heading\"><strong>Hvad er en bes\u00f8gsrapport?<\/strong><\/h3>\n\n<p>En bes\u00f8gsattest er <strong>ikke et visum<\/strong>. I stedet er det et officielt dokument, der: <\/p>\n\n<ul class=\"wp-block-list\">\n<li>Giver dig tilladelse til at blive i Canada i l\u00e6ngere tid som <strong>bes\u00f8gende<\/strong>, arbejdstager med tilladelse til at arbejde uden tilladelse eller studerende med tilladelse til at studere uden tilladelse.<\/li>\n\n\n\n<li>Angiver en ny udl\u00f8bsdato, inden hvilken du skal forlade Canada.<\/li>\n<\/ul>\n\n<hr class=\"wp-block-separator has-alpha-channel-opacity\"\/>\n\n<h3 class=\"wp-block-heading\"><strong>Hvorn\u00e5r skal man ans\u00f8ge om en bes\u00f8gsrekord?<\/strong><\/h3>\n\n<p>Du skal ans\u00f8ge om en bes\u00f8gsrekord, <strong>f\u00f8r din nuv\u00e6rende status udl\u00f8ber<\/strong>.<\/p>\n\n<ul class=\"wp-block-list\">\n<li>Tjek dit passtempel eller den skriftlige bekr\u00e6ftelse af dit tilladte opholds varighed, der blev udstedt, da du rejste ind i Canada.<\/li>\n\n\n\n<li>Hvis der ikke er angivet en specifik dato, udl\u00f8ber din status typisk <strong>6 m\u00e5neder efter din ankomstdato<\/strong>.<\/li>\n<\/ul>\n\n<hr class=\"wp-block-separator has-alpha-channel-opacity\"\/>\n\n<h3 class=\"wp-block-heading\"><strong>Hvem kan ans\u00f8ge om en bes\u00f8gsoptegnelse?<\/strong><\/h3>\n\n<p>Du kan ans\u00f8ge om en bes\u00f8gsattest, hvis du:<\/p>\n\n<ul class=\"wp-block-list\">\n<li>Du er rejst ind i Canada med et bes\u00f8gsvisum, eTA eller et andet gyldigt rejsedokument og \u00f8nsker nu at forl\u00e6nge dit tilladte ophold.<\/li>\n\n\n\n<li>Er i \u00f8jeblikket i Canada som bes\u00f8gende, arbejdstager eller studerende uden tilladelse, og \u00f8nsker at forl\u00e6nge din status.<\/li>\n<\/ul>\n\n<hr class=\"wp-block-separator has-alpha-channel-opacity\"\/>\n\n<h3 class=\"wp-block-heading\"><strong>S\u00e5dan ans\u00f8ger du om en bes\u00f8gsrekord<\/strong><\/h3>\n\n<p>Processen for at ans\u00f8ge om en bes\u00f8gsoptegnelse omfatter f\u00f8lgende trin:<\/p>\n\n<ol class=\"wp-block-list\">\n<li><strong>Forbered dine dokumenter<\/strong>:\n<ul class=\"wp-block-list\">\n<li>Et gyldigt pas eller rejsedokument (s\u00f8rg for, at det er gyldigt under hele dit forl\u00e6ngede ophold).<\/li>\n\n\n\n<li>Bevis for tilstr\u00e6kkelige midler til at fors\u00f8rge dig selv under det forl\u00e6ngede ophold.<\/li>\n\n\n\n<li>En klar forklaring p\u00e5, hvorfor du \u00f8nsker at forl\u00e6nge dit ophold i Canada.<\/li>\n<\/ul>\n<\/li>\n\n\n\n<li><strong>Indsend din ans\u00f8gning online<\/strong>:\n<ul class=\"wp-block-list\">\n<li>Udfyld ans\u00f8gningsskemaet via <a>IRCC-portalen<\/a>.<\/li>\n\n\n\n<li>Betal ans\u00f8gningsgebyret, der starter p\u00e5 <strong> 100 dollars.<\/strong><\/li>\n<\/ul>\n<\/li>\n\n\n\n<li><strong>Ans\u00f8g tidligt<\/strong>:\n<ul class=\"wp-block-list\">\n<li>Behandlingstiden er ca. <strong>126 dage<\/strong>, s\u00e5 det er vigtigt at ans\u00f8ge i god tid, inden din nuv\u00e6rende status udl\u00f8ber.<\/li>\n\n\n\n<li>Hvis din status udl\u00f8ber, mens din ans\u00f8gning er under behandling, vil du have <strong>implicit status<\/strong> og kan lovligt opholde dig i Canada, indtil der er truffet en afg\u00f8relse.<\/li>\n<\/ul>\n<\/li>\n<\/ol>\n\n<hr class=\"wp-block-separator has-alpha-channel-opacity\"\/>\n\n<h3 class=\"wp-block-heading\"><strong>N\u00e5r du har ans\u00f8gt<\/strong><\/h3>\n\n<ul class=\"wp-block-list\">\n<li><strong>Godkendelse<\/strong>: Hvis din ans\u00f8gning bliver godkendt, modtager du en bes\u00f8gsrekord med angivelse af din nye udl\u00f8bsdato.<\/li>\n\n\n\n<li><strong>Afvisning<\/strong>: Hvis du f\u00e5r afslag p\u00e5 din ans\u00f8gning, skal du straks forlade Canada.<\/li>\n\n\n\n<li><strong>Underforst\u00e5et status<\/strong>: Mens du venter p\u00e5 en afg\u00f8relse, kan du forblive lovligt i Canada, hvis du ans\u00f8gte, f\u00f8r din status udl\u00f8b.<\/li>\n<\/ul>\n\n<hr class=\"wp-block-separator has-alpha-channel-opacity\"\/>\n\n<h3 class=\"wp-block-heading\"><strong>Rejser uden for Canada<\/strong><\/h3>\n\n<p>En bes\u00f8gsattest <strong>garanterer ikke genindrejse i Canada<\/strong>. Hvis du forlader Canada under dit forl\u00e6ngede ophold og planl\u00e6gger at vende tilbage, skal du bruge: <\/p>\n\n<ul class=\"wp-block-list\">\n<li>Et gyldigt <strong>bes\u00f8gsvisum<\/strong> eller <strong>eTA<\/strong> til at rejse ind i Canada igen, og<\/li>\n\n\n\n<li>Din bes\u00f8gsjournal for at bevise, at du har forl\u00e6nget dit ophold.<\/li>\n<\/ul>\n\n<hr class=\"wp-block-separator has-alpha-channel-opacity\"\/>\n\n<h3 class=\"wp-block-heading\"><strong>Vigtige gebyrer og behandlingstider<\/strong><\/h3>\n\n<ul class=\"wp-block-list\">\n<li><strong>Gebyrer<\/strong>: Fra <strong>$100<\/strong> for en ans\u00f8gning om bes\u00f8gsregister.<\/li>\n\n\n\n<li><strong>Behandlingstid<\/strong>: Ca. <strong>126 dage<\/strong> (med forbehold for variationer).<\/li>\n<\/ul>\n\n<hr class=\"wp-block-separator has-alpha-channel-opacity\"\/>\n\n<h3 class=\"wp-block-heading\"><strong>Vigtige bem\u00e6rkninger<\/strong><\/h3>\n\n<ul class=\"wp-block-list\">\n<li>S\u00f8rg for, at dit pas er gyldigt under hele dit ophold.<\/li>\n\n\n\n<li>En bes\u00f8gsattest giver dig ikke lov til at arbejde eller studere i Canada. Du skal have en arbejds- eller studietilladelse til disse aktiviteter. <\/li>\n\n\n\n<li>Hvis du overskrider dit tilladte ophold uden at ans\u00f8ge om en forl\u00e6ngelse, kan det resultere i juridiske sanktioner og p\u00e5virke fremtidige rejser til Canada.<\/li>\n<\/ul>\n\n<p>At planl\u00e6gge at forl\u00e6nge dit ophold i Canada kr\u00e6ver forberedelse og rettidig indsendelse af ans\u00f8gning. Ved at f\u00f8lge processen kan du nyde et l\u00e6ngere ophold og samtidig overholde de canadiske immigrationslove. <\/p>\n","protected":false},"excerpt":{"rendered":"<p>Forl\u00e6ng dit ophold i Canada: Bes\u00f8gsregister Hvis du \u00f8nsker at blive i Canada l\u00e6ngere end din oprindelige tilladte periode som [&hellip;]<\/p>\n","protected":false},"author":1,"featured_media":0,"parent":0,"menu_order":0,"comment_status":"closed","ping_status":"closed","template":"","meta":{"_uag_custom_page_level_css":"","site-sidebar-layout":"default","site-content-layout":"","ast-site-content-layout":"","site-content-style":"default","site-sidebar-style":"default","ast-global-header-display":"","ast-banner-title-visibility":"","ast-main-header-display":"","ast-hfb-above-header-display":"","ast-hfb-below-header-display":"","ast-hfb-mobile-header-display":"","site-post-title":"","ast-breadcrumbs-content":"","ast-featured-img":"","footer-sml-layout":"","theme-transparent-header-meta":"","adv-header-id-meta":"","stick-header-meta":"","header-above-stick-meta":"","header-main-stick-meta":"","header-below-stick-meta":"","astra-migrate-meta-layouts":"default","ast-page-background-enabled":"default","ast-page-background-meta":{"desktop":{"background-color":"var(--ast-global-color-4)","background-image":"","background-repeat":"repeat","background-position":"center center","background-size":"auto","background-attachment":"scroll","background-type":"","background-media":"","overlay-type":"","overlay-color":"","overlay-opacity":"","overlay-gradient":""},"tablet":{"background-color":"","background-image":"","background-repeat":"repeat","background-position":"center center","background-size":"auto","background-attachment":"scroll","background-type":"","background-media":"","overlay-type":"","overlay-color":"","overlay-opacity":"","overlay-gradient":""},"mobile":{"background-color":"","background-image":"","background-repeat":"repeat","background-position":"center center","background-size":"auto","background-attachment":"scroll","background-type":"","background-media":"","overlay-type":"","overlay-color":"","overlay-opacity":"","overlay-gradient":""}},"ast-content-background-meta":{"desktop":{"background-color":"var(--ast-global-color-5)","background-image":"","background-repeat":"repeat","background-position":"center center","background-size":"auto","background-attachment":"scroll","background-type":"","background-media":"","overlay-type":"","overlay-color":"","overlay-opacity":"","overlay-gradient":""},"tablet":{"background-color":"var(--ast-global-color-5)","background-image":"","background-repeat":"repeat","background-position":"center center","background-size":"auto","background-attachment":"scroll","background-type":"","background-media":"","overlay-type":"","overlay-color":"","overlay-opacity":"","overlay-gradient":""},"mobile":{"background-color":"var(--ast-global-color-5)","background-image":"","background-repeat":"repeat","background-position":"center center","background-size":"auto","background-attachment":"scroll","background-type":"","background-media":"","overlay-type":"","overlay-color":"","overlay-opacity":"","overlay-gradient":""}},"footnotes":""},"categories":[],"tags":[],"class_list":["post-1367","page","type-page","status-publish","hentry"],"uagb_featured_image_src":{"full":false,"thumbnail":false,"medium":false,"medium_large":false,"large":false,"1536x1536":false,"2048x2048":false},"uagb_author_info":{"display_name":"admin","author_link":"https:\/\/www.etafast.org\/da\/author\/admin\/"},"uagb_comment_info":0,"uagb_excerpt":"Forl\u00e6ng dit ophold i Canada: Bes\u00f8gsregister Hvis du \u00f8nsker at blive i Canada l\u00e6ngere end din oprindelige tilladte periode som [&hellip;]","_links":{"self":[{"href":"https:\/\/www.etafast.org\/da\/wp-json\/wp\/v2\/pages\/1367","targetHints":{"allow":["GET"]}}],"collection":[{"href":"https:\/\/www.etafast.org\/da\/wp-json\/wp\/v2\/pages"}],"about":[{"href":"https:\/\/www.etafast.org\/da\/wp-json\/wp\/v2\/types\/page"}],"author":[{"embeddable":true,"href":"https:\/\/www.etafast.org\/da\/wp-json\/wp\/v2\/users\/1"}],"replies":[{"embeddable":true,"href":"https:\/\/www.etafast.org\/da\/wp-json\/wp\/v2\/comments?post=1367"}],"version-history":[{"count":1,"href":"https:\/\/www.etafast.org\/da\/wp-json\/wp\/v2\/pages\/1367\/revisions"}],"predecessor-version":[{"id":1368,"href":"https:\/\/www.etafast.org\/da\/wp-json\/wp\/v2\/pages\/1367\/revisions\/1368"}],"wp:attachment":[{"href":"https:\/\/www.etafast.org\/da\/wp-json\/wp\/v2\/media?parent=1367"}],"wp:term":[{"taxonomy":"category","embeddable":true,"href":"https:\/\/www.etafast.org\/da\/wp-json\/wp\/v2\/categories?post=1367"},{"taxonomy":"post_tag","embeddable":true,"href":"https:\/\/www.etafast.org\/da\/wp-json\/wp\/v2\/tags?post=1367"}],"curies":[{"name":"wp","href":"https:\/\/api.w.org\/{rel}","templated":true}]}}