{"id":1295,"date":"2024-12-11T08:28:06","date_gmt":"2024-12-11T07:28:06","guid":{"rendered":"https:\/\/www.etafast.org\/supervisum-til-foraeldre-og-bedsteforaeldre\/"},"modified":"2024-12-11T09:12:10","modified_gmt":"2024-12-11T08:12:10","slug":"supervisum-til-foraeldre-og-bedsteforaeldre","status":"publish","type":"page","link":"https:\/\/www.etafast.org\/da\/supervisum-til-foraeldre-og-bedsteforaeldre\/","title":{"rendered":"Supervisum til for\u00e6ldre og bedstefor\u00e6ldre"},"content":{"rendered":"\n<h3 class=\"wp-block-heading\">Supervisum til for\u00e6ldre og bedstefor\u00e6ldre<\/h3>\n\n<p><strong>Super Visa<\/strong> er et s\u00e6rligt visum til for\u00e6ldre og bedstefor\u00e6ldre til canadiske statsborgere og personer med permanent opholdstilladelse. Det giver mulighed for l\u00e6ngerevarende bes\u00f8g i Canada, hvilket giver en unik mulighed for at tilbringe tid med familien og samtidig nyde godt af fordelene ved flere indrejser over en l\u00e6ngere periode. <\/p>\n\n<hr class=\"wp-block-separator has-alpha-channel-opacity\"\/>\n\n<h3 class=\"wp-block-heading\"><strong>Hvad er et Super Visa?<\/strong><\/h3>\n\n<p>Et <strong>Super Visa<\/strong> er:<\/p>\n\n<ul class=\"wp-block-list\">\n<li>Et <strong>langtidsvisum<\/strong>, der giver berettigede for\u00e6ldre og bedstefor\u00e6ldre mulighed for at bes\u00f8ge Canada i <strong>op til 5 \u00e5r pr. bes\u00f8g<\/strong> uden at skulle forny deres status.<\/li>\n\n\n\n<li>Et <strong>visum til flere indrejser<\/strong>, der er gyldigt i <strong>op til 10 \u00e5r<\/strong>, og som muligg\u00f8r hyppige bes\u00f8g i Canada i l\u00f8bet af visummets gyldighedsperiode.<\/li>\n<\/ul>\n\n<p>Dette visum er ideelt for personer, der planl\u00e6gger at bes\u00f8ge deres b\u00f8rn eller b\u00f8rneb\u00f8rn i l\u00e6ngere tid.<\/p>\n\n<hr class=\"wp-block-separator has-alpha-channel-opacity\"\/>\n\n<h3 class=\"wp-block-heading\"><strong>Kvalifikationskrav til supervisum<\/strong><\/h3>\n\n<p>For at kvalificere sig til et supervisum skal ans\u00f8gere opfylde specifikke kriterier:<\/p>\n\n<ol class=\"wp-block-list\">\n<li><strong>Relation<\/strong>:\n<ul class=\"wp-block-list\">\n<li>V\u00e6re <strong>for\u00e6lder eller bedstefor\u00e6lder<\/strong> til en canadisk statsborger eller fastboende.<\/li>\n<\/ul>\n<\/li>\n\n\n\n<li><strong>Invitationsbrev<\/strong>:\n<ul class=\"wp-block-list\">\n<li>Medbring et invitationsbrev fra dit barn eller barnebarn i Canada.<\/li>\n\n\n\n<li>Brevet skal indeholde:\n<ul class=\"wp-block-list\">\n<li>Et l\u00f8fte om \u00f8konomisk st\u00f8tte under hele dit bes\u00f8g.<\/li>\n\n\n\n<li>Detaljer om jeres forhold.<\/li>\n\n\n\n<li>En liste over v\u00e6rtens husstandsmedlemmer i Canada.<\/li>\n<\/ul>\n<\/li>\n<\/ul>\n<\/li>\n\n\n\n<li><strong>Krav til indkomst<\/strong>:\n<ul class=\"wp-block-list\">\n<li>Barnet eller barnebarnet skal opfylde en <strong>minimumsindkomstgr\u00e6nse<\/strong> baseret p\u00e5 antallet af familiemedlemmer.<\/li>\n<\/ul>\n<\/li>\n\n\n\n<li><strong>Sundhedsforsikring<\/strong>:\n<ul class=\"wp-block-list\">\n<li>K\u00f8b en privat <strong>sygeforsikring<\/strong> fra et canadisk forsikringsselskab, der:\n<ul class=\"wp-block-list\">\n<li>D\u00e6kker dig for mindst <strong>$100.000 CAD.<\/strong><\/li>\n\n\n\n<li>Er gyldigt i <strong>mindst et \u00e5r<\/strong> fra indrejsedatoen.<\/li>\n\n\n\n<li>Inkluderer bevis p\u00e5 fuld betaling (ikke tilbud).<\/li>\n<\/ul>\n<\/li>\n<\/ul>\n<\/li>\n\n\n\n<li><strong>L\u00e6geunders\u00f8gelse<\/strong>:\n<ul class=\"wp-block-list\">\n<li>Gennemf\u00f8r en immigrationsl\u00e6geunders\u00f8gelse for at p\u00e5vise antagelighed.<\/li>\n<\/ul>\n<\/li>\n\n\n\n<li><strong>Yderligere krav<\/strong>:\n<ul class=\"wp-block-list\">\n<li>Bevis, at du har st\u00e6rke b\u00e5nd til dit hjemland, f.eks. familie, \u00f8konomi eller arbejde, for at sikre, at du forlader Canada efter dit bes\u00f8g.<\/li>\n\n\n\n<li>Vis, at du har tilstr\u00e6kkelige midler til dit bes\u00f8g.<\/li>\n<\/ul>\n<\/li>\n<\/ol>\n\n<hr class=\"wp-block-separator has-alpha-channel-opacity\"\/>\n\n<h3 class=\"wp-block-heading\"><strong>Hvor l\u00e6nge kan du blive i Canada?<\/strong><\/h3>\n\n<p>Varigheden af dit ophold afh\u00e6nger af, hvorn\u00e5r du s\u00f8gte om supervisum:<\/p>\n\n<ul class=\"wp-block-list\">\n<li><strong>Ans\u00f8gninger den 22. juni 2023 eller senere:<\/strong>\n<ul class=\"wp-block-list\">\n<li>Indehavere af Super Visa kan blive i <strong>op til 5 \u00e5r pr. bes\u00f8g.<\/strong><\/li>\n<\/ul>\n<\/li>\n\n\n\n<li><strong>Ans\u00f8gninger inden 22. juni 2023<\/strong>:\n<ul class=\"wp-block-list\">\n<li>Du kan blive i <strong>op til 2 \u00e5r pr. bes\u00f8g.<\/strong><\/li>\n<\/ul>\n<\/li>\n<\/ul>\n\n<p>Uanset datoen for din ans\u00f8gning:<\/p>\n\n<ul class=\"wp-block-list\">\n<li>S\u00f8rg for, at dit <strong>pas er gyldigt<\/strong> under hele dit ophold.<\/li>\n\n\n\n<li>Oprethold eller forny din <strong>sygeforsikring<\/strong>, mens du er i Canada eller ved genindrejse.<\/li>\n<\/ul>\n\n<hr class=\"wp-block-separator has-alpha-channel-opacity\"\/>\n\n<h3 class=\"wp-block-heading\"><strong>Fordele ved et supervisum<\/strong><\/h3>\n\n<ol class=\"wp-block-list\">\n<li><strong>Udvidede bes\u00f8g<\/strong>:\n<ul class=\"wp-block-list\">\n<li>Nyd langvarige ophold uden at skulle ans\u00f8ge om forl\u00e6ngelser ofte.<\/li>\n<\/ul>\n<\/li>\n\n\n\n<li><strong>Flere indgange<\/strong>:\n<ul class=\"wp-block-list\">\n<li>Rejs til Canada flere gange i l\u00f8bet af en 10-\u00e5rig periode.<\/li>\n<\/ul>\n<\/li>\n\n\n\n<li><strong>Fred i sindet<\/strong>:\n<ul class=\"wp-block-list\">\n<li>Kravet om sundhedsforsikring sikrer medicinsk d\u00e6kning under dit ophold.<\/li>\n<\/ul>\n<\/li>\n\n\n\n<li><strong>Familiesammenf\u00f8ring<\/strong>:\n<ul class=\"wp-block-list\">\n<li>Skab t\u00e6ttere b\u00e5nd til dine b\u00f8rn og b\u00f8rneb\u00f8rn.<\/li>\n<\/ul>\n<\/li>\n<\/ol>\n","protected":false},"excerpt":{"rendered":"<p>Supervisum til for\u00e6ldre og bedstefor\u00e6ldre Super Visa er et s\u00e6rligt visum til for\u00e6ldre og bedstefor\u00e6ldre til canadiske statsborgere og personer [&hellip;]<\/p>\n","protected":false},"author":1,"featured_media":0,"parent":0,"menu_order":0,"comment_status":"closed","ping_status":"closed","template":"","meta":{"_uag_custom_page_level_css":"","site-sidebar-layout":"default","site-content-layout":"","ast-site-content-layout":"","site-content-style":"default","site-sidebar-style":"default","ast-global-header-display":"","ast-banner-title-visibility":"","ast-main-header-display":"","ast-hfb-above-header-display":"","ast-hfb-below-header-display":"","ast-hfb-mobile-header-display":"","site-post-title":"","ast-breadcrumbs-content":"","ast-featured-img":"","footer-sml-layout":"","theme-transparent-header-meta":"","adv-header-id-meta":"","stick-header-meta":"","header-above-stick-meta":"","header-main-stick-meta":"","header-below-stick-meta":"","astra-migrate-meta-layouts":"default","ast-page-background-enabled":"default","ast-page-background-meta":{"desktop":{"background-color":"var(--ast-global-color-4)","background-image":"","background-repeat":"repeat","background-position":"center center","background-size":"auto","background-attachment":"scroll","background-type":"","background-media":"","overlay-type":"","overlay-color":"","overlay-opacity":"","overlay-gradient":""},"tablet":{"background-color":"","background-image":"","background-repeat":"repeat","background-position":"center center","background-size":"auto","background-attachment":"scroll","background-type":"","background-media":"","overlay-type":"","overlay-color":"","overlay-opacity":"","overlay-gradient":""},"mobile":{"background-color":"","background-image":"","background-repeat":"repeat","background-position":"center center","background-size":"auto","background-attachment":"scroll","background-type":"","background-media":"","overlay-type":"","overlay-color":"","overlay-opacity":"","overlay-gradient":""}},"ast-content-background-meta":{"desktop":{"background-color":"var(--ast-global-color-5)","background-image":"","background-repeat":"repeat","background-position":"center center","background-size":"auto","background-attachment":"scroll","background-type":"","background-media":"","overlay-type":"","overlay-color":"","overlay-opacity":"","overlay-gradient":""},"tablet":{"background-color":"var(--ast-global-color-5)","background-image":"","background-repeat":"repeat","background-position":"center center","background-size":"auto","background-attachment":"scroll","background-type":"","background-media":"","overlay-type":"","overlay-color":"","overlay-opacity":"","overlay-gradient":""},"mobile":{"background-color":"var(--ast-global-color-5)","background-image":"","background-repeat":"repeat","background-position":"center center","background-size":"auto","background-attachment":"scroll","background-type":"","background-media":"","overlay-type":"","overlay-color":"","overlay-opacity":"","overlay-gradient":""}},"footnotes":""},"categories":[],"tags":[],"class_list":["post-1295","page","type-page","status-publish","hentry"],"uagb_featured_image_src":{"full":false,"thumbnail":false,"medium":false,"medium_large":false,"large":false,"1536x1536":false,"2048x2048":false},"uagb_author_info":{"display_name":"admin","author_link":"https:\/\/www.etafast.org\/da\/author\/admin\/"},"uagb_comment_info":0,"uagb_excerpt":"Supervisum til for\u00e6ldre og bedstefor\u00e6ldre Super Visa er et s\u00e6rligt visum til for\u00e6ldre og bedstefor\u00e6ldre til canadiske statsborgere og personer [&hellip;]","_links":{"self":[{"href":"https:\/\/www.etafast.org\/da\/wp-json\/wp\/v2\/pages\/1295","targetHints":{"allow":["GET"]}}],"collection":[{"href":"https:\/\/www.etafast.org\/da\/wp-json\/wp\/v2\/pages"}],"about":[{"href":"https:\/\/www.etafast.org\/da\/wp-json\/wp\/v2\/types\/page"}],"author":[{"embeddable":true,"href":"https:\/\/www.etafast.org\/da\/wp-json\/wp\/v2\/users\/1"}],"replies":[{"embeddable":true,"href":"https:\/\/www.etafast.org\/da\/wp-json\/wp\/v2\/comments?post=1295"}],"version-history":[{"count":1,"href":"https:\/\/www.etafast.org\/da\/wp-json\/wp\/v2\/pages\/1295\/revisions"}],"predecessor-version":[{"id":1296,"href":"https:\/\/www.etafast.org\/da\/wp-json\/wp\/v2\/pages\/1295\/revisions\/1296"}],"wp:attachment":[{"href":"https:\/\/www.etafast.org\/da\/wp-json\/wp\/v2\/media?parent=1295"}],"wp:term":[{"taxonomy":"category","embeddable":true,"href":"https:\/\/www.etafast.org\/da\/wp-json\/wp\/v2\/categories?post=1295"},{"taxonomy":"post_tag","embeddable":true,"href":"https:\/\/www.etafast.org\/da\/wp-json\/wp\/v2\/tags?post=1295"}],"curies":[{"name":"wp","href":"https:\/\/api.w.org\/{rel}","templated":true}]}}