{"id":1183,"date":"2024-12-11T08:29:22","date_gmt":"2024-12-11T07:29:22","guid":{"rendered":"https:\/\/www.etafast.org\/forretningsbesoegende\/"},"modified":"2024-12-11T09:10:49","modified_gmt":"2024-12-11T08:10:49","slug":"forretningsbesoegende","status":"publish","type":"page","link":"https:\/\/www.etafast.org\/da\/forretningsbesoegende\/","title":{"rendered":"Forretningsbes\u00f8gende"},"content":{"rendered":"\n<h3 class=\"wp-block-heading\">Forretningsbes\u00f8gende: Deltagelse i m\u00f8der, events og konferencer i Canada<\/h3>\n\n<p>Forretningsrejsende spiller en vigtig rolle i at fremme international handel og samarbejde. Hvis du planl\u00e6gger at deltage i m\u00f8der, events eller konferencer i Canada som forretningsrejsende, f\u00e5r du her en trin-for-trin-guide til at sikre en problemfri indrejseproces. <\/p>\n\n<hr class=\"wp-block-separator has-alpha-channel-opacity\"\/>\n\n<h3 class=\"wp-block-heading\"><strong>Trin 1: Er du forretningsrejsende, eller har du brug for en arbejdstilladelse?<\/strong><\/h3>\n\n<p>For at kvalificere dig som <strong>forretningsrejsende<\/strong> i Canada skal du:<\/p>\n\n<ul class=\"wp-block-list\">\n<li><strong>Varighed<\/strong>: Planl\u00e6g at blive i <strong>mindre end 6 m\u00e5neder<\/strong>.<\/li>\n\n\n\n<li><strong>Form\u00e5l<\/strong>: Ikke at komme ind p\u00e5 det canadiske arbejdsmarked.<\/li>\n\n\n\n<li><strong>Virksomhedens kilde<\/strong>: S\u00f8rg for, at dit hovedforretningssted, din indkomst og dit overskud forbliver <strong>uden for Canada<\/strong>.<\/li>\n\n\n\n<li><strong>Dokumenter<\/strong>: Hav den n\u00f8dvendige dokumentation til at underst\u00f8tte din ans\u00f8gning.<\/li>\n<\/ul>\n\n<p><strong>Grundl\u00e6ggende adgangskrav<\/strong>:<\/p>\n\n<ul class=\"wp-block-list\">\n<li>Et gyldigt rejsedokument (f.eks. et pas).<\/li>\n\n\n\n<li>Tilstr\u00e6kkelige midler til dit ophold og din hjemrejse.<\/li>\n\n\n\n<li>Bevis for, at du forlader Canada efter endt bes\u00f8g.<\/li>\n\n\n\n<li>Ingen kriminelle, sikkerhedsm\u00e6ssige eller sundhedsm\u00e6ssige risici for canadierne.<\/li>\n<\/ul>\n\n<p><strong>Aktiviteter tilladt som forretningsbes\u00f8gende<\/strong>:<\/p>\n\n<ul class=\"wp-block-list\">\n<li>K\u00f8b af canadiske varer eller tjenesteydelser for en udenlandsk virksomhed eller regering.<\/li>\n\n\n\n<li>At tage imod ordrer p\u00e5 varer eller tjenester.<\/li>\n\n\n\n<li>Deltagelse i m\u00f8der, konferencer, kongresser eller messer.<\/li>\n\n\n\n<li>Levering af eftersalgsservice i henhold til en garanti- eller salgsaftale.<\/li>\n\n\n\n<li>Modtager eller gennemf\u00f8rer tr\u00e6ning relateret til din virksomhed.<\/li>\n<\/ul>\n\n<p><strong>Bem\u00e6rk<\/strong>: Hvis dit bes\u00f8g indeb\u00e6rer ophold i mere end 6 m\u00e5neder eller deltagelse i aktiviteter p\u00e5 det canadiske arbejdsmarked, skal du muligvis have en <strong>arbejdstilladelse<\/strong>.<\/p>\n\n<hr class=\"wp-block-separator has-alpha-channel-opacity\"\/>\n\n<h3 class=\"wp-block-heading\"><strong>Trin 2: Har du brug for et visum eller en eTA?<\/strong><\/h3>\n\n<p>Om du har brug for et <strong>visum<\/strong> eller en <strong>elektronisk rejsetilladelse (eTA)<\/strong> afh\u00e6nger af din nationalitet og dine rejseforhold.<\/p>\n\n<ul class=\"wp-block-list\">\n<li>Brug den <a>canadiske regerings v\u00e6rkt\u00f8j<\/a> til at afg\u00f8re, om du er berettiget.<\/li>\n<\/ul>\n\n<hr class=\"wp-block-separator has-alpha-channel-opacity\"\/>\n\n<h3 class=\"wp-block-heading\"><strong>Trin 3: F\u00e5 en begivenhedskode (hvis relevant)<\/strong><\/h3>\n\n<p>Til arrangementer, m\u00f8der eller konferencer, der er registreret hos <strong>Immigration, Refugees and Citizenship Canada (IRCC):<\/strong><\/p>\n\n<ul class=\"wp-block-list\">\n<li>Din eventarrang\u00f8r vil give dig en <strong>eventkode<\/strong> og instruktioner til din visumans\u00f8gning.<\/li>\n\n\n\n<li>Ved at indtaste arrangementskoden i din ans\u00f8gning kan du identificere dig som deltager.<\/li>\n<\/ul>\n\n<hr class=\"wp-block-separator has-alpha-channel-opacity\"\/>\n\n<h3 class=\"wp-block-heading\"><strong>Trin 4: Ans\u00f8g om visum eller eTA (hvis n\u00f8dvendigt)<\/strong><\/h3>\n\n<ul class=\"wp-block-list\">\n<li><strong>Visum<\/strong>: Indsend en visumans\u00f8gning via den officielle <a>IRCC-hjemmeside<\/a>.<\/li>\n\n\n\n<li><strong>eTA<\/strong>: Ans\u00f8g online om en eTA .<\/li>\n<\/ul>\n\n<hr class=\"wp-block-separator has-alpha-channel-opacity\"\/>\n\n<h3 class=\"wp-block-heading\"><strong>Trin 5: Forbered dokumenter til din rejse<\/strong><\/h3>\n\n<p>N\u00e5r du ankommer til den canadiske gr\u00e6nse, skal du sikre dig, at du har f\u00f8lgende dokumenter (pak dem ikke i din kuffert):<\/p>\n\n<ul class=\"wp-block-list\">\n<li>Et gyldigt pas eller rejsedokument for hele opholdets varighed.<\/li>\n\n\n\n<li>Et gyldigt visum (hvis relevant).<\/li>\n\n\n\n<li>Hvis du har brug for en eTA, skal du rejse med det pas, der blev brugt i din eTA-ans\u00f8gning.<\/li>\n\n\n\n<li>Lovlige permanente beboere i USA skal medbringe et <strong>gyldigt green card<\/strong> (eller tilsvarende bevis p\u00e5 status) og deres pas.<\/li>\n\n\n\n<li>St\u00f8ttebreve fra dit moderselskab og et invitationsbrev fra den canadiske v\u00e6rtsvirksomhed.<\/li>\n\n\n\n<li>Yderligere dokumenter s\u00e5som kontrakter, garantiaftaler eller servicedokumenter (hvis relevant).<\/li>\n\n\n\n<li>Kontaktoplysninger til din virksomhedsv\u00e6rt i Canada.<\/li>\n\n\n\n<li>Bevis for tilstr\u00e6kkelige midler til dit ophold og din hjemrejse.<\/li>\n<\/ul>\n\n<hr class=\"wp-block-separator has-alpha-channel-opacity\"\/>\n\n<h3 class=\"wp-block-heading\"><strong>Mindre\u00e5rige, der rejser med dig<\/strong><\/h3>\n\n<p>Hvis du rejser med b\u00f8rn under 18 \u00e5r, skal du s\u00e6tte dig ind i Canadas regler for mindre\u00e5rige.<\/p>\n\n<ul class=\"wp-block-list\">\n<li>Se adgangskravene for mindre\u00e5rige for at sikre overholdelse af canadiske love, der beskytter b\u00f8rn.<\/li>\n<\/ul>\n\n<hr class=\"wp-block-separator has-alpha-channel-opacity\"\/>\n\n<h3 class=\"wp-block-heading\"><strong>Vigtige bem\u00e6rkninger til forretningsbes\u00f8gende<\/strong><\/h3>\n\n<ul class=\"wp-block-list\">\n<li><strong>Canada-United States-Mexico-aftalen (CUSMA)<\/strong> indeholder yderligere bestemmelser for amerikanske og mexicanske statsborgere, der deltager i aktiviteter som forskning, markedsf\u00f8ring og generelle tjenester.<\/li>\n\n\n\n<li>Sp\u00f8rg altid din m\u00f8de- eller eventarrang\u00f8r om specifikke krav eller vejledning.<\/li>\n\n\n\n<li>Forretningsbes\u00f8gende er begr\u00e6nset til aktiviteter, der ikke involverer direkte besk\u00e6ftigelse i Canada.<\/li>\n<\/ul>\n\n<p>Ved at f\u00f8lge disse trin og sikre, at du har de rigtige dokumenter, kan dit forretningsbes\u00f8g i Canada forl\u00f8be effektivt og med succes.<\/p>\n","protected":false},"excerpt":{"rendered":"<p>Forretningsbes\u00f8gende: Deltagelse i m\u00f8der, events og konferencer i Canada Forretningsrejsende spiller en vigtig rolle i at fremme international handel og [&hellip;]<\/p>\n","protected":false},"author":1,"featured_media":0,"parent":0,"menu_order":0,"comment_status":"closed","ping_status":"closed","template":"","meta":{"_uag_custom_page_level_css":"","site-sidebar-layout":"default","site-content-layout":"","ast-site-content-layout":"","site-content-style":"default","site-sidebar-style":"default","ast-global-header-display":"","ast-banner-title-visibility":"","ast-main-header-display":"","ast-hfb-above-header-display":"","ast-hfb-below-header-display":"","ast-hfb-mobile-header-display":"","site-post-title":"","ast-breadcrumbs-content":"","ast-featured-img":"","footer-sml-layout":"","theme-transparent-header-meta":"","adv-header-id-meta":"","stick-header-meta":"","header-above-stick-meta":"","header-main-stick-meta":"","header-below-stick-meta":"","astra-migrate-meta-layouts":"default","ast-page-background-enabled":"default","ast-page-background-meta":{"desktop":{"background-color":"var(--ast-global-color-4)","background-image":"","background-repeat":"repeat","background-position":"center center","background-size":"auto","background-attachment":"scroll","background-type":"","background-media":"","overlay-type":"","overlay-color":"","overlay-opacity":"","overlay-gradient":""},"tablet":{"background-color":"","background-image":"","background-repeat":"repeat","background-position":"center center","background-size":"auto","background-attachment":"scroll","background-type":"","background-media":"","overlay-type":"","overlay-color":"","overlay-opacity":"","overlay-gradient":""},"mobile":{"background-color":"","background-image":"","background-repeat":"repeat","background-position":"center center","background-size":"auto","background-attachment":"scroll","background-type":"","background-media":"","overlay-type":"","overlay-color":"","overlay-opacity":"","overlay-gradient":""}},"ast-content-background-meta":{"desktop":{"background-color":"var(--ast-global-color-5)","background-image":"","background-repeat":"repeat","background-position":"center center","background-size":"auto","background-attachment":"scroll","background-type":"","background-media":"","overlay-type":"","overlay-color":"","overlay-opacity":"","overlay-gradient":""},"tablet":{"background-color":"var(--ast-global-color-5)","background-image":"","background-repeat":"repeat","background-position":"center center","background-size":"auto","background-attachment":"scroll","background-type":"","background-media":"","overlay-type":"","overlay-color":"","overlay-opacity":"","overlay-gradient":""},"mobile":{"background-color":"var(--ast-global-color-5)","background-image":"","background-repeat":"repeat","background-position":"center center","background-size":"auto","background-attachment":"scroll","background-type":"","background-media":"","overlay-type":"","overlay-color":"","overlay-opacity":"","overlay-gradient":""}},"footnotes":""},"categories":[],"tags":[],"class_list":["post-1183","page","type-page","status-publish","hentry"],"uagb_featured_image_src":{"full":false,"thumbnail":false,"medium":false,"medium_large":false,"large":false,"1536x1536":false,"2048x2048":false},"uagb_author_info":{"display_name":"admin","author_link":"https:\/\/www.etafast.org\/da\/author\/admin\/"},"uagb_comment_info":0,"uagb_excerpt":"Forretningsbes\u00f8gende: Deltagelse i m\u00f8der, events og konferencer i Canada Forretningsrejsende spiller en vigtig rolle i at fremme international handel og [&hellip;]","_links":{"self":[{"href":"https:\/\/www.etafast.org\/da\/wp-json\/wp\/v2\/pages\/1183","targetHints":{"allow":["GET"]}}],"collection":[{"href":"https:\/\/www.etafast.org\/da\/wp-json\/wp\/v2\/pages"}],"about":[{"href":"https:\/\/www.etafast.org\/da\/wp-json\/wp\/v2\/types\/page"}],"author":[{"embeddable":true,"href":"https:\/\/www.etafast.org\/da\/wp-json\/wp\/v2\/users\/1"}],"replies":[{"embeddable":true,"href":"https:\/\/www.etafast.org\/da\/wp-json\/wp\/v2\/comments?post=1183"}],"version-history":[{"count":1,"href":"https:\/\/www.etafast.org\/da\/wp-json\/wp\/v2\/pages\/1183\/revisions"}],"predecessor-version":[{"id":1184,"href":"https:\/\/www.etafast.org\/da\/wp-json\/wp\/v2\/pages\/1183\/revisions\/1184"}],"wp:attachment":[{"href":"https:\/\/www.etafast.org\/da\/wp-json\/wp\/v2\/media?parent=1183"}],"wp:term":[{"taxonomy":"category","embeddable":true,"href":"https:\/\/www.etafast.org\/da\/wp-json\/wp\/v2\/categories?post=1183"},{"taxonomy":"post_tag","embeddable":true,"href":"https:\/\/www.etafast.org\/da\/wp-json\/wp\/v2\/tags?post=1183"}],"curies":[{"name":"wp","href":"https:\/\/api.w.org\/{rel}","templated":true}]}}