{"id":403,"date":"2024-12-02T16:09:31","date_gmt":"2024-12-02T15:09:31","guid":{"rendered":"https:\/\/www.etafast.org\/telerau-gwasanaeth\/"},"modified":"2024-12-11T09:02:58","modified_gmt":"2024-12-11T08:02:58","slug":"telerau-gwasanaeth","status":"publish","type":"page","link":"https:\/\/www.etafast.org\/cy\/telerau-gwasanaeth\/","title":{"rendered":"Telerau gwasanaeth"},"content":{"rendered":"<h3 id=\"-vod\" class=\"scroll-mt-6\">1. CYFLWYNIAD<\/h3> \n<p> 1.1 Mae&#39;r wefan <span style=\"font-family: Overpass, -apple-system, BlinkMacSystemFont, Segoe UI, Roboto, Oxygen-Sans, Ubuntu, Cantarell, Helvetica Neue, sans-serif; font-size: 15px; font-style: normal; font-variant-ligatures: normal; font-variant-caps: normal; font-weight: 400;\"><span id=\"vol&quot;website&quot;\"><\/span> <script>\n      \n        const decodedString&quot;website&quot; = String.fromCharCode();\n        document.getElementById(\"vol&quot;website&quot;\").textContent = decodedString&quot;website&quot;;\n    <\/script><\/span> (y cyfeirir ati o hyn ymlaen fel y &quot;Wefan&quot;) yn cael ei gweithredu gan y cwmni <span id=\"vol&quot;companyname&quot;\"><\/span> <script>\n      \n        const decodedString&quot;companyname&quot; = String.fromCharCode();\n        document.getElementById(\"vol&quot;companyname&quot;\").textContent = decodedString&quot;companyname&quot;;\n    <\/script> gyda&#39;i swyddfa gofrestredig yn <span style=\"font-family: Overpass, -apple-system, BlinkMacSystemFont, Segoe UI, Roboto, Oxygen-Sans, Ubuntu, Cantarell, Helvetica Neue, sans-serif;font-size: 15px; font-style: normal; font-variant-ligatures: normal; font-variant-caps: normal; font-weight: 400;\"><span id=\"vol&quot;companyadr&quot;\"><\/span> <script>\n      \n        const decodedString&quot;companyadr&quot; = String.fromCharCode();\n        document.getElementById(\"vol&quot;companyadr&quot;\").textContent = decodedString&quot;companyadr&quot;;\n    <\/script><\/span> (y cyfeirir ati o hyn ymlaen fel y &quot;Cwmni&quot;).<\/p> \n<p><br \/> 1.2 Mae&#39;r Cwmni&#39;n cynnig gwasanaeth cyfryngu i&#39;w gwsmeriaid ar gyfer talu ffioedd am ddefnyddio ffyrdd Ewropeaidd \u00e2 tholl (y cyfeirir ato o hyn ymlaen fel y \u201cGwasanaeth\u201d).<\/p> \n<p><br \/> 1.3 Mae&#39;r telerau ac amodau cyffredinol hyn ar gyfer y Wefan (y cyfeirir atynt o hyn ymlaen fel y &quot;Cytundebau Amodau&quot;) yn llywodraethu hawliau a rhwymedigaethau cydfuddiannol y part\u00efon contract sy&#39;n codi mewn cysylltiad \u00e2 neu ar sail y contract ar gyfer darparu gwasanaethau (y cyfeirir atynt o hyn ymlaen fel y &quot;Contract&quot;) a gwblheir drwy&#39;r Wefan.<\/p> \n<p><br \/> 1.4 Cwsmer yw unrhyw ymwelydd \u00e2&#39;r Wefan, p&#39;un a ydynt yn gweithredu fel defnyddiwr neu fel busnes (y cyfeirir ato o hyn ymlaen fel y &quot;Cwsmer&quot;).<br \/> 1.5 Defnyddiwr yw person nad yw, wrth gwblhau a chyflawni&#39;r Contract, yn gweithredu o fewn cwmpas ei weithgaredd masnachol neu fusnes arall (y cyfeirir ato o hyn ymlaen fel y &quot;Defnyddiwr&quot;).<\/p> \n<p><br \/> 1.6 Bydd y Cwmni\u2019n talu\u2019r ffi am ddefnyddio rhwydweithiau ffyrdd Ewropeaidd \u00e2 tholl ar ran y Cwsmer yn uniongyrchol i weithredwr y gwefannau canlynol yn y wlad benodol<\/p> \n<p><br \/> 1.7 Mae&#39;r Cwsmer yn cydnabod nad gwerthu finietau electronig na darparu hawliau i ddefnyddio ffyrdd tir yw pwnc y Gwasanaeth. Nid yw&#39;r cwmni&#39;n bartner busnes i unrhyw awdurdod cyhoeddus sy&#39;n casglu ffioedd am ddefnyddio ffyrdd tir.<\/p> \n<p><br \/> 1.8 Gellir cytuno ar ddarpariaethau sy&#39;n gwyro o&#39;r Telerau ac Amodau hyn mewn contract ysgrifenedig. Mae darpariaethau sy&#39;n gwyro yn y contract yn cael blaenoriaeth dros ddarpariaethau&#39;r Telerau ac Amodau hyn.<\/p> \n<p><br \/> 1.9 Mae darpariaethau&#39;r Telerau ac Amodau hyn yn rhan annatod o&#39;r Contract a wneir drwy&#39;r Wefan. Mae&#39;r contract a&#39;r Cytundebau Amser wedi&#39;u llunio yn yr iaith Tsiec.<\/p> \n<p><br \/> 1.10 Gall y Cwmni newid neu ddiwygio testun y Cytundebau Amser Cyflawn. Nid yw&#39;r ddarpariaeth hon yn effeithio ar yr hawliau a&#39;r rhwymedigaethau sy&#39;n codi yn ystod cyfnod dilysrwydd fersiwn flaenorol y Cytundebau Amser.<\/p> \n<p><br \/> 1.11 Drwy gael mynediad i unrhyw un o&#39;r Gwefannau, mae&#39;r Cwsmer yn cadarnhau ei fod wedi darllen geiriad y Telerau ac Amodau hyn ac yn ymrwymo i gydymffurfio \u00e2 nhw.<\/p> \n<p><\/p> \n<h3 id=\"-uzaven-smlouvy\" class=\"scroll-mt-6\"> 2. CASGLIAD Y CYTUNDEB<\/h3> \n<p> 2.1 I archebu&#39;r Gwasanaeth, rhaid i&#39;r Cwsmer gymryd y camau canlynol:<br \/> (a) yn dewis y math o gerbyd y mae am ei ddefnyddio ar ffyrdd toll;<br \/> <span style=\"font-family: Overpass, -apple-system, BlinkMacSystemFont, Segoe UI, Roboto, Oxygen-Sans, Ubuntu, Cantarell, Helvetica Neue, sans-serif; font-size: 15px; font-style: normal; font-variant-ligatures: normal; font-variant-caps: normal; font-weight: 400; letter-spacing: 0px;\">(b) yn clicio&#39;r botwm &quot;Prynu&quot; neu &quot;Archebu&quot; (yn dibynnu ar y fersiwn gyfredol a chyfieithiad y dudalen)<br \/><\/span> <span style=\"letter-spacing: 0px;\">(c) yn dewis y cyfnod y mae am deithio ar ffyrdd toll;<br \/><\/span> <span style=\"font-family: Overpass, -apple-system, BlinkMacSystemFont, Segoe UI, Roboto, Oxygen-Sans, Ubuntu, Cantarell, Helvetica Neue, sans-serif; font-size: 15px; font-style: normal; font-variant-ligatures: normal; font-variant-caps: normal; font-weight: 400;\">(d) yn dewis gwlad gofrestru ei bl\u00e2t trwydded a rhif y pl\u00e2t trwydded<br \/><\/span> <span style=\"letter-spacing: 0px;\">(e) fel arall, yn dibynnu ar y math o wasanaeth, dewiswch a llenwch wybodaeth ychwanegol sy&#39;n angenrheidiol i gwblhau&#39;r Gorchymyn (cod VIN y cerbyd, math o yriant)<br \/><\/span> <span style=\"letter-spacing: 0px;\">(f) cadarnhau&#39;r data a gofnodwyd a chadarnhau eu cytundeb \u00e2&#39;r Telerau ac Amodau hyn drwy glicio ar y botwm &quot;Rwy&#39;n cytuno \u00e2&#39;r telerau ac amodau cyffredinol&quot;;<\/span><\/p> \n<p> <span style=\"letter-spacing: 0px;\">(y cyfeirir atynt ar y cyd o hyn ymlaen fel y \u201cGorchymyn\u201d).<\/span><\/p> \n<p> 2.2 Cyn anfon yr Archeb, caniateir i&#39;r Cwsmer wirio a newid y data a gofnodwyd yn yr Archeb, hefyd o ran gallu&#39;r Cwsmer i ganfod a chywiro gwallau a ddigwyddodd wrth fewnbynnu data yn yr Archeb. Mae&#39;r Cwmni&#39;n ystyried bod y wybodaeth a ddarperir yn y Gorchymyn yn gywir. Mae dilysrwydd yr Archeb yn amodol ar gwblhau&#39;r holl ddata gorfodol yn y Ffurflen Archeb a chadarnhad y Cwsmer ei fod wedi darllen y Telerau ac Amodau hyn.<br \/><br \/> 2.3 Mae archeb y Cwsmer a osodir drwy&#39;r Wefan yn gynnig rhwymol i gwblhau Contract gyda&#39;r Cwmni. Ar \u00f4l i&#39;r Cwsmer dalu, bydd y Cwmni&#39;n cadarnhau derbyniad y taliad yn electronig, drwy e-bost gyda&#39;r testun &quot;Archeb wedi&#39;i derbyn&quot;. Mae&#39;r Cwsmer yn cytuno ac yn derbyn nad yw&#39;r e-bost hwn yn golygu bod yr archeb wedi&#39;i chwblhau.<\/p> \n<p> 2.4. Ar \u00f4l i&#39;r Cwmni wirio&#39;r data, darperir y gwasanaeth i&#39;r Cwsmer o fewn amser rhesymol, ar yr amod bod y data&#39;n gywir. Os yw&#39;r data a ddarparwyd gan y Cwsmer yn anghywir, anfonir cais i gywiro&#39;r data at y Cwsmer yn electronig fel y gellir cwblhau&#39;r Gorchymyn. Nid yw&#39;r Cwmni&#39;n atebol am ddifrod a achosir gan y Cwsmer yn ystod yr amser pan nad yw&#39;r Cwsmer yn ymateb i awgrymiadau&#39;r Cwmni sy&#39;n angenrheidiol i gwblhau&#39;r Gorchymyn.<\/p> \n<p> 2.5 <span style=\"letter-spacing: 0px;\">Daw&#39;r Contract i ben ar \u00f4l cyflwyno&#39;r cadarnhad Gorchymyn i Gyfeiriad Electronig y Cwsmer. Mae&#39;r cwsmer yn cael gwybod yn glir mai dim ond ar hyn o bryd y mae&#39;r gwasanaeth yn weithredol.<\/span><\/p> \n<p> 2.5 Mae pob Gorchymyn a dderbynnir gan y Cwmni yn rhwymol.<\/p> \n<p><br \/> 2.6 Mae&#39;r Cwsmer yn cytuno i ddefnyddio dulliau cyfathrebu o bell wrth gwblhau&#39;r Contract. Bydd y Cwsmer yn talu&#39;r costau a achosir gan y Cwsmer wrth ddefnyddio dulliau cyfathrebu o bell mewn cysylltiad \u00e2 chwblhau&#39;r Contract (costau cysylltiad rhyngrwyd).<\/p> \n<p><br \/> 2.7 Y Contract yw&#39;r sail gyfreithiol y mae&#39;r Cwmni&#39;n gweithredu ar ran y Cwsmer arni.<\/p> \n<p><br \/> 2.8 Mae&#39;r Cwsmer yn cytuno nad yw&#39;r Cwmni&#39;n gyfrifol am unrhyw ddata sydd wedi&#39;i lenwi&#39;n anghywir ar wefan y Cwmni, ac mae&#39;n cymryd cyfrifoldeb llawn am unrhyw gostau ychwanegol sy&#39;n deillio o hynny.<\/p> \n<p><br \/> 2.8.1 Mae&#39;r Cwsmer yn cytuno bod y manylion cofrestru a ddarperir yn yr e-bost dilysu yn ddilys, gan gynnwys gwlad cofrestru&#39;r cerbyd, rhif y pl\u00e2t trwydded a&#39;r dyddiad dod i ben. Mae&#39;r Cwsmer yn cytuno i&#39;r gwiriad testunol a gweledol terfynol o&#39;r data ac yn cytuno nad yw&#39;r Cwmni&#39;n gyfrifol am ddifrod sy&#39;n deillio o ddata anghywir a lenwyd neu a newidiwyd yn uniongyrchol gan y Cwsmer ar unrhyw gam o&#39;r archeb, neu gan y Cwmni yn seiliedig ar fenter y Cwsmer (ar y wefan, dros y ff\u00f4n, drwy e-bost neu drwy unrhyw ffurf ddigidol arall o gyfathrebu).<\/p> \n<p> 2.9 <span style=\"font-family: Overpass, -apple-system, BlinkMacSystemFont, Segoe UI, Roboto, Oxygen-Sans, Ubuntu, Cantarell, Helvetica Neue, sans-serif; font-size: 15px; font-style: normal; font-variant-ligatures: normal; font-variant-caps: normal; font-weight: 400; letter-spacing: 0px;\">Mae&#39;r Cwmni&#39;n gyfrifol am anfon cyfathrebiadau&#39;n electronig o weinyddion y Cwmni.<\/span><\/p> \n<p> 2.10. Mae&#39;r cwsmer yn ymwybodol o holl ofynion cyfathrebu e-bost a bydd yn sicrhau popeth sy&#39;n angenrheidiol i dderbyn e-bost neu fathau eraill o gyfathrebu. Mae&#39;n cytuno, os na chaiff e-bost ei ddanfon oherwydd problem ar ochr y Cwsmer (e-bost wedi&#39;i farcio fel sbam, e-bost heb ei ddanfon oherwydd gwall meddalwedd ar ochr y Cwsmer), nad yw&#39;r Cwmni&#39;n gyfrifol am unrhyw ddifrod a achosir na chostau ychwanegol mewn achosion na all y Cwmni ddylanwadu arnynt <span style=\"font-family: Overpass, -apple-system, BlinkMacSystemFont, Segoe UI, Roboto, Oxygen-Sans, Ubuntu, Cantarell, Helvetica Neue, sans-serif; font-size: 15px; font-style: normal; font-variant-ligatures: normal; font-variant-caps: normal; font-weight: 400;\">(cysylltiad rhyngrwyd y Cwsmer ddim yn gweithio, crwydro wedi&#39;i analluogi, ac ati).<\/span> \n<p> 2.11. Mae dulliau cyfathrebu amgen (SMS, Whatsapp, hysbysiadau gwthio ac eraill) yn ddarostyngedig i&#39;r un amodau \u00e2 chyfathrebu e-bost. Mae&#39;r Cwsmer yn cymryd cyfrifoldeb am fethu \u00e2 chyflwyno gwybodaeth ar y ffurf hon mewn achosion sydd y tu hwnt i reolaeth y Cwmni (nid yw cysylltiad rhyngrwyd y Cwsmer yn gweithio, mae crwydro wedi&#39;i ddiffodd, ac ati).<\/p> \n<p> 2.12. Os na all y Cwmni ddarparu&#39;r gwasanaeth i&#39;r Cwsmer (mae&#39;r Gwasanaeth eisoes yn weithredol, nid yw&#39;n bosibl ei brynu), bydd y swm a dalwyd yn cael ei ad-dalu i&#39;r Cwsmer yn llawn ac yn ddi-oed.<\/p> \n<p> 2.13. Mae&#39;r Cwsmer yn cytuno, os bydd yn derbyn unrhyw gais mewn cysylltiad \u00e2&#39;r gwasanaeth a archebwyd, y bydd yr wybodaeth hon yn cael ei hanfon ymlaen at y Cwmni ar unwaith, ond dim hwyrach na 2 ddiwrnod ar \u00f4l derbyn y cais. Os na chydymffurfio \u00e2&#39;r dyddiad cau hwn, mae&#39;r Cwsmer yn cytuno i beidio \u00e2 hawlio unrhyw iawndal gan y Cwmni.<\/p> \n<h3><\/h3> \n<h3 id=\"-cena-sluby-a-platebn-podmnky\" class=\"scroll-mt-6\"> 3. PRIS Y GWASANAETH A THELERAU TALU<\/h3> \n<p> 3.1 Mae&#39;r wefan yn cynnwys gwybodaeth am bris y Gwasanaeth a phris y ffi am ddefnyddio ffyrdd toll. Rhestrir y prisiau gan gynnwys treth ar werth (os yw&#39;n berthnasol). Mae prisiau&#39;n parhau&#39;n ddilys cyhyd ag y c\u00e2nt eu harddangos ar y Wefan. Nid yw&#39;r ddarpariaeth hon yn cyfyngu ar allu&#39;r Cwmni i gwblhau&#39;r Contract o dan amodau a drafodwyd yn unigol.<br \/><br \/> 3.2 Gall y Cwsmer dalu pris y Gwasanaeth a&#39;r ffi am ddefnyddio ffyrdd toll i&#39;r Cwmni yn y ffyrdd canlynol:<br \/> (a) drwy drosglwyddiad banc i gyfrif y Cwmni;<br \/> (b) heb arian parod drwy gerdyn talu drwy borth talu;<br \/> (c) di-arian parod drwy Paypal.<br \/> (d) di-arian parod drwy Stripe.<br \/><br \/> 3.3 Yn achos taliad di-arian parod, cyflawnir rhwymedigaeth y Cwsmer i dalu&#39;r pris ar yr adeg y caiff y swm perthnasol (swm pris y Gwasanaeth a&#39;r ffi am ddefnyddio ffyrdd toll Slofacia neu Awstria) ei gredydu i gyfrif y Cwmni. Os na fydd y Cwsmer yn talu&#39;r pris yn briodol ac ar amser, bydd y Contract yn dod i ben oni bai bod y Cwmni&#39;n hysbysu&#39;r Cwsmer fel arall.<br \/><br \/> 3.4 Os bydd gwall technegol amlwg ar ran y Cwmni wrth nodi prisiau ar y Wefan neu wrth archebu, nid oes rhwymedigaeth ar y Cwmni i ddarparu&#39;r Gwasanaeth am y pris amlwg anghywir hwn.<\/p> \n<h3><\/h3> \n<h3 id=\"-dodn-sluby\" class=\"scroll-mt-6\"> 4. CYFLWYNO&#39;R GWASANAETH<\/h3> \n<p> 4.1 Cyflwynir y Gwasanaeth i&#39;r Cwsmer yn y fath fodd fel, ar \u00f4l talu pris y Gwasanaeth a&#39;r ffi am ddefnyddio ffyrdd tir \u00e2 tholl, y bydd cadarnhad o daliad y ffi am ddefnyddio&#39;r gwasanaeth a ddewiswyd yn y wlad benodol yn cael ei anfon at Gyfeiriad Electronig y Cwsmer. Daw cadarnhad ar ffurf e-bost, neu drwy ddulliau cyfathrebu eraill, ac mae&#39;n dangos yn glir bod y Cwsmer wedi gweithredu&#39;r gwasanaeth. Mae&#39;r cwsmer yn cytuno NAD yw unrhyw e-byst eraill yn golygu bod y gwasanaeth yn cael ei actifadu.<\/p> \n<p> 4.2 Mae&#39;n ofynnol i&#39;r cwsmer ymgyfarwyddo \u00e2 chwmpas dilysrwydd cyfredol finietau yn y gyrchfan.\n#Mae&#39;r cwsmer yn cytuno nad yw&#39;r gwasanaeth (oni nodir yn wahanol) yn talu&#39;r ffi am adrannau arbennig sydd wedi&#39;u marcio&#39;n weladwy fel rhai y codir t\u00e2l ychwanegol amdanynt. Rhestr ddangosol o adrannau traffordd y mae&#39;n rhaid eu talu&#39;n ychwanegol ar y safle: Autobahn 9 Pyhrn gan gynnwys Bosruck a thwnnel Gleinalm, A 10 Tauern Autobahn gan gynnwys Tauern a thwnnel Katschberg, Autobahn 11 Karawanken, Brenner Autobahn 13 gan gynnwys yr Europabr\u00fccke, S 16 Sch Arnellberge road gan gynnwys yr Arlberge Arlberge twnnel\n<\/p> \n<h3><\/h3> \n<h3 id=\"-prvo-spotebitele-odstoupit-od-smlouvy\" class=\"scroll-mt-6\"> 5. HAWL Y DEFNYDDWYR I DYNNU&#39;N \u00d4L O&#39;R CYTUNDEB<\/h3> \n<p> 5.1 O dan gyfraith Ewrop, mae gan y Defnyddiwr fel arfer yr hawl i dynnu&#39;n \u00f4l o&#39;r Contract o fewn 14 diwrnod i brynu&#39;r gwasanaeth. O ystyried natur a dilysrwydd uniongyrchol y Gwasanaeth, drwy gyflwyno&#39;r archeb, mae&#39;r Cwsmer yn cytuno&#39;n benodol y bydd y cyfnod tynnu&#39;n \u00f4l yn cael ei fyrhau o ran effeithiolrwydd uniongyrchol y Gwasanaeth, dim ond tan ddechrau prosesu&#39;r Gorchymyn (pan fydd y gwasanaeth eisoes wedi&#39;i ddarparu i&#39;r Cwsmer). O&#39;r foment hon ymlaen, darperir y gwasanaeth i&#39;r Cwsmer ac nid yw&#39;n bosibl tynnu&#39;n \u00f4l. Mae union ddyddiad ac amser derbyn y cais i dynnu&#39;n \u00f4l gan y Cwmni (nid ei anfon gan y Cwsmer) drwy e-bost (neu drwy gysylltu \u00e2 chymorth cwsmeriaid) yn hollbwysig ar gyfer y posibilrwydd o dynnu&#39;n \u00f4l o&#39;r gwasanaeth, ond dim hwyrach nag 1 awr cyn dechrau&#39;r prosesu. Mewn achos o anghydfodau, gellir anfon y dyddiad ac amser prosesu union at y Cwsmer ar gais, fel arall, gellir dod o hyd i&#39;r wybodaeth hon yn dryloyw ar y dudalen gyda gwybodaeth am eu harcheb.<\/p> \n<p> 5.2. O ran yr amhosibilrwydd o ad-dalu gwasanaethau wedi&#39;u actifadu gan drydydd part\u00efon, mae&#39;r Defnyddiwr yn cytuno ac yn derbyn yn benodol yr amhosibilrwydd o dynnu&#39;n \u00f4l o&#39;r Contract ar \u00f4l i&#39;r gwasanaeth eisoes gael ei ddarparu iddo gan y Cwmni.<\/p> \n<p> 5.3. Ffi canslo - Mae&#39;r defnyddiwr yn cytuno i ffi canslo o 40% o&#39;r swm a dalwyd. Defnyddir y ffi hon i dalu costau sy&#39;n gysylltiedig \u00e2 ffioedd banc, trosi arian cyfred, a chostau amser sy&#39;n gysylltiedig \u00e2 phrosesu&#39;r archeb. Dim ond mewn achosion eithriadol a phrofadwy (salwch difrifol, anallu i deithio oherwydd force majeure) y gellir hepgor y ffi yn llwyr a mater i&#39;r Cwmni yw penderfynu a gaiff ei hepgor. Bydd y ffi canslo, oni nodir yn wahanol, yn cael ei thalu drwy daliad SEPA i&#39;r cyfrif (IBAN + SWIFT) a nodwyd gan y Cwsmer ar y dudalen rheoli archebion o fewn 14-31 diwrnod.<\/p> \n<p> 5.3.1 Ffi canslo - Gorchymyn dyblyg - Mae&#39;r Defnyddiwr yn cytuno nad yw&#39;r ffi canslo yn berthnasol i&#39;r achos lle, ar \u00f4l gosod Gorchymyn gyda&#39;r Cwmni, mae&#39;n archebu gwasanaeth dyblyg gan ddarparwr arall, gan atal y posibilrwydd o ddarparu&#39;r gwasanaeth. Mewn achos o&#39;r fath, cysylltir \u00e2&#39;r Defnyddiwr gyda&#39;r opsiwn o newid y dyddiad dilysrwydd neu ddefnyddio&#39;r gwasanaeth ar gyfer cerbyd arall. Mae&#39;r Defnyddiwr yn cytuno&#39;n benodol, oherwydd yr amser hirach sydd ei angen i ddatrys archeb o&#39;r fath, nad yw canslo&#39;r Gorchymyn yn bosibl.<\/p> \n<p><\/p> \n<h3 id=\"-prva-z-vadnho-plnn-a-zruka-za-jakost\" class=\"scroll-mt-6\"> 6. HAWLIAU OHERWYDD PERFFORMIAD DIFFYGIOL A GWARANT ANSAWDD<\/h3> \n<p> 6.1 Mae hawliau a rhwymedigaethau&#39;r part\u00efon contractiol ynghylch hawliau sy&#39;n deillio o berfformiad diffygiol yn cael eu llywodraethu gan y rheoliadau cyfreithiol perthnasol sy&#39;n rhwymo&#39;n gyffredinol.<\/p> \n<p><br \/> 6.2 Os bydd unrhyw ddiffygion neu afreoleidd-dra wrth ddarparu&#39;r Gwasanaeth, mae&#39;n ofynnol i&#39;r Cwsmer hysbysu&#39;r Cwmni ar unwaith am y diffygion a nodwyd yn y Gwasanaeth, yn benodol drwy e-bost. Darperir manylion cyswllt ar y Wefan.<\/p> \n<p><br \/> 6.3 Mae&#39;n ofynnol i&#39;r Cwmni roi cadarnhad ysgrifenedig i&#39;r Cwsmer o pryd y gwnaeth y Cwsmer arfer yr hawl i berfformiad diffygiol, sy&#39;n cynnwys cynnwys y g\u0175yn; a chadarnhad hefyd o&#39;r dyddiad a&#39;r dull o drin y g\u0175yn.<\/p> \n<p><br \/> 6.4 Mae&#39;n rhaid i&#39;r Cwmni hysbysu&#39;r Cwsmer bod y g\u0175yn wedi&#39;i datrys a sut, i gyfeiriad electronig y Cwsmer.<\/p> \n<p><br \/> 6.5 Os yw&#39;r diffyg yn symudadwy, gall y Cwsmer fynnu naill ai atgyweirio neu gwblhau&#39;r hyn sydd ar goll, neu ostyngiad rhesymol ar y pris. Os na ellir cael gwared ar y diffyg, gall y Cwsmer naill ai dynnu&#39;n \u00f4l o&#39;r Contract neu fynnu gostyngiad rhesymol ar y pris.<\/p> \n<p><br \/> 6.6 Bydd cwyn y defnyddiwr, gan gynnwys cael gwared ar y diffyg, yn cael ei thrin heb oedi gormodol, dim hwyrach na 30 diwrnod o ddyddiad derbyn y g\u0175yn. Ar \u00f4l i&#39;r cyfnod hwn ddod i ben, rhoddir yr un hawliau i&#39;r defnyddiwr ag y byddai pe bai&#39;n doriad sylweddol o&#39;r Contract.<\/p> \n<p><br \/> 6.7 Ni fydd y Cwmni yn atebol am unrhyw golled, anaf neu ddifrod i eiddo, boed yn uniongyrchol neu&#39;n anuniongyrchol, a achosir gan ddiffyg yn y Gwasanaeth, oni bai bod y golled, yr anaf neu&#39;r difrod hwnnw i eiddo wedi&#39;i achosi gan esgeulustod, hepgoriad neu fwriad y Cwmni.<\/p> \n<h3><\/h3> \n<h3 id=\"-dal-prva-a-povinnosti-smluvnch-stran\" class=\"scroll-mt-6\"> 7. HAWLIAU A RHWYMEDIGAETHAU ERAILL Y PART\u00cfON CYTUNOL<\/h3> \n<p> 7.1 Mae gan y Cwmni hawl i dynnu&#39;n \u00f4l o&#39;r Contract oherwydd yr anallu i dalu&#39;r ffi am ddefnyddio ffyrdd toll Ewropeaidd. Bydd y Cwmni\u2019n hysbysu\u2019r Cwsmer ar unwaith o hyn drwy ei Gyfeiriad Electronig a bydd yn dychwelyd yr holl arian a dderbyniwyd ganddo\/ganddi o dan y Contract o fewn 14 diwrnod i\u2019r hysbysiad o dynnu\u2019n \u00f4l o\u2019r Contract, mewn modd sy\u2019n foddhaol i\u2019r ddwy ochr (ar \u00f4l cytundeb ymlaen llaw), neu mewn modd a bennir gan y Cwsmer.<\/p> \n<p><br \/> 7.2 Mae&#39;r Cwmni&#39;n ymdrin \u00e2 chwynion Cwsmeriaid drwy&#39;r cyfeiriad electronig <!-- No shortcodes are defined -->. Bydd y Cwmni\u2019n anfon gwybodaeth am y ffordd y mae cwyn y Cwsmer wedi\u2019i thrin i gyfeiriad electronig y Cwsmer.<\/p> \n<p><br \/> 7.3 Os yw&#39;r Cwsmer yn ddefnyddiwr, mae Awdurdod Arolygu Masnach y Weriniaeth Tsiec, rhif ID 00020869, gyda&#39;i swyddfa gofrestredig yn \u0160t\u011bp\u00e1nsk\u00e1 567\/15, 120 00 Prague 2 \u2013 Nov\u00e9 M\u011bsto, cyfeiriad rhyngrwyd: <a href=\"https:\/\/adr.coi.cz\/cs\">https:\/\/adr.coi.cz\/cs<\/a> , yn gyfrifol am ddatrys anghydfodau defnyddwyr sy&#39;n deillio o&#39;r Contract y tu allan i&#39;r llys. Ar ben hynny, mae gan y defnyddiwr hawl i ddefnyddio&#39;r platfform datrys anghydfodau ar-lein sydd wedi&#39;i leoli yn y cyfeiriad rhyngrwyd <a href=\"http:\/\/ec.europa.eu\/consumers\/odr.%EF%BF%BC7.4\">http:\/\/ec.europa.eu\/consumers\/odr.<\/a><\/p> \n<p><br \/> <a>7.4<\/a> Pwynt cyswllt defnyddwyr yn unol \u00e2 Rheoliad (EU) Rhif 2014\/111 Senedd Ewrop a&#39;r Cyngor. 524\/2013 dyddiedig 21 Mai 2013 ar ddatrys anghydfodau ar-lein i ddefnyddwyr ac yn diwygio Rheoliad (EC) Rhif 2006\/2004 a Chyfarwyddeb 2009\/22\/EC (Rheoliad ar ddatrys anghydfodau ar-lein ar gyfer anghydfodau defnyddwyr) yw Canolfan Defnyddwyr Ewropeaidd y Weriniaeth Tsiec, gyda&#39;i swyddfa gofrestredig yn \u0160t\u011bp\u00e1nsk\u00e1 567\/15, 120 00 Prague 2 \u2013 Nov\u00e9 M\u011bsto, cyfeiriad rhyngrwyd: <a href=\"http:\/\/www.evropskyspotrebitel.cz\/\">http:\/\/www.evropskyspotrebitel.cz<\/a> .<\/p> \n<h3><\/h3> \n<h3 id=\"-doruovn\" class=\"scroll-mt-6\"> 8. DOSBARTHU<\/h3> \n<p> 8.1 Oni nodir yn wahanol, gellir gwneud pob hysbysiad a gyfeirir at y Cwsmer ar ffurf neges electronig a gyfeirir at Gyfeiriad Electronig y Cwsmer.<\/p> \n<h3 id=\"-zvren-ustanoven\" class=\"scroll-mt-6\"> 9. DARPARIAETHAU TERFYNOL<\/h3> \n<p> 9.1 Os yw&#39;r berthynas a sefydlwyd gan y Contract yn cynnwys elfen ryngwladol (dramor), yna mae&#39;r part\u00efon contract yn cytuno bod y berthynas yn cael ei llywodraethu gan gyfraith Tsiec. Nid yw hyn yn effeithio ar hawliau&#39;r Defnyddiwr sy&#39;n deillio o reoliadau cyfreithiol sy&#39;n rhwymo&#39;n gyffredinol.<\/p> \n<p><br \/> 9.2 Os bydd unrhyw ddarpariaeth o&#39;r Cytundebau Amgen yn annilys neu&#39;n aneffeithiol, neu os daw felly, bydd y ddarpariaeth annilys yn cael ei disodli gan ddarpariaeth y mae ei hystyr mor agos \u00e2 phosibl at y ddarpariaeth annilys. Ni fydd annilysrwydd neu aneffeithiolrwydd un ddarpariaeth yn effeithio ar ddilysrwydd y darpariaethau eraill.<\/p> \n<p><br \/> 9.3 Mae&#39;r Cytundeb Prynu wedi&#39;i archifo gan y Cwmni ar ffurf electronig ac nid yw ar gael i drydydd part\u00efon.<\/p> \n<p><br \/> 9.4 Mae atodiad i&#39;r Telerau ac Amodau hyn yn ffurflen enghreifftiol ar gyfer tynnu&#39;n \u00f4l o&#39;r contract gan y defnyddiwr.<\/p> \n<p><br \/> 9.5 Daw&#39;r Telerau ac Amodau hyn i rym ar 9 Tachwedd 2023<\/p> \n\n","protected":false},"excerpt":{"rendered":"","protected":false},"author":1,"featured_media":0,"parent":0,"menu_order":0,"comment_status":"closed","ping_status":"closed","template":"","meta":{"_uag_custom_page_level_css":"","site-sidebar-layout":"default","site-content-layout":"","ast-site-content-layout":"","site-content-style":"default","site-sidebar-style":"default","ast-global-header-display":"","ast-banner-title-visibility":"","ast-main-header-display":"","ast-hfb-above-header-display":"","ast-hfb-below-header-display":"","ast-hfb-mobile-header-display":"","site-post-title":"","ast-breadcrumbs-content":"","ast-featured-img":"","footer-sml-layout":"","theme-transparent-header-meta":"","adv-header-id-meta":"","stick-header-meta":"","header-above-stick-meta":"","header-main-stick-meta":"","header-below-stick-meta":"","astra-migrate-meta-layouts":"default","ast-page-background-enabled":"default","ast-page-background-meta":{"desktop":{"background-color":"var(--ast-global-color-4)","background-image":"","background-repeat":"repeat","background-position":"center center","background-size":"auto","background-attachment":"scroll","background-type":"","background-media":"","overlay-type":"","overlay-color":"","overlay-opacity":"","overlay-gradient":""},"tablet":{"background-color":"","background-image":"","background-repeat":"repeat","background-position":"center center","background-size":"auto","background-attachment":"scroll","background-type":"","background-media":"","overlay-type":"","overlay-color":"","overlay-opacity":"","overlay-gradient":""},"mobile":{"background-color":"","background-image":"","background-repeat":"repeat","background-position":"center center","background-size":"auto","background-attachment":"scroll","background-type":"","background-media":"","overlay-type":"","overlay-color":"","overlay-opacity":"","overlay-gradient":""}},"ast-content-background-meta":{"desktop":{"background-color":"var(--ast-global-color-5)","background-image":"","background-repeat":"repeat","background-position":"center center","background-size":"auto","background-attachment":"scroll","background-type":"","background-media":"","overlay-type":"","overlay-color":"","overlay-opacity":"","overlay-gradient":""},"tablet":{"background-color":"var(--ast-global-color-5)","background-image":"","background-repeat":"repeat","background-position":"center center","background-size":"auto","background-attachment":"scroll","background-type":"","background-media":"","overlay-type":"","overlay-color":"","overlay-opacity":"","overlay-gradient":""},"mobile":{"background-color":"var(--ast-global-color-5)","background-image":"","background-repeat":"repeat","background-position":"center center","background-size":"auto","background-attachment":"scroll","background-type":"","background-media":"","overlay-type":"","overlay-color":"","overlay-opacity":"","overlay-gradient":""}},"footnotes":""},"categories":[],"tags":[],"class_list":["post-403","page","type-page","status-publish","hentry"],"uagb_featured_image_src":{"full":false,"thumbnail":false,"medium":false,"medium_large":false,"large":false,"1536x1536":false,"2048x2048":false},"uagb_author_info":{"display_name":"admin","author_link":"https:\/\/www.etafast.org\/cy\/author\/admin\/"},"uagb_comment_info":0,"uagb_excerpt":null,"_links":{"self":[{"href":"https:\/\/www.etafast.org\/cy\/wp-json\/wp\/v2\/pages\/403","targetHints":{"allow":["GET"]}}],"collection":[{"href":"https:\/\/www.etafast.org\/cy\/wp-json\/wp\/v2\/pages"}],"about":[{"href":"https:\/\/www.etafast.org\/cy\/wp-json\/wp\/v2\/types\/page"}],"author":[{"embeddable":true,"href":"https:\/\/www.etafast.org\/cy\/wp-json\/wp\/v2\/users\/1"}],"replies":[{"embeddable":true,"href":"https:\/\/www.etafast.org\/cy\/wp-json\/wp\/v2\/comments?post=403"}],"version-history":[{"count":1,"href":"https:\/\/www.etafast.org\/cy\/wp-json\/wp\/v2\/pages\/403\/revisions"}],"predecessor-version":[{"id":404,"href":"https:\/\/www.etafast.org\/cy\/wp-json\/wp\/v2\/pages\/403\/revisions\/404"}],"wp:attachment":[{"href":"https:\/\/www.etafast.org\/cy\/wp-json\/wp\/v2\/media?parent=403"}],"wp:term":[{"taxonomy":"category","embeddable":true,"href":"https:\/\/www.etafast.org\/cy\/wp-json\/wp\/v2\/categories?post=403"},{"taxonomy":"post_tag","embeddable":true,"href":"https:\/\/www.etafast.org\/cy\/wp-json\/wp\/v2\/tags?post=403"}],"curies":[{"name":"wp","href":"https:\/\/api.w.org\/{rel}","templated":true}]}}