{"id":224,"date":"2024-12-11T08:25:47","date_gmt":"2024-12-11T07:25:47","guid":{"rendered":"https:\/\/www.etafast.org\/potrebujete-kartu-visa\/"},"modified":"2024-12-11T08:43:58","modified_gmt":"2024-12-11T07:43:58","slug":"potrebujete-kartu-visa","status":"publish","type":"page","link":"https:\/\/www.etafast.org\/cs\/potrebujete-kartu-visa\/","title":{"rendered":"Pot\u0159ebujete kartu VISA?"},"content":{"rendered":"\n<h3 class=\"wp-block-heading\">Jak zjistit, zda pot\u0159ebujete v\u00edzum pro cestu do Kanady?<\/h3>\n\n<p>V z\u00e1vislosti na st\u00e1tn\u00ed p\u0159\u00edslu\u0161nosti a zp\u016fsobu cestov\u00e1n\u00ed mus\u00ed m\u00edt cestuj\u00edc\u00ed do Kanady <strong>n\u00e1v\u0161t\u011bvnick\u00e9 v\u00edzum<\/strong> nebo <strong>elektronick\u00e9 cestovn\u00ed povolen\u00ed (eTA<\/strong> ). Zde se dozv\u00edte, co pot\u0159ebujete: <\/p>\n\n<hr class=\"wp-block-separator has-alpha-channel-opacity\"\/>\n\n<h3 class=\"wp-block-heading\"><strong>Krok 1: Zkontrolujte svou st\u00e1tn\u00ed p\u0159\u00edslu\u0161nost<\/strong><\/h3>\n\n<p>Typ cestovn\u00edho dokladu, kter\u00fd pot\u0159ebujete, z\u00e1vis\u00ed p\u0159edev\u0161\u00edm na va\u0161\u00ed st\u00e1tn\u00ed p\u0159\u00edslu\u0161nosti. Cestuj\u00edc\u00ed pat\u0159\u00ed do jedn\u00e9 ze t\u0159\u00ed kategori\u00ed: <\/p>\n\n<ol class=\"wp-block-list\">\n<li><strong>Cestuj\u00edc\u00ed bez v\u00edzov\u00e9 povinnosti (pot\u0159ebuj\u00ed povolen\u00ed eTA<\/strong>)<br\/>Pokud jste ob\u010danem zem\u011b bez v\u00edzov\u00e9 povinnosti, pot\u0159ebujete povolen\u00ed eTA, pokud cestujete do Kanady nebo p\u0159es ni letecky. Mezi zem\u011b osvobozen\u00e9 od v\u00edzov\u00e9 povinnosti pat\u0159\u00ed nap\u0159: <ul><li>Austr\u00e1lie<\/li><li>N\u011bmecko<\/li><li>Japonsko<\/li><li>Spojen\u00e9 kr\u00e1lovstv\u00ed<\/li><li>Francie<br\/><em>(tento seznam nen\u00ed \u00fapln\u00fd)<\/em>.<\/li><\/ul><strong>D\u016fle\u017eit\u00e9<\/strong>: Pokud do Kanady p\u0159ij\u00ed\u017ed\u00edte autem, autobusem, vlakem nebo lod\u00ed, v\u010detn\u011b v\u00fdletn\u00ed plavby, NEpot\u0159ebujete povolen\u00ed eTA ani n\u00e1v\u0161t\u011bvnick\u00e9 v\u00edzum.<\/li>\n\n\n\n<li><strong>Cestuj\u00edc\u00ed s v\u00edzovou povinnost\u00ed (pot\u0159ebuj\u00ed n\u00e1v\u0161t\u011bvnick\u00e9 v\u00edzum<\/strong>)<br>Ob\u010dan\u00e9 zem\u00ed, kter\u00e9 nejsou na seznamu zem\u00ed osvobozen\u00fdch od v\u00edzov\u00e9 povinnosti, pot\u0159ebuj\u00ed pro cestu do Kanady n\u00e1v\u0161t\u011bvnick\u00e9 v\u00edzum (zn\u00e1m\u00e9 tak\u00e9 jako v\u00edzum pro do\u010dasn\u00fd pobyt), a to bez ohledu na zp\u016fsob cesty.<br>Mezi zem\u011b s v\u00edzovou povinnost\u00ed pat\u0159\u00ed nap\u0159\u00edklad:\n<ul class=\"wp-block-list\">\n<li>Indie<\/li>\n\n\n\n<li>\u010c\u00edna<\/li>\n\n\n\n<li>P\u00e1kist\u00e1n<br\/><em>(tento seznam nen\u00ed \u00fapln\u00fd).<\/em><\/li>\n<\/ul>\n<\/li>\n\n\n\n<li><strong>Cestuj\u00edc\u00ed s v\u00edzovou povinnost\u00ed (mohou m\u00edt n\u00e1rok na povolen\u00ed eTA<\/strong>)<br>Pokud poch\u00e1z\u00edte ze zem\u011b s v\u00edzovou povinnost\u00ed, ale spl\u0148ujete ur\u010dit\u00e9 podm\u00ednky, m\u016f\u017eete m\u00edsto v\u00edza po\u017e\u00e1dat o povolen\u00ed eTA. Mezi tyto podm\u00ednky pat\u0159\u00ed: <ul><li>Dr\u017eitel platn\u00e9ho nep\u0159ist\u011bhovaleck\u00e9ho v\u00edza USA, NEBO<\/li><li>dr\u017een\u00ed kanadsk\u00e9ho n\u00e1v\u0161t\u011bvnick\u00e9ho v\u00edza v posledn\u00edch 10 letech.<\/li><\/ul>Mezi zem\u011b zp\u016fsobil\u00e9 pro tuto mo\u017enost pat\u0159\u00ed:\n<ul class=\"wp-block-list\">\n<li>Braz\u00edlie<\/li>\n\n\n\n<li>Mexiko<\/li>\n\n\n\n<li>Filip\u00edny<br\/><em>(tento seznam nen\u00ed \u00fapln\u00fd).<\/em><\/li>\n<\/ul>\n<\/li>\n<\/ol>\n\n<hr class=\"wp-block-separator has-alpha-channel-opacity\"\/>\n\n<h3 class=\"wp-block-heading\"><strong>Krok 2: Zva\u017ete sv\u016fj zp\u016fsob cestov\u00e1n\u00ed<\/strong><\/h3>\n\n<p>Pot\u0159ebn\u00fd cestovn\u00ed doklad z\u00e1vis\u00ed tak\u00e9 na zp\u016fsobu vstupu do Kanady:<\/p>\n\n<figure class=\"wp-block-table\"><table class=\"has-fixed-layout\"><thead><tr><th><strong>Zp\u016fsob cestov\u00e1n\u00ed<\/strong><\/th><th><strong>Po\u017eadavek<\/strong><\/th><\/tr><\/thead><tbody><tr><td>Let na kanadsk\u00e9 leti\u0161t\u011b nebo tranzit p\u0159es kanadsk\u00e9 leti\u0161t\u011b<\/td><td>eTA (pro cestuj\u00edc\u00ed bez v\u00edzov\u00e9 povinnosti) nebo n\u00e1v\u0161t\u011bvnick\u00e9 v\u00edzum.<\/td><\/tr><tr><td>Vjezd autem, autobusem, vlakem nebo lod\u00ed (v\u010detn\u011b plavby).<\/td><td>N\u00e1v\u0161t\u011bvnick\u00e1 v\u00edza (pro cestuj\u00edc\u00ed s v\u00edzovou povinnost\u00ed)<\/td><\/tr><tr><td>Cestov\u00e1n\u00ed s platn\u00fdm kanadsk\u00fdm v\u00edzem<\/td><td>Nen\u00ed t\u0159eba povolen\u00ed eTA, pou\u017eijte v\u00edzum<\/td><\/tr><\/tbody><\/table><\/figure>\n\n<hr class=\"wp-block-separator has-alpha-channel-opacity\"\/>\n\n<h3 class=\"wp-block-heading\"><strong>Krok 3: V\u00fdjimky z pravidla<\/strong><\/h3>\n\n<ol class=\"wp-block-list\">\n<li><strong>Ob\u010dan\u00e9 USA<\/strong><br\/>Ob\u010dan\u00e9 USA nepot\u0159ebuj\u00ed povolen\u00ed eTA ani n\u00e1v\u0161t\u011bvnick\u00e9 v\u00edzum. Pot\u0159ebuj\u00ed pouze platn\u00fd americk\u00fd pas. <\/li>\n\n\n\n<li><strong>Kanad\u0161t\u00ed ob\u010dan\u00e9 (v\u010detn\u011b dvoj\u00edho ob\u010danstv\u00ed<\/strong>)<br\/>Kanad\u0161t\u00ed ob\u010dan\u00e9 nemohou \u017e\u00e1dat o povolen\u00ed eTA nebo v\u00edzum. Mus\u00ed cestovat s platn\u00fdm kanadsk\u00fdm pasem. <\/li>\n\n\n\n<li><strong>St\u00e1l\u00ed obyvatel\u00e9 Kanady<\/strong><br>St\u00e1l\u00ed obyvatel\u00e9 Kanady nemohou \u017e\u00e1dat o povolen\u00ed eTA. Mus\u00ed cestovat s: \n<ul class=\"wp-block-list\">\n<li>Platn\u00fd pr\u016fkaz trval\u00e9ho pobytu, NEBO<\/li>\n\n\n\n<li>Cestovn\u00ed doklad pro trval\u00fd pobyt.<\/li>\n<\/ul>\n<\/li>\n\n\n\n<li>St\u00e1l\u00ed <strong>obyvatel\u00e9 USA<\/strong><br>Od 26. dubna 2022 nepot\u0159ebuj\u00ed z\u00e1konn\u00ed st\u00e1l\u00ed obyvatel\u00e9 USA povolen\u00ed eTA. Mus\u00ed v\u0161ak m\u00edt u sebe: \n<ul class=\"wp-block-list\">\n<li>platn\u00fd cestovn\u00ed pas sv\u00e9 st\u00e1tn\u00ed p\u0159\u00edslu\u0161nosti a<\/li>\n\n\n\n<li>Platn\u00e1 zelen\u00e1 karta nebo rovnocenn\u00fd doklad o statusu.<\/li>\n<\/ul>\n<\/li>\n<\/ol>\n\n<hr class=\"wp-block-separator has-alpha-channel-opacity\"\/>\n\n<h3 class=\"wp-block-heading\"><strong>Krok 4: Pou\u017eijte n\u00e1stroj kanadsk\u00e9 vl\u00e1dy<\/strong><\/h3>\n\n<p>Chcete-li si ov\u011b\u0159it, zda pot\u0159ebujete v\u00edzum nebo povolen\u00ed eTA, m\u016f\u017eete pou\u017e\u00edt ofici\u00e1ln\u00ed <a>n\u00e1stroj<\/a> kanadsk\u00e9 vl\u00e1dy <a>pro cestovn\u00ed doklady<\/a>. Sta\u010d\u00ed zadat svou st\u00e1tn\u00ed p\u0159\u00edslu\u0161nost, zp\u016fsob cestov\u00e1n\u00ed a \u00fa\u010del n\u00e1v\u0161t\u011bvy a z\u00edsk\u00e1te personalizovan\u00e9 v\u00fdsledky. <\/p>\n\n<hr class=\"wp-block-separator has-alpha-channel-opacity\"\/>\n\n<h3 class=\"wp-block-heading\"><strong>Z\u00e1v\u011bre\u010dn\u00e9 pozn\u00e1mky<\/strong><\/h3>\n\n<ul class=\"wp-block-list\">\n<li>Ujist\u011bte se, \u017ee jste o spr\u00e1vn\u00fd doklad po\u017e\u00e1dali v dostate\u010dn\u00e9m p\u0159edstihu p\u0159ed datem cesty.<\/li>\n\n\n\n<li>V\u00edzum nebo povolen\u00ed eTA nezaru\u010duje vstup do Kanady. Mus\u00edte se p\u0159esv\u011bd\u010dit, \u017ee spl\u0148ujete v\u0161echny po\u017eadavky pro vstup do Kanady. <\/li>\n<\/ul>\n\n<p><\/p>\n","protected":false},"excerpt":{"rendered":"<p>Jak zjistit, zda pot\u0159ebujete v\u00edzum pro cestu do Kanady? V z\u00e1vislosti na st\u00e1tn\u00ed p\u0159\u00edslu\u0161nosti a zp\u016fsobu cestov\u00e1n\u00ed mus\u00ed m\u00edt cestuj\u00edc\u00ed [&hellip;]<\/p>\n","protected":false},"author":1,"featured_media":0,"parent":0,"menu_order":0,"comment_status":"closed","ping_status":"closed","template":"","meta":{"_uag_custom_page_level_css":"","site-sidebar-layout":"default","site-content-layout":"","ast-site-content-layout":"","site-content-style":"default","site-sidebar-style":"default","ast-global-header-display":"","ast-banner-title-visibility":"","ast-main-header-display":"","ast-hfb-above-header-display":"","ast-hfb-below-header-display":"","ast-hfb-mobile-header-display":"","site-post-title":"","ast-breadcrumbs-content":"","ast-featured-img":"","footer-sml-layout":"","theme-transparent-header-meta":"","adv-header-id-meta":"","stick-header-meta":"","header-above-stick-meta":"","header-main-stick-meta":"","header-below-stick-meta":"","astra-migrate-meta-layouts":"default","ast-page-background-enabled":"default","ast-page-background-meta":{"desktop":{"background-color":"var(--ast-global-color-4)","background-image":"","background-repeat":"repeat","background-position":"center center","background-size":"auto","background-attachment":"scroll","background-type":"","background-media":"","overlay-type":"","overlay-color":"","overlay-opacity":"","overlay-gradient":""},"tablet":{"background-color":"","background-image":"","background-repeat":"repeat","background-position":"center center","background-size":"auto","background-attachment":"scroll","background-type":"","background-media":"","overlay-type":"","overlay-color":"","overlay-opacity":"","overlay-gradient":""},"mobile":{"background-color":"","background-image":"","background-repeat":"repeat","background-position":"center center","background-size":"auto","background-attachment":"scroll","background-type":"","background-media":"","overlay-type":"","overlay-color":"","overlay-opacity":"","overlay-gradient":""}},"ast-content-background-meta":{"desktop":{"background-color":"var(--ast-global-color-5)","background-image":"","background-repeat":"repeat","background-position":"center center","background-size":"auto","background-attachment":"scroll","background-type":"","background-media":"","overlay-type":"","overlay-color":"","overlay-opacity":"","overlay-gradient":""},"tablet":{"background-color":"var(--ast-global-color-5)","background-image":"","background-repeat":"repeat","background-position":"center center","background-size":"auto","background-attachment":"scroll","background-type":"","background-media":"","overlay-type":"","overlay-color":"","overlay-opacity":"","overlay-gradient":""},"mobile":{"background-color":"var(--ast-global-color-5)","background-image":"","background-repeat":"repeat","background-position":"center center","background-size":"auto","background-attachment":"scroll","background-type":"","background-media":"","overlay-type":"","overlay-color":"","overlay-opacity":"","overlay-gradient":""}},"footnotes":""},"categories":[],"tags":[],"class_list":["post-224","page","type-page","status-publish","hentry"],"uagb_featured_image_src":{"full":false,"thumbnail":false,"medium":false,"medium_large":false,"large":false,"1536x1536":false,"2048x2048":false},"uagb_author_info":{"display_name":"admin","author_link":"https:\/\/www.etafast.org\/cs\/author\/admin\/"},"uagb_comment_info":0,"uagb_excerpt":"Jak zjistit, zda pot\u0159ebujete v\u00edzum pro cestu do Kanady? V z\u00e1vislosti na st\u00e1tn\u00ed p\u0159\u00edslu\u0161nosti a zp\u016fsobu cestov\u00e1n\u00ed mus\u00ed m\u00edt cestuj\u00edc\u00ed [&hellip;]","_links":{"self":[{"href":"https:\/\/www.etafast.org\/cs\/wp-json\/wp\/v2\/pages\/224","targetHints":{"allow":["GET"]}}],"collection":[{"href":"https:\/\/www.etafast.org\/cs\/wp-json\/wp\/v2\/pages"}],"about":[{"href":"https:\/\/www.etafast.org\/cs\/wp-json\/wp\/v2\/types\/page"}],"author":[{"embeddable":true,"href":"https:\/\/www.etafast.org\/cs\/wp-json\/wp\/v2\/users\/1"}],"replies":[{"embeddable":true,"href":"https:\/\/www.etafast.org\/cs\/wp-json\/wp\/v2\/comments?post=224"}],"version-history":[{"count":1,"href":"https:\/\/www.etafast.org\/cs\/wp-json\/wp\/v2\/pages\/224\/revisions"}],"predecessor-version":[{"id":225,"href":"https:\/\/www.etafast.org\/cs\/wp-json\/wp\/v2\/pages\/224\/revisions\/225"}],"wp:attachment":[{"href":"https:\/\/www.etafast.org\/cs\/wp-json\/wp\/v2\/media?parent=224"}],"wp:term":[{"taxonomy":"category","embeddable":true,"href":"https:\/\/www.etafast.org\/cs\/wp-json\/wp\/v2\/categories?post=224"},{"taxonomy":"post_tag","embeddable":true,"href":"https:\/\/www.etafast.org\/cs\/wp-json\/wp\/v2\/tags?post=224"}],"curies":[{"name":"wp","href":"https:\/\/api.w.org\/{rel}","templated":true}]}}