{"id":222,"date":"2024-12-11T08:26:43","date_gmt":"2024-12-11T07:26:43","guid":{"rendered":"https:\/\/www.etafast.org\/prodlouzeni-pobytu-v-kanade\/"},"modified":"2024-12-11T08:43:57","modified_gmt":"2024-12-11T07:43:57","slug":"prodlouzeni-pobytu-v-kanade","status":"publish","type":"page","link":"https:\/\/www.etafast.org\/cs\/prodlouzeni-pobytu-v-kanade\/","title":{"rendered":"Prodlou\u017een\u00ed pobytu v Kanad\u011b"},"content":{"rendered":"\n<h3 class=\"wp-block-heading\">Prodlou\u017een\u00ed pobytu v Kanad\u011b: Z\u00e1znam o n\u00e1v\u0161t\u011bv\u011b<\/h3>\n\n<p>Pokud chcete v Kanad\u011b z\u016fstat d\u00e9le, ne\u017e je va\u0161e p\u016fvodn\u00ed povolen\u00e1 doba pobytu, mus\u00edte po\u017e\u00e1dat o <strong>z\u00e1znam o n\u00e1v\u0161t\u011bv\u011b<\/strong>. Z\u00e1znam o n\u00e1v\u0161t\u011bv\u011b je z\u00e1sadn\u00ed dokument, kter\u00fd v\u00e1m umo\u017en\u00ed prodlou\u017eit si pobyt, ani\u017e byste poru\u0161ili imigra\u010dn\u00ed pravidla. <\/p>\n\n<hr class=\"wp-block-separator has-alpha-channel-opacity\"\/>\n\n<h3 class=\"wp-block-heading\"><strong>Co je to z\u00e1znam n\u00e1v\u0161t\u011bvn\u00edka?<\/strong><\/h3>\n\n<p>Z\u00e1znam o n\u00e1v\u0161t\u011bv\u011b <strong>nen\u00ed v\u00edzum<\/strong>. Jedn\u00e1 se o \u00fa\u0159edn\u00ed dokument, kter\u00fd: <\/p>\n\n<ul class=\"wp-block-list\">\n<li>Opr\u00e1v\u0148uje v\u00e1s k del\u0161\u00edmu pobytu v Kanad\u011b jako <strong>n\u00e1v\u0161t\u011bvn\u00edka<\/strong>, pracovn\u00edka opr\u00e1vn\u011bn\u00e9ho pracovat bez povolen\u00ed nebo studenta opr\u00e1vn\u011bn\u00e9ho studovat bez povolen\u00ed.<\/li>\n\n\n\n<li>Ur\u010duje nov\u00e9 datum ukon\u010den\u00ed platnosti, do kter\u00e9ho mus\u00edte opustit Kanadu.<\/li>\n<\/ul>\n\n<hr class=\"wp-block-separator has-alpha-channel-opacity\"\/>\n\n<h3 class=\"wp-block-heading\"><strong>Kdy po\u017e\u00e1dat o z\u00e1znam n\u00e1v\u0161t\u011bvn\u00edka<\/strong><\/h3>\n\n<p>O z\u00e1znam n\u00e1v\u0161t\u011bvn\u00edka mus\u00edte po\u017e\u00e1dat <strong>p\u0159ed vypr\u0161en\u00edm platnosti st\u00e1vaj\u00edc\u00edho statusu<\/strong>.<\/p>\n\n<ul class=\"wp-block-list\">\n<li>Zkontrolujte raz\u00edtko v pasu nebo p\u00edsemn\u00e9 potvrzen\u00ed o d\u00e9lce povolen\u00e9ho pobytu vydan\u00e9 p\u0159i vstupu do Kanady.<\/li>\n\n\n\n<li>Pokud nebylo uvedeno \u017e\u00e1dn\u00e9 konkr\u00e9tn\u00ed datum, v\u00e1\u0161 status obvykle vypr\u0161\u00ed <strong>6 m\u011bs\u00edc\u016f od data p\u0159\u00edjezdu<\/strong>.<\/li>\n<\/ul>\n\n<hr class=\"wp-block-separator has-alpha-channel-opacity\"\/>\n\n<h3 class=\"wp-block-heading\"><strong>Kdo m\u016f\u017ee po\u017e\u00e1dat o z\u00e1znam n\u00e1v\u0161t\u011bvn\u00edka?<\/strong><\/h3>\n\n<p>O z\u00e1znam n\u00e1v\u0161t\u011bvn\u00edka m\u016f\u017eete po\u017e\u00e1dat, pokud:<\/p>\n\n<ul class=\"wp-block-list\">\n<li>jste do Kanady vstoupili na z\u00e1klad\u011b n\u00e1v\u0161t\u011bvnick\u00e9ho v\u00edza, elektronick\u00e9ho povolen\u00ed k pobytu nebo jin\u00e9ho platn\u00e9ho cestovn\u00edho dokladu a nyn\u00ed si chcete prodlou\u017eit povolen\u00fd pobyt.<\/li>\n\n\n\n<li>jste v sou\u010dasn\u00e9 dob\u011b v Kanad\u011b jako n\u00e1v\u0161t\u011bvn\u00edk, pracovn\u00edk nebo student bez povolen\u00ed a chcete si prodlou\u017eit sv\u016fj status.<\/li>\n<\/ul>\n\n<hr class=\"wp-block-separator has-alpha-channel-opacity\"\/>\n\n<h3 class=\"wp-block-heading\"><strong>Jak po\u017e\u00e1dat o z\u00e1znam n\u00e1v\u0161t\u011bvn\u00edka<\/strong><\/h3>\n\n<p>\u017d\u00e1dost o z\u00e1znam n\u00e1v\u0161t\u011bvn\u00edka se pod\u00e1v\u00e1 v n\u00e1sleduj\u00edc\u00edch kroc\u00edch:<\/p>\n\n<ol class=\"wp-block-list\">\n<li><strong>P\u0159ipravte si dokumenty<\/strong>:\n<ul class=\"wp-block-list\">\n<li>Platn\u00fd cestovn\u00ed pas nebo cestovn\u00ed doklad (ujist\u011bte se, \u017ee je platn\u00fd po celou dobu va\u0161eho prodlou\u017een\u00e9ho pobytu).<\/li>\n\n\n\n<li>Doklad o dostate\u010dn\u00e9m mno\u017estv\u00ed finan\u010dn\u00edch prost\u0159edk\u016f na \u017eivobyt\u00ed b\u011bhem prodlou\u017een\u00e9ho pobytu.<\/li>\n\n\n\n<li>Jasn\u00e9 vysv\u011btlen\u00ed, pro\u010d si p\u0159ejete prodlou\u017eit sv\u016fj pobyt v Kanad\u011b.<\/li>\n<\/ul>\n<\/li>\n\n\n\n<li><strong>Odesl\u00e1n\u00ed \u017e\u00e1dosti online:<\/strong>\n<ul class=\"wp-block-list\">\n<li>Vypl\u0148te formul\u00e1\u0159 \u017e\u00e1dosti prost\u0159ednictv\u00edm <a>port\u00e1lu IRCC<\/a>.<\/li>\n\n\n\n<li>Zapla\u0165te poplatek za \u017e\u00e1dost, kter\u00fd za\u010d\u00edn\u00e1 na <strong> 100 USD<\/strong>.<\/li>\n<\/ul>\n<\/li>\n\n\n\n<li><strong>P\u0159ihlaste se v\u010das<\/strong>:\n<ul class=\"wp-block-list\">\n<li>Doba vy\u0159\u00edzen\u00ed \u017e\u00e1dosti je p\u0159ibli\u017en\u011b <strong>126 dn\u00ed,<\/strong> proto je nutn\u00e9 podat \u017e\u00e1dost s dostate\u010dn\u00fdm p\u0159edstihem p\u0159ed vypr\u0161en\u00edm st\u00e1vaj\u00edc\u00edho statusu.<\/li>\n\n\n\n<li>Pokud v\u00e1\u0161 status vypr\u0161\u00ed v pr\u016fb\u011bhu vy\u0159izov\u00e1n\u00ed \u017e\u00e1dosti, budete m\u00edt <strong>implicitn\u00ed status<\/strong> a m\u016f\u017eete v Kanad\u011b leg\u00e1ln\u011b z\u016fstat a\u017e do rozhodnut\u00ed.<\/li>\n<\/ul>\n<\/li>\n<\/ol>\n\n<hr class=\"wp-block-separator has-alpha-channel-opacity\"\/>\n\n<h3 class=\"wp-block-heading\"><strong>Po pod\u00e1n\u00ed \u017e\u00e1dosti<\/strong><\/h3>\n\n<ul class=\"wp-block-list\">\n<li><strong>Schv\u00e1len\u00ed<\/strong>: Pokud je va\u0161e \u017e\u00e1dost schv\u00e1lena, obdr\u017e\u00edte z\u00e1znam o n\u00e1v\u0161t\u011bv\u011b s uveden\u00edm nov\u00e9ho data platnosti.<\/li>\n\n\n\n<li><strong>Odm\u00edtnut\u00ed<\/strong>: Pokud je va\u0161e \u017e\u00e1dost zam\u00edtnuta, mus\u00edte okam\u017eit\u011b opustit Kanadu.<\/li>\n\n\n\n<li><strong>Implicitn\u00ed stav<\/strong>: Pokud jste po\u017e\u00e1dali o status p\u0159ed vypr\u0161en\u00edm platnosti, m\u016f\u017eete b\u011bhem \u010dek\u00e1n\u00ed na rozhodnut\u00ed z\u016fstat v Kanad\u011b leg\u00e1ln\u011b.<\/li>\n<\/ul>\n\n<hr class=\"wp-block-separator has-alpha-channel-opacity\"\/>\n\n<h3 class=\"wp-block-heading\"><strong>Cestov\u00e1n\u00ed mimo Kanadu<\/strong><\/h3>\n\n<p>Z\u00e1znam o n\u00e1v\u0161t\u011bv\u011b <strong>nezaru\u010duje op\u011btovn\u00fd vstup do Kanady<\/strong>. Pokud opust\u00edte Kanadu b\u011bhem prodlou\u017een\u00e9ho pobytu a pl\u00e1nujete se vr\u00e1tit, budete pot\u0159ebovat: <\/p>\n\n<ul class=\"wp-block-list\">\n<li>platn\u00e9 <strong>n\u00e1v\u0161t\u011bvnick\u00e9 v\u00edzum<\/strong> nebo <strong>povolen\u00ed eTA<\/strong> pro op\u011btovn\u00fd vstup do Kanady a<\/li>\n\n\n\n<li>Z\u00e1znam o n\u00e1v\u0161t\u011bv\u011b, kter\u00fd prokazuje prodlou\u017een\u00ed povolen\u00e9ho pobytu.<\/li>\n<\/ul>\n\n<hr class=\"wp-block-separator has-alpha-channel-opacity\"\/>\n\n<h3 class=\"wp-block-heading\"><strong>Kl\u00ed\u010dov\u00e9 poplatky a doba zpracov\u00e1n\u00ed<\/strong><\/h3>\n\n<ul class=\"wp-block-list\">\n<li><strong>Poplatky<\/strong>: Za \u017e\u00e1dost o z\u00e1znam n\u00e1v\u0161t\u011bvn\u00edka se plat\u00ed od <strong> 100 USD<\/strong>.<\/li>\n\n\n\n<li><strong>Doba zpracov\u00e1n\u00ed<\/strong>: P\u0159ibli\u017en\u011b <strong>126 dn\u00ed<\/strong> (m\u016f\u017ee se li\u0161it).<\/li>\n<\/ul>\n\n<hr class=\"wp-block-separator has-alpha-channel-opacity\"\/>\n\n<h3 class=\"wp-block-heading\"><strong>D\u016fle\u017eit\u00e9 pozn\u00e1mky<\/strong><\/h3>\n\n<ul class=\"wp-block-list\">\n<li>Ujist\u011bte se, \u017ee v\u00e1\u0161 cestovn\u00ed pas je platn\u00fd po celou dobu pobytu.<\/li>\n\n\n\n<li>Z\u00e1znam o n\u00e1v\u0161t\u011bv\u011b v\u00e1m neumo\u017e\u0148uje pracovat nebo studovat v Kanad\u011b. K t\u011bmto \u010dinnostem budete pot\u0159ebovat pracovn\u00ed nebo studijn\u00ed povolen\u00ed. <\/li>\n\n\n\n<li>P\u0159ekro\u010den\u00ed povolen\u00e9ho pobytu bez \u017e\u00e1dosti o prodlou\u017een\u00ed m\u016f\u017ee m\u00edt za n\u00e1sledek pr\u00e1vn\u00ed sankce a m\u016f\u017ee ovlivnit budouc\u00ed cesty do Kanady.<\/li>\n<\/ul>\n\n<p>Pl\u00e1nov\u00e1n\u00ed prodlou\u017een\u00ed pobytu v Kanad\u011b vy\u017eaduje p\u0159\u00edpravu a v\u010dasn\u00e9 pod\u00e1n\u00ed \u017e\u00e1dosti. Dodr\u017een\u00edm postupu si m\u016f\u017eete u\u017e\u00edt del\u0161\u00edho pobytu a z\u00e1rove\u0148 dodr\u017eet kanadsk\u00e9 imigra\u010dn\u00ed z\u00e1kony. <\/p>\n","protected":false},"excerpt":{"rendered":"<p>Prodlou\u017een\u00ed pobytu v Kanad\u011b: Z\u00e1znam o n\u00e1v\u0161t\u011bv\u011b Pokud chcete v Kanad\u011b z\u016fstat d\u00e9le, ne\u017e je va\u0161e p\u016fvodn\u00ed povolen\u00e1 doba pobytu, [&hellip;]<\/p>\n","protected":false},"author":1,"featured_media":0,"parent":0,"menu_order":0,"comment_status":"closed","ping_status":"closed","template":"","meta":{"_uag_custom_page_level_css":"","site-sidebar-layout":"default","site-content-layout":"","ast-site-content-layout":"","site-content-style":"default","site-sidebar-style":"default","ast-global-header-display":"","ast-banner-title-visibility":"","ast-main-header-display":"","ast-hfb-above-header-display":"","ast-hfb-below-header-display":"","ast-hfb-mobile-header-display":"","site-post-title":"","ast-breadcrumbs-content":"","ast-featured-img":"","footer-sml-layout":"","theme-transparent-header-meta":"","adv-header-id-meta":"","stick-header-meta":"","header-above-stick-meta":"","header-main-stick-meta":"","header-below-stick-meta":"","astra-migrate-meta-layouts":"default","ast-page-background-enabled":"default","ast-page-background-meta":{"desktop":{"background-color":"var(--ast-global-color-4)","background-image":"","background-repeat":"repeat","background-position":"center center","background-size":"auto","background-attachment":"scroll","background-type":"","background-media":"","overlay-type":"","overlay-color":"","overlay-opacity":"","overlay-gradient":""},"tablet":{"background-color":"","background-image":"","background-repeat":"repeat","background-position":"center center","background-size":"auto","background-attachment":"scroll","background-type":"","background-media":"","overlay-type":"","overlay-color":"","overlay-opacity":"","overlay-gradient":""},"mobile":{"background-color":"","background-image":"","background-repeat":"repeat","background-position":"center center","background-size":"auto","background-attachment":"scroll","background-type":"","background-media":"","overlay-type":"","overlay-color":"","overlay-opacity":"","overlay-gradient":""}},"ast-content-background-meta":{"desktop":{"background-color":"var(--ast-global-color-5)","background-image":"","background-repeat":"repeat","background-position":"center center","background-size":"auto","background-attachment":"scroll","background-type":"","background-media":"","overlay-type":"","overlay-color":"","overlay-opacity":"","overlay-gradient":""},"tablet":{"background-color":"var(--ast-global-color-5)","background-image":"","background-repeat":"repeat","background-position":"center center","background-size":"auto","background-attachment":"scroll","background-type":"","background-media":"","overlay-type":"","overlay-color":"","overlay-opacity":"","overlay-gradient":""},"mobile":{"background-color":"var(--ast-global-color-5)","background-image":"","background-repeat":"repeat","background-position":"center center","background-size":"auto","background-attachment":"scroll","background-type":"","background-media":"","overlay-type":"","overlay-color":"","overlay-opacity":"","overlay-gradient":""}},"footnotes":""},"categories":[],"tags":[],"class_list":["post-222","page","type-page","status-publish","hentry"],"uagb_featured_image_src":{"full":false,"thumbnail":false,"medium":false,"medium_large":false,"large":false,"1536x1536":false,"2048x2048":false},"uagb_author_info":{"display_name":"admin","author_link":"https:\/\/www.etafast.org\/cs\/author\/admin\/"},"uagb_comment_info":0,"uagb_excerpt":"Prodlou\u017een\u00ed pobytu v Kanad\u011b: Z\u00e1znam o n\u00e1v\u0161t\u011bv\u011b Pokud chcete v Kanad\u011b z\u016fstat d\u00e9le, ne\u017e je va\u0161e p\u016fvodn\u00ed povolen\u00e1 doba pobytu, [&hellip;]","_links":{"self":[{"href":"https:\/\/www.etafast.org\/cs\/wp-json\/wp\/v2\/pages\/222","targetHints":{"allow":["GET"]}}],"collection":[{"href":"https:\/\/www.etafast.org\/cs\/wp-json\/wp\/v2\/pages"}],"about":[{"href":"https:\/\/www.etafast.org\/cs\/wp-json\/wp\/v2\/types\/page"}],"author":[{"embeddable":true,"href":"https:\/\/www.etafast.org\/cs\/wp-json\/wp\/v2\/users\/1"}],"replies":[{"embeddable":true,"href":"https:\/\/www.etafast.org\/cs\/wp-json\/wp\/v2\/comments?post=222"}],"version-history":[{"count":1,"href":"https:\/\/www.etafast.org\/cs\/wp-json\/wp\/v2\/pages\/222\/revisions"}],"predecessor-version":[{"id":223,"href":"https:\/\/www.etafast.org\/cs\/wp-json\/wp\/v2\/pages\/222\/revisions\/223"}],"wp:attachment":[{"href":"https:\/\/www.etafast.org\/cs\/wp-json\/wp\/v2\/media?parent=222"}],"wp:term":[{"taxonomy":"category","embeddable":true,"href":"https:\/\/www.etafast.org\/cs\/wp-json\/wp\/v2\/categories?post=222"},{"taxonomy":"post_tag","embeddable":true,"href":"https:\/\/www.etafast.org\/cs\/wp-json\/wp\/v2\/tags?post=222"}],"curies":[{"name":"wp","href":"https:\/\/api.w.org\/{rel}","templated":true}]}}