{"id":220,"date":"2024-12-11T08:28:06","date_gmt":"2024-12-11T07:28:06","guid":{"rendered":"https:\/\/www.etafast.org\/superviza-pro-rodice-a-prarodice\/"},"modified":"2024-12-11T08:43:57","modified_gmt":"2024-12-11T07:43:57","slug":"superviza-pro-rodice-a-prarodice","status":"publish","type":"page","link":"https:\/\/www.etafast.org\/cs\/superviza-pro-rodice-a-prarodice\/","title":{"rendered":"Superv\u00edza pro rodi\u010de a prarodi\u010de"},"content":{"rendered":"\n<h3 class=\"wp-block-heading\">Superv\u00edza pro rodi\u010de a prarodi\u010de<\/h3>\n\n<p><strong>Superv\u00edzum<\/strong> je speci\u00e1ln\u00ed v\u00edzum ur\u010den\u00e9 pro rodi\u010de a prarodi\u010de kanadsk\u00fdch ob\u010dan\u016f a osob s trval\u00fdm pobytem. Umo\u017e\u0148uje del\u0161\u00ed n\u00e1v\u0161t\u011bvy Kanady a poskytuje jedine\u010dnou p\u0159\u00edle\u017eitost tr\u00e1vit \u010das s rodinou a z\u00e1rove\u0148 vyu\u017e\u00edvat v\u00fdhod v\u00edcen\u00e1sobn\u00fdch dlouhodob\u00fdch vstup\u016f. <\/p>\n\n<hr class=\"wp-block-separator has-alpha-channel-opacity\"\/>\n\n<h3 class=\"wp-block-heading\"><strong>Co je to Super Visa?<\/strong><\/h3>\n\n<p><strong>Super Visa<\/strong> je:<\/p>\n\n<ul class=\"wp-block-list\">\n<li><strong>Dlouhodob\u00e9 v\u00edzum<\/strong>, kter\u00e9 umo\u017e\u0148uje opr\u00e1vn\u011bn\u00fdm rodi\u010d\u016fm a prarodi\u010d\u016fm nav\u0161t\u00edvit Kanadu <strong>a\u017e<\/strong> na <strong>5 let na jednu n\u00e1v\u0161t\u011bvu<\/strong> bez nutnosti obnoven\u00ed statusu.<\/li>\n\n\n\n<li><strong>V\u00edzum pro v\u00edce vstup\u016f<\/strong> s platnost\u00ed <strong>a\u017e 10 let<\/strong>, kter\u00e9 umo\u017e\u0148uje \u010dast\u00e9 n\u00e1v\u0161t\u011bvy Kanady b\u011bhem doby platnosti v\u00edza.<\/li>\n<\/ul>\n\n<p>Toto v\u00edzum je ide\u00e1ln\u00ed pro osoby, kter\u00e9 pl\u00e1nuj\u00ed nav\u0161t\u00edvit sv\u00e9 d\u011bti nebo vnou\u010data na del\u0161\u00ed dobu.<\/p>\n\n<hr class=\"wp-block-separator has-alpha-channel-opacity\"\/>\n\n<h3 class=\"wp-block-heading\"><strong>Podm\u00ednky pro ud\u011blen\u00ed v\u00edza Super Visa<\/strong><\/h3>\n\n<p>Pro ud\u011blen\u00ed superv\u00edza mus\u00ed \u017eadatel\u00e9 spl\u0148ovat ur\u010dit\u00e1 krit\u00e9ria:<\/p>\n\n<ol class=\"wp-block-list\">\n<li><strong>Vztah<\/strong>:\n<ul class=\"wp-block-list\">\n<li>b\u00fdt <strong>rodi\u010dem nebo prarodi\u010dem<\/strong> kanadsk\u00e9ho ob\u010dana nebo osoby s trval\u00fdm pobytem.<\/li>\n<\/ul>\n<\/li>\n\n\n\n<li><strong>Zvac\u00ed dopis:<\/strong>\n<ul class=\"wp-block-list\">\n<li>P\u0159edlo\u017ete zvac\u00ed dopis od sv\u00e9ho d\u00edt\u011bte nebo vnuka z Kanady.<\/li>\n\n\n\n<li>Dopis mus\u00ed obsahovat:\n<ul class=\"wp-block-list\">\n<li>p\u0159\u00edslib finan\u010dn\u00ed podpory po dobu va\u0161\u00ed n\u00e1v\u0161t\u011bvy.<\/li>\n\n\n\n<li>Podrobnosti o va\u0161em vztahu.<\/li>\n\n\n\n<li>Seznam \u010dlen\u016f dom\u00e1cnosti hostitele v Kanad\u011b.<\/li>\n<\/ul>\n<\/li>\n<\/ul>\n<\/li>\n\n\n\n<li><strong>Po\u017eadavky na p\u0159\u00edjem<\/strong>:\n<ul class=\"wp-block-list\">\n<li>D\u00edt\u011b nebo vnuk mus\u00ed spl\u0148ovat <strong>minim\u00e1ln\u00ed hranici p\u0159\u00edjmu<\/strong> podle po\u010dtu \u010dlen\u016f rodiny.<\/li>\n<\/ul>\n<\/li>\n\n\n\n<li><strong>Zdravotn\u00ed poji\u0161t\u011bn\u00ed<\/strong>:\n<ul class=\"wp-block-list\">\n<li>Uzav\u0159ete si soukrom\u00e9 <strong>zdravotn\u00ed poji\u0161t\u011bn\u00ed u<\/strong> kanadsk\u00e9 poji\u0161\u0165ovny, kter\u00e1:\n<ul class=\"wp-block-list\">\n<li>Pojistn\u00e9 kryt\u00ed ve v\u00fd\u0161i nejm\u00e9n\u011b <strong> 100 000 CAD<\/strong>.<\/li>\n\n\n\n<li>Je platn\u00fd <strong>nejm\u00e9n\u011b jeden rok<\/strong> od data vstupu.<\/li>\n\n\n\n<li>Zahrnuje doklad o zaplacen\u00ed cel\u00e9 \u010d\u00e1stky (ne cenov\u00e9 nab\u00eddky).<\/li>\n<\/ul>\n<\/li>\n<\/ul>\n<\/li>\n\n\n\n<li><strong>L\u00e9ka\u0159sk\u00e1 prohl\u00eddka<\/strong>:\n<ul class=\"wp-block-list\">\n<li>absolvovat l\u00e9ka\u0159skou prohl\u00eddku za \u00fa\u010delem prok\u00e1z\u00e1n\u00ed p\u0159\u00edpustnosti.<\/li>\n<\/ul>\n<\/li>\n\n\n\n<li><strong>Dal\u0161\u00ed po\u017eadavky:<\/strong>\n<ul class=\"wp-block-list\">\n<li>Proka\u017ete siln\u00e9 vazby na svou domovskou zemi, nap\u0159\u00edklad rodinn\u00e9, finan\u010dn\u00ed nebo pracovn\u00ed, abyste m\u011bli jistotu, \u017ee po n\u00e1v\u0161t\u011bv\u011b Kanadu opust\u00edte.<\/li>\n\n\n\n<li>Proka\u017ete, \u017ee m\u00e1te dostatek finan\u010dn\u00edch prost\u0159edk\u016f na svou n\u00e1v\u0161t\u011bvu.<\/li>\n<\/ul>\n<\/li>\n<\/ol>\n\n<hr class=\"wp-block-separator has-alpha-channel-opacity\"\/>\n\n<h3 class=\"wp-block-heading\"><strong>Jak dlouho m\u016f\u017eete v Kanad\u011b z\u016fstat?<\/strong><\/h3>\n\n<p>D\u00e9lka pobytu z\u00e1vis\u00ed na tom, kdy jste o superv\u00edzum po\u017e\u00e1dali:<\/p>\n\n<ul class=\"wp-block-list\">\n<li><strong>\u017d\u00e1dosti podan\u00e9 22. \u010dervna 2023 nebo pozd\u011bji<\/strong>:\n<ul class=\"wp-block-list\">\n<li>Dr\u017eitel\u00e9 superv\u00edz mohou na <strong>jednu n\u00e1v\u0161t\u011bvu<\/strong> pob\u00fdvat <strong>a\u017e 5 let<\/strong>.<\/li>\n<\/ul>\n<\/li>\n\n\n\n<li><strong>\u017d\u00e1dosti do 22. \u010dervna 2023<\/strong>:\n<ul class=\"wp-block-list\">\n<li>Na <strong>jednu n\u00e1v\u0161t\u011bvu<\/strong> m\u016f\u017eete z\u016fstat <strong>a\u017e 2 roky<\/strong>.<\/li>\n<\/ul>\n<\/li>\n<\/ul>\n\n<p>Bez ohledu na datum pod\u00e1n\u00ed \u017e\u00e1dosti:<\/p>\n\n<ul class=\"wp-block-list\">\n<li>Ujist\u011bte se, \u017ee v\u00e1\u0161 <strong>cestovn\u00ed pas je platn\u00fd<\/strong> po celou dobu pobytu.<\/li>\n\n\n\n<li>Udr\u017eujte si nebo obnovte <strong>zdravotn\u00ed poji\u0161t\u011bn\u00ed<\/strong> b\u011bhem pobytu v Kanad\u011b nebo p\u0159i op\u011btovn\u00e9m vstupu do zem\u011b.<\/li>\n<\/ul>\n\n<hr class=\"wp-block-separator has-alpha-channel-opacity\"\/>\n\n<h3 class=\"wp-block-heading\"><strong>V\u00fdhody v\u00edza Super Visa<\/strong><\/h3>\n\n<ol class=\"wp-block-list\">\n<li><strong>Prodlou\u017een\u00e9 n\u00e1v\u0161t\u011bvy<\/strong>:\n<ul class=\"wp-block-list\">\n<li>U\u017e\u00edvejte si dlouhodob\u00e9 pobyty bez nutnosti \u010dasto \u017e\u00e1dat o prodlou\u017een\u00ed.<\/li>\n<\/ul>\n<\/li>\n\n\n\n<li><strong>V\u00edce z\u00e1znam\u016f<\/strong>:\n<ul class=\"wp-block-list\">\n<li>Cestujte do Kanady v\u00edcekr\u00e1t v pr\u016fb\u011bhu 10 let.<\/li>\n<\/ul>\n<\/li>\n\n\n\n<li><strong>Klid v du\u0161i<\/strong>:\n<ul class=\"wp-block-list\">\n<li>Povinnost zdravotn\u00edho poji\u0161t\u011bn\u00ed zaji\u0161\u0165uje zdravotn\u00ed p\u00e9\u010di b\u011bhem pobytu.<\/li>\n<\/ul>\n<\/li>\n\n\n\n<li><strong>Sjednocen\u00ed rodiny<\/strong>:\n<ul class=\"wp-block-list\">\n<li>Podpo\u0159te u\u017e\u0161\u00ed vztahy se sv\u00fdmi d\u011btmi a vnou\u010daty.<\/li>\n<\/ul>\n<\/li>\n<\/ol>\n","protected":false},"excerpt":{"rendered":"<p>Superv\u00edza pro rodi\u010de a prarodi\u010de Superv\u00edzum je speci\u00e1ln\u00ed v\u00edzum ur\u010den\u00e9 pro rodi\u010de a prarodi\u010de kanadsk\u00fdch ob\u010dan\u016f a osob s trval\u00fdm [&hellip;]<\/p>\n","protected":false},"author":1,"featured_media":0,"parent":0,"menu_order":0,"comment_status":"closed","ping_status":"closed","template":"","meta":{"_uag_custom_page_level_css":"","site-sidebar-layout":"default","site-content-layout":"","ast-site-content-layout":"","site-content-style":"default","site-sidebar-style":"default","ast-global-header-display":"","ast-banner-title-visibility":"","ast-main-header-display":"","ast-hfb-above-header-display":"","ast-hfb-below-header-display":"","ast-hfb-mobile-header-display":"","site-post-title":"","ast-breadcrumbs-content":"","ast-featured-img":"","footer-sml-layout":"","theme-transparent-header-meta":"","adv-header-id-meta":"","stick-header-meta":"","header-above-stick-meta":"","header-main-stick-meta":"","header-below-stick-meta":"","astra-migrate-meta-layouts":"default","ast-page-background-enabled":"default","ast-page-background-meta":{"desktop":{"background-color":"var(--ast-global-color-4)","background-image":"","background-repeat":"repeat","background-position":"center center","background-size":"auto","background-attachment":"scroll","background-type":"","background-media":"","overlay-type":"","overlay-color":"","overlay-opacity":"","overlay-gradient":""},"tablet":{"background-color":"","background-image":"","background-repeat":"repeat","background-position":"center center","background-size":"auto","background-attachment":"scroll","background-type":"","background-media":"","overlay-type":"","overlay-color":"","overlay-opacity":"","overlay-gradient":""},"mobile":{"background-color":"","background-image":"","background-repeat":"repeat","background-position":"center center","background-size":"auto","background-attachment":"scroll","background-type":"","background-media":"","overlay-type":"","overlay-color":"","overlay-opacity":"","overlay-gradient":""}},"ast-content-background-meta":{"desktop":{"background-color":"var(--ast-global-color-5)","background-image":"","background-repeat":"repeat","background-position":"center center","background-size":"auto","background-attachment":"scroll","background-type":"","background-media":"","overlay-type":"","overlay-color":"","overlay-opacity":"","overlay-gradient":""},"tablet":{"background-color":"var(--ast-global-color-5)","background-image":"","background-repeat":"repeat","background-position":"center center","background-size":"auto","background-attachment":"scroll","background-type":"","background-media":"","overlay-type":"","overlay-color":"","overlay-opacity":"","overlay-gradient":""},"mobile":{"background-color":"var(--ast-global-color-5)","background-image":"","background-repeat":"repeat","background-position":"center center","background-size":"auto","background-attachment":"scroll","background-type":"","background-media":"","overlay-type":"","overlay-color":"","overlay-opacity":"","overlay-gradient":""}},"footnotes":""},"categories":[],"tags":[],"class_list":["post-220","page","type-page","status-publish","hentry"],"uagb_featured_image_src":{"full":false,"thumbnail":false,"medium":false,"medium_large":false,"large":false,"1536x1536":false,"2048x2048":false},"uagb_author_info":{"display_name":"admin","author_link":"https:\/\/www.etafast.org\/cs\/author\/admin\/"},"uagb_comment_info":0,"uagb_excerpt":"Superv\u00edza pro rodi\u010de a prarodi\u010de Superv\u00edzum je speci\u00e1ln\u00ed v\u00edzum ur\u010den\u00e9 pro rodi\u010de a prarodi\u010de kanadsk\u00fdch ob\u010dan\u016f a osob s trval\u00fdm [&hellip;]","_links":{"self":[{"href":"https:\/\/www.etafast.org\/cs\/wp-json\/wp\/v2\/pages\/220","targetHints":{"allow":["GET"]}}],"collection":[{"href":"https:\/\/www.etafast.org\/cs\/wp-json\/wp\/v2\/pages"}],"about":[{"href":"https:\/\/www.etafast.org\/cs\/wp-json\/wp\/v2\/types\/page"}],"author":[{"embeddable":true,"href":"https:\/\/www.etafast.org\/cs\/wp-json\/wp\/v2\/users\/1"}],"replies":[{"embeddable":true,"href":"https:\/\/www.etafast.org\/cs\/wp-json\/wp\/v2\/comments?post=220"}],"version-history":[{"count":1,"href":"https:\/\/www.etafast.org\/cs\/wp-json\/wp\/v2\/pages\/220\/revisions"}],"predecessor-version":[{"id":221,"href":"https:\/\/www.etafast.org\/cs\/wp-json\/wp\/v2\/pages\/220\/revisions\/221"}],"wp:attachment":[{"href":"https:\/\/www.etafast.org\/cs\/wp-json\/wp\/v2\/media?parent=220"}],"wp:term":[{"taxonomy":"category","embeddable":true,"href":"https:\/\/www.etafast.org\/cs\/wp-json\/wp\/v2\/categories?post=220"},{"taxonomy":"post_tag","embeddable":true,"href":"https:\/\/www.etafast.org\/cs\/wp-json\/wp\/v2\/tags?post=220"}],"curies":[{"name":"wp","href":"https:\/\/api.w.org\/{rel}","templated":true}]}}