{"id":216,"date":"2024-12-11T08:30:38","date_gmt":"2024-12-11T07:30:38","guid":{"rendered":"https:\/\/www.etafast.org\/tranzit-pres-kanadu\/"},"modified":"2024-12-11T08:43:57","modified_gmt":"2024-12-11T07:43:57","slug":"tranzit-pres-kanadu","status":"publish","type":"page","link":"https:\/\/www.etafast.org\/cs\/tranzit-pres-kanadu\/","title":{"rendered":"Tranzit p\u0159es Kanadu"},"content":{"rendered":"\n<p>Pokud cestujete do jin\u00e9 zem\u011b a pot\u0159ebujete proj\u00edt Kanadou, po\u017eadavky na doklady z\u00e1vis\u00ed na n\u011bkolika faktorech, v\u010detn\u011b zp\u016fsobu cesty, d\u00e9lky pobytu, st\u00e1tn\u00ed p\u0159\u00edslu\u0161nosti a imigra\u010dn\u00edho statusu. N\u00ed\u017ee naleznete komplexn\u00edho pr\u016fvodce, kter\u00fd v\u00e1m pom\u016f\u017ee ur\u010dit, co pot\u0159ebujete pro hladk\u00fd pr\u016fjezd Kanadou. <\/p>\n\n<hr class=\"wp-block-separator has-alpha-channel-opacity\"\/>\n\n<h3 class=\"wp-block-heading\"><strong>Faktory, kter\u00e9 ur\u010duj\u00ed va\u0161e po\u017eadavky na tranzit<\/strong><\/h3>\n\n<ol class=\"wp-block-list\">\n<li><strong>Zp\u016fsob dopravy<\/strong>:\n<ul class=\"wp-block-list\">\n<li>Letecky (mezin\u00e1rodn\u00ed lety s p\u0159estupem na kanadsk\u00fdch leti\u0161t\u00edch).<\/li>\n\n\n\n<li>Autem, autobusem, vlakem nebo lod\u00ed (v\u010detn\u011b v\u00fdletn\u00edch lod\u00ed).<\/li>\n<\/ul>\n<\/li>\n\n\n\n<li><strong>Doba trv\u00e1n\u00ed tranzitu<\/strong>:\n<ul class=\"wp-block-list\">\n<li>M\u00e9n\u011b ne\u017e 48 hodin.<\/li>\n\n\n\n<li>V\u00edce ne\u017e 48 hodin.<\/li>\n<\/ul>\n<\/li>\n\n\n\n<li><strong>St\u00e1tn\u00ed p\u0159\u00edslu\u0161nost a imigra\u010dn\u00ed status<\/strong>:\n<ul class=\"wp-block-list\">\n<li>Zem\u011b, do kter\u00e9 m\u00e1te cestovn\u00ed pas.<\/li>\n\n\n\n<li>A\u0165 u\u017e jste ob\u010danem USA, m\u00e1te v USA leg\u00e1ln\u00ed trval\u00fd pobyt nebo platn\u00e9 v\u00edzum.<\/li>\n<\/ul>\n<\/li>\n<\/ol>\n\n<hr class=\"wp-block-separator has-alpha-channel-opacity\"\/>\n\n<h3 class=\"wp-block-heading\"><strong>Mo\u017enosti doklad\u016f pro tranzit p\u0159es Kanadu<\/strong><\/h3>\n\n<h4 class=\"wp-block-heading\"><strong>1. N\u00e1v\u0161t\u011bvnick\u00e9 v\u00edzum<\/strong><\/h4>\n\n<p><strong>N\u00e1v\u0161t\u011bvnick\u00e9 v\u00edzum<\/strong> pot\u0159ebujete, pokud:<\/p>\n\n<ul class=\"wp-block-list\">\n<li>Jste ze <strong>zem\u011b s v\u00edzovou povinnost\u00ed<\/strong> a pl\u00e1nujete:\n<ul class=\"wp-block-list\">\n<li>Nav\u0161tivte Kanadu, i kdyby to m\u011blo b\u00fdt na m\u00e9n\u011b ne\u017e 48 hodin.<\/li>\n\n\n\n<li>Pobyt v Kanad\u011b b\u011bhem tranzitu <strong>del\u0161\u00ed ne\u017e 48 hodin<\/strong>.<\/li>\n<\/ul>\n<\/li>\n\n\n\n<li>Cestujete <strong>autobusem, autem, vlakem, lod\u00ed nebo v\u00fdletn\u00ed lod\u00ed<\/strong> ze zem\u011b s v\u00edzovou povinnost\u00ed.<\/li>\n<\/ul>\n\n<p><\/p>\n\n<hr class=\"wp-block-separator has-alpha-channel-opacity\"\/>\n\n<h4 class=\"wp-block-heading\"><strong>2. Tranzitn\u00ed v\u00edzum<\/strong><\/h4>\n\n<p><strong>Tranzitn\u00ed v\u00edzum<\/strong> pot\u0159ebujete, pokud:<\/p>\n\n<ul class=\"wp-block-list\">\n<li>Jste ze <strong>zem\u011b s v\u00edzovou povinnost\u00ed<\/strong> a:\n<ul class=\"wp-block-list\">\n<li>V\u00e1\u0161 mezin\u00e1rodn\u00ed let se cestou do jin\u00e9 destinace zastav\u00ed na kanadsk\u00e9m leti\u0161ti.<\/li>\n\n\n\n<li>P\u0159estupujete mezi dv\u011bma mezin\u00e1rodn\u00edmi lety na jednom nebo v\u00edce kanadsk\u00fdch leti\u0161t\u00edch.<\/li>\n\n\n\n<li>V\u00e1\u0161 tranzit trv\u00e1 <strong>48 hodin nebo m\u00e9n\u011b<\/strong>.<\/li>\n\n\n\n<li>Nem\u00e1te platn\u00e9 n\u00e1v\u0161t\u011bvnick\u00e9 v\u00edzum.<\/li>\n\n\n\n<li>Na povolen\u00ed eTA nem\u00e1te n\u00e1rok.<\/li>\n<\/ul>\n<\/li>\n<\/ul>\n\n<p><\/p>\n\n<hr class=\"wp-block-separator has-alpha-channel-opacity\"\/>\n\n<h4 class=\"wp-block-heading\"><strong>3. Elektronick\u00e9 cestovn\u00ed povolen\u00ed (eTA)<\/strong><\/h4>\n\n<p>Pot\u0159ebujete <strong>povolen\u00ed eTA<\/strong>, pokud:<\/p>\n\n<ul class=\"wp-block-list\">\n<li>Poch\u00e1z\u00edte ze <strong>zem\u011b, kde je vy\u017eadov\u00e1no povolen\u00ed eTA<\/strong>, a:\n<ul class=\"wp-block-list\">\n<li>Leteck\u00fd tranzit p\u0159es Kanadu.<\/li>\n\n\n\n<li>V\u00e1\u0161 tranzit je sou\u010d\u00e1st\u00ed navazuj\u00edc\u00edho mezin\u00e1rodn\u00edho letu.<\/li>\n<\/ul>\n<\/li>\n<\/ul>\n\n<p><strong>V\u00fdjimky<\/strong>:<\/p>\n\n<ul class=\"wp-block-list\">\n<li>Pokud cestujete vlakem, autobusem, lod\u00ed nebo v\u00fdletn\u00ed lod\u00ed, nepot\u0159ebujete povolen\u00ed eTA, ale mus\u00edte m\u00edt platn\u00e9 cestovn\u00ed doklady.<\/li>\n<\/ul>\n\n<p><\/p>\n\n<hr class=\"wp-block-separator has-alpha-channel-opacity\"\/>\n\n<h4 class=\"wp-block-heading\"><strong>4. Tranzit bez v\u00edza<\/strong><\/h4>\n\n<ul class=\"wp-block-list\">\n<li><strong>Ob\u010dan\u00e9 USA a osoby s trval\u00fdm pobytem<\/strong>:<br>Ob\u010dan\u00e9 USA a dr\u017eitel\u00e9 zelen\u00fdch karet mohou proj\u00ed\u017ed\u011bt Kanadou bez v\u00edz letecky, autem, autobusem, vlakem nebo lod\u00ed. Ujist\u011bte se, \u017ee m\u00e1te u sebe: \n<ul class=\"wp-block-list\">\n<li>Platn\u00fd cestovn\u00ed pas nebo cestovn\u00ed doklad.<\/li>\n\n\n\n<li>Platn\u00e1 zelen\u00e1 karta USA (pro osoby s leg\u00e1ln\u00edm trval\u00fdm pobytem).<\/li>\n<\/ul>\n<\/li>\n\n\n\n<li><strong>Dr\u017eitel\u00e9 pas\u016f z ur\u010dit\u00fdch zem\u00ed<\/strong>:<br\/>Ob\u010dan\u00e9 <strong>\u010c\u00edny, Indon\u00e9sie, Filip\u00edn, Thajska<\/strong> nebo <strong>Tchaj-wanu<\/strong> (bez osobn\u00edho identifika\u010dn\u00edho \u010d\u00edsla) mohou proj\u00ed\u017ed\u011bt bez v\u00edza, pokud spl\u0148uj\u00ed ur\u010dit\u00e9 podm\u00ednky.<\/li>\n<\/ul>\n\n<p><\/p>\n\n<hr class=\"wp-block-separator has-alpha-channel-opacity\"\/>\n\n<h3 class=\"wp-block-heading\"><strong>Dokumenty, kter\u00e9 mus\u00edte m\u00edt u sebe<\/strong><\/h3>\n\n<p>P\u0159i tranzitu p\u0159es Kanadu si v\u017edy p\u0159ipravte n\u00e1sleduj\u00edc\u00ed doklady:<\/p>\n\n<ul class=\"wp-block-list\">\n<li>Platn\u00fd cestovn\u00ed pas nebo cestovn\u00ed doklad na celou cestu.<\/li>\n\n\n\n<li>Platn\u00e9 v\u00edzum, tranzitn\u00ed v\u00edzum nebo elektronick\u00fd pr\u016fkaz toto\u017enosti (v p\u0159\u00edpad\u011b pot\u0159eby).<\/li>\n\n\n\n<li>Pro osoby s trval\u00fdm pobytem v USA: Platn\u00e1 zelen\u00e1 karta nebo rovnocenn\u00fd doklad o statusu.<\/li>\n\n\n\n<li>Doklad o dal\u0161\u00ed cest\u011b, nap\u0159\u00edklad letenky nebo itiner\u00e1\u0159.<\/li>\n<\/ul>\n\n<hr class=\"wp-block-separator has-alpha-channel-opacity\"\/>\n\n<h3 class=\"wp-block-heading\"><strong>Kl\u00ed\u010dov\u00e9 pozn\u00e1mky<\/strong><\/h3>\n\n<ul class=\"wp-block-list\">\n<li><strong>Doba trv\u00e1n\u00ed tranzitu<\/strong>: Pokud v\u00e1\u0161 tranzit p\u0159es\u00e1hne 48 hodin, budete pot\u0159ebovat n\u00e1v\u0161t\u011bvnick\u00e9 v\u00edzum.<\/li>\n\n\n\n<li><strong>Zp\u016fsob vstupu<\/strong>: eTA je vy\u017eadov\u00e1no pro cesty letadlem, nikoli v\u0161ak pro cesty po zemi nebo po mo\u0159i.<\/li>\n\n\n\n<li><strong>P\u0159edb\u011b\u017en\u00e1 \u017e\u00e1dost<\/strong>: Po\u017e\u00e1dejte o po\u017eadovan\u00fd doklad v dostate\u010dn\u00e9m p\u0159edstihu p\u0159ed datem cesty, abyste se vyhnuli zpo\u017ed\u011bn\u00ed.<\/li>\n<\/ul>\n\n<p>Pokud si zajist\u00edte spr\u00e1vn\u00e9 doklady, m\u016f\u017eete bez probl\u00e9m\u016f proj\u00ed\u017ed\u011bt Kanadou a soust\u0159edit se na cestu do c\u00edlov\u00e9 destinace.<\/p>\n","protected":false},"excerpt":{"rendered":"<p>Pokud cestujete do jin\u00e9 zem\u011b a pot\u0159ebujete proj\u00edt Kanadou, po\u017eadavky na doklady z\u00e1vis\u00ed na n\u011bkolika faktorech, v\u010detn\u011b zp\u016fsobu cesty, d\u00e9lky [&hellip;]<\/p>\n","protected":false},"author":1,"featured_media":0,"parent":0,"menu_order":0,"comment_status":"closed","ping_status":"closed","template":"","meta":{"_uag_custom_page_level_css":"","site-sidebar-layout":"default","site-content-layout":"","ast-site-content-layout":"","site-content-style":"default","site-sidebar-style":"default","ast-global-header-display":"","ast-banner-title-visibility":"","ast-main-header-display":"","ast-hfb-above-header-display":"","ast-hfb-below-header-display":"","ast-hfb-mobile-header-display":"","site-post-title":"","ast-breadcrumbs-content":"","ast-featured-img":"","footer-sml-layout":"","theme-transparent-header-meta":"","adv-header-id-meta":"","stick-header-meta":"","header-above-stick-meta":"","header-main-stick-meta":"","header-below-stick-meta":"","astra-migrate-meta-layouts":"default","ast-page-background-enabled":"default","ast-page-background-meta":{"desktop":{"background-color":"var(--ast-global-color-4)","background-image":"","background-repeat":"repeat","background-position":"center center","background-size":"auto","background-attachment":"scroll","background-type":"","background-media":"","overlay-type":"","overlay-color":"","overlay-opacity":"","overlay-gradient":""},"tablet":{"background-color":"","background-image":"","background-repeat":"repeat","background-position":"center center","background-size":"auto","background-attachment":"scroll","background-type":"","background-media":"","overlay-type":"","overlay-color":"","overlay-opacity":"","overlay-gradient":""},"mobile":{"background-color":"","background-image":"","background-repeat":"repeat","background-position":"center center","background-size":"auto","background-attachment":"scroll","background-type":"","background-media":"","overlay-type":"","overlay-color":"","overlay-opacity":"","overlay-gradient":""}},"ast-content-background-meta":{"desktop":{"background-color":"var(--ast-global-color-5)","background-image":"","background-repeat":"repeat","background-position":"center center","background-size":"auto","background-attachment":"scroll","background-type":"","background-media":"","overlay-type":"","overlay-color":"","overlay-opacity":"","overlay-gradient":""},"tablet":{"background-color":"var(--ast-global-color-5)","background-image":"","background-repeat":"repeat","background-position":"center center","background-size":"auto","background-attachment":"scroll","background-type":"","background-media":"","overlay-type":"","overlay-color":"","overlay-opacity":"","overlay-gradient":""},"mobile":{"background-color":"var(--ast-global-color-5)","background-image":"","background-repeat":"repeat","background-position":"center center","background-size":"auto","background-attachment":"scroll","background-type":"","background-media":"","overlay-type":"","overlay-color":"","overlay-opacity":"","overlay-gradient":""}},"footnotes":""},"categories":[],"tags":[],"class_list":["post-216","page","type-page","status-publish","hentry"],"uagb_featured_image_src":{"full":false,"thumbnail":false,"medium":false,"medium_large":false,"large":false,"1536x1536":false,"2048x2048":false},"uagb_author_info":{"display_name":"admin","author_link":"https:\/\/www.etafast.org\/cs\/author\/admin\/"},"uagb_comment_info":0,"uagb_excerpt":"Pokud cestujete do jin\u00e9 zem\u011b a pot\u0159ebujete proj\u00edt Kanadou, po\u017eadavky na doklady z\u00e1vis\u00ed na n\u011bkolika faktorech, v\u010detn\u011b zp\u016fsobu cesty, d\u00e9lky [&hellip;]","_links":{"self":[{"href":"https:\/\/www.etafast.org\/cs\/wp-json\/wp\/v2\/pages\/216","targetHints":{"allow":["GET"]}}],"collection":[{"href":"https:\/\/www.etafast.org\/cs\/wp-json\/wp\/v2\/pages"}],"about":[{"href":"https:\/\/www.etafast.org\/cs\/wp-json\/wp\/v2\/types\/page"}],"author":[{"embeddable":true,"href":"https:\/\/www.etafast.org\/cs\/wp-json\/wp\/v2\/users\/1"}],"replies":[{"embeddable":true,"href":"https:\/\/www.etafast.org\/cs\/wp-json\/wp\/v2\/comments?post=216"}],"version-history":[{"count":1,"href":"https:\/\/www.etafast.org\/cs\/wp-json\/wp\/v2\/pages\/216\/revisions"}],"predecessor-version":[{"id":217,"href":"https:\/\/www.etafast.org\/cs\/wp-json\/wp\/v2\/pages\/216\/revisions\/217"}],"wp:attachment":[{"href":"https:\/\/www.etafast.org\/cs\/wp-json\/wp\/v2\/media?parent=216"}],"wp:term":[{"taxonomy":"category","embeddable":true,"href":"https:\/\/www.etafast.org\/cs\/wp-json\/wp\/v2\/categories?post=216"},{"taxonomy":"post_tag","embeddable":true,"href":"https:\/\/www.etafast.org\/cs\/wp-json\/wp\/v2\/tags?post=216"}],"curies":[{"name":"wp","href":"https:\/\/api.w.org\/{rel}","templated":true}]}}