{"id":212,"date":"2024-12-02T16:08:30","date_gmt":"2024-12-02T15:08:30","guid":{"rendered":"https:\/\/www.etafast.org\/kontakt\/"},"modified":"2024-12-11T08:43:50","modified_gmt":"2024-12-11T07:43:50","slug":"kontakt","status":"publish","type":"page","link":"https:\/\/www.etafast.org\/cs\/kontakt\/","title":{"rendered":"Kontakt"},"content":{"rendered":"<style>\n.accordion-content {\n    display: none;\n    padding: 10px;\n    border: 1px solid #ccc;\n    border-top: none;\n}\n\n.accordion-header {\n    cursor: pointer;\n    padding: 10px;\n    border: 1px solid #ccc;\n    margin: 0;\nbackground-color:#fafafa;\nmargin-bottom:10px;\nborder-radius:3px;\npadding-right:50px;\nposition: relative;\nfont-size:110%;\n}\n.accordion-header .qs {\n\n}\n.arrow {\n    position: absolute;\n    right: 10px;\n    top: 10px;\n}\n\n.arrow-up {\n    transform: rotate(180deg);\n}\n<\/style>\n\n\n<script>\njQuery(document).ready(function(){\n    jQuery(\".accordion-header\").click(function() {\n        \/\/ Toggle the arrow direction of the clicked header\n        jQuery(this).children(\".arrow\").toggleClass(\"arrow-up\", !jQuery(this).next().is(\":visible\"));\n        \n        \/\/ Close previously opened content and reset their arrows\n        jQuery(\".accordion-content\").not(jQuery(this).next()).slideUp().prev().children(\".arrow\").removeClass(\"arrow-up\");\n        jQuery(\".accordion-content\").not(jQuery(this).next()).prev().find(\".arrow\").html(\"&#9660;\"); \/\/ Reset other arrows to down\n        \n        jQuery(this).next().slideToggle();\n        if(jQuery(this).next().is(\":visible\")) {\n            jQuery(this).find(\".arrow\").html(\"&#9660;\"); \/\/ Change to up arrow\n        } else {\n            jQuery(this).find(\".arrow\").html(\"&#9650;\"); \/\/ Change back to down arrow\n        }\n    });\n});\n<\/script>\n\n\n<div class=\"accordion\"><h4 class=\"accordion-header\"><span class=\"qs\">Je platba vratn\u00e1<\/span><span class=\"arrow\">&#9660;<\/span><\/h4>\n            <div class=\"accordion-content\">\n            <p>Ano, platba je vratn\u00e1 p\u0159ed poskytnut\u00edm slu\u017eby. Dal\u0161\u00ed informace naleznete v podm\u00ednk\u00e1ch<\/p>\n            <\/div><\/div><script type=\"application\/ld+json\">\n    {\n      \"@context\": \"https:\/\/schema.org\",\n      \"@type\": \"FAQPage\",\n      \"mainEntity\": [{\n        \"@type\": \"Question\",\n        \"name\": \"Je platba vratn\u00e1\",\n        \"acceptedAnswer\": {\n          \"@type\": \"Answer\",\n          \"text\": \"Ano, platba je vratn\u00e1 p\u0159ed poskytnut\u00edm slu\u017eby. Dal\u0161\u00ed informace naleznete v podm\u00ednk\u00e1ch\"\n        }\n      }\n      ]\n    }\n    <\/script>\n\n\n<h2>Z\u00e1kaznick\u00e1 podpora<\/h2><style>\n.accordion-content2 {\n    display: none;\n    padding: 10px;\n    border: 1px solid #ccc;\n    border-top: none;\n}\n            \n.accordion-header2 {\n    cursor: pointer;\n    padding: 10px;\n    border: 1px solid #ccc;\n    margin: 0;\nbackground-color:#fafafa;\nmargin-bottom:10px;\nborder-radius:3px;\npadding-right:50px;\nposition: relative;\nfont-size:110%;\n}\n.accordion-header2 .qs {\n            \n}\n.arrow2 {\n    position: absolute;\n    right: 10px;\n    top: 10px;\n}\n            \n.arrow-up2 {\n    transform: rotate(180deg);\n}\n<\/style>\n            \n            \n<script>\njQuery(document).ready(function(){\n    jQuery(\".accordion-header2\").click(function() {\n        \/\/ Toggle the arrow direction of the clicked header\n        jQuery(this).children(\".arrow2\").toggleClass(\"arrow-up2\", !jQuery(this).next().is(\":visible\"));\n            \n        \/\/ Close previously opened content and reset their arrows\n        jQuery(\".accordion-content2\").not(jQuery(this).next()).slideUp().prev().children(\".arrow2\").removeClass(\"arrow-up2\");\n        jQuery(\".accordion-content2\").not(jQuery(this).next()).prev().find(\".arrow2\").html(\"&#9660;\"); \/\/ Reset other arrows to down\n            \n        jQuery(this).next().slideToggle();\n        if(jQuery(this).next().is(\":visible\")) {\n            jQuery(this).find(\".arrow2\").html(\"&#9660;\"); \/\/ Change to up arrow\n        } else {\n            jQuery(this).find(\".arrow2\").html(\"&#9650;\"); \/\/ Change back to down arrow\n        }\n    });\n});\n<\/script>\n            \n            \n<div class=\"accordion2\"><h4 class=\"accordion-header2\"><span class=\"qs2\">Neobdr\u017eel jsem \u017e\u00e1dn\u00e9 potvrzen\u00ed objedn\u00e1vky<\/span><span class=\"arrow2\">&#9660;<\/span><\/h4>\n            <div class=\"accordion-content2\">\n            <p>Slu\u017ebu pro v\u00e1s za\u010d\u00edn\u00e1me registrovat cca 12 hodin p\u0159ed za\u010d\u00e1tkem platnosti. V p\u0159\u00edpad\u011b za\u010d\u00e1tku platnosti v ten sam\u00fd den do 5 minut od p\u0159ijet\u00ed platby.\n    Pokud si p\u0159ejete obdr\u017eet aktiva\u010dn\u00ed \u016fdaje okam\u017eit\u011b, na adrese, kterou jsme v\u00e1m poslali v prvn\u00edm emailu, m\u016f\u017eete registraci ihned odstartovat. M\u016f\u017ee se st\u00e1t, \u017ee v\u00e1m nedoraz\u00ed ani email s potvrzen\u00edm p\u0159ijet\u00ed platby (nap\u0159\u00edklad d\u00edky chybn\u00e9mu uveden\u00ed emailov\u00e9 adresy). V takov\u00e9m p\u0159\u00edpad\u011b se pros\u00edm:<br \/>\n- nejprve pod\u00edvejte do sv\u00e9 slo\u017eky se spamem<br \/>\n- pokud ani zde nenaleznete \u017e\u00e1dnou informaci od n\u00e1s, p\u0159es v\u00fd\u0161e uveden\u00fd formul\u00e1\u0159 se pokuste naj\u00edt svoji objedn\u00e1vku<br \/>\n- na nalezen\u00e9 str\u00e1nce pot\u00e9 m\u016f\u017eete opravit svoji emailovou adresu a sledovat stav objedn\u00e1vky<br \/><br \/>\n        \nV p\u0159\u00edpad\u011b, \u017ee se v\u00e1m neda\u0159\u00ed nal\u00e9zt va\u0161i adresu pro spr\u00e1vu objedn\u00e1vku, n\u00e1s kdykoliv kontaktujte<br \/>\n<br \/><a href=\"#cform\" onclick=\"document.getElementById('cform').style.display='';\">Kontaktovat z\u00e1kaznickou podporu<\/a><\/p>\n            <\/div><h4 class=\"accordion-header2\"><span class=\"qs2\">Chci zm\u011bnit sv\u00e9 registra\u010dn\u00ed \u00fadaje<\/span><span class=\"arrow2\">&#9660;<\/span><\/h4>\n            <div class=\"accordion-content2\">\n            <p>Slu\u017ebu pro v\u00e1s za\u010d\u00edn\u00e1me registrovat cca 12 hodin p\u0159ed za\u010d\u00e1tkem platnosti. V p\u0159\u00edpad\u011b za\u010d\u00e1tku platnosti v ten sam\u00fd den do 5 minut od p\u0159ijet\u00ed platby.\nDo t\u00e9 doby je mo\u017en\u00e9 \u00fadaje m\u011bnit prost\u0159ednictv\u00edm str\u00e1nky s detaily objedn\u00e1vky. Tuto adresu naleznete v ka\u017ed\u00e9m emailu, kter\u00fd od n\u00e1s dostanete.\nPokud v\u00e1m nedorazil ani email s potvrzen\u00edm p\u0159ijet\u00ed platby (nap\u0159\u00edklad d\u00edky chybn\u00e9mu uveden\u00ed emailov\u00e9 adresy). V takov\u00e9m p\u0159\u00edpad\u011b se pros\u00edm:<br \/>\n- nejprve pod\u00edvejte do sv\u00e9 slo\u017eky se spamem<br \/>\n- pokud ani zde nenaleznete \u017e\u00e1dnou informaci od n\u00e1s, p\u0159es v\u00fd\u0161e uveden\u00fd formul\u00e1\u0159 (Zji\u0161t\u011bn\u00ed stavu objedn\u00e1vky)  se pokuste naj\u00edt svoji objedn\u00e1vku<br \/>\n- na nalezen\u00e9 str\u00e1nce pot\u00e9 m\u016f\u017eete dodate\u010dn\u011b upravit svoje \u00fadaje a sledovat stav objedn\u00e1vky<br \/>\n<br \/>V p\u0159\u00edpad\u011b, \u017ee va\u0161e objedn\u00e1vka ji\u017e byla zpracov\u00e1na, nen\u00ed mo\u017en\u00e1 zm\u011bna jak\u00fdchkoliv \u00fadaj\u016f. Upozor\u0148ujeme , \u017ee v p\u0159\u00edpad\u011b chybn\u011b uveden\u00fdch \u00fadaj\u016f (zejm\u00e9na zem\u011b registrace vozidla, SPZ, datum platnosti)\n je d\u00e1lni\u010dn\u00ed zn\u00e1mka neplatn\u00e1, a je t\u0159eba slu\u017ebu zakoupit znovu.<br \/>\nD\u011bkujeme za pochopen\u00ed.\n<\/p>\n            <\/div><h4 class=\"accordion-header2\"><span class=\"qs2\">Platba z m\u00e9ho \u00fa\u010dtu ode\u0161la, ale neobdr\u017eel jsem \u017e\u00e1dn\u00fd email<\/span><span class=\"arrow2\">&#9660;<\/span><\/h4>\n            <div class=\"accordion-content2\">\n            <p>Jak je uvedeno v na\u0161ich obchodn\u00edch podm\u00ednk\u00e1ch, slu\u017ebu za\u010d\u00edn\u00e1me zpracov\u00e1vat. jakmile platba doraz\u00ed do syst\u00e9mu.D\u016fvod\u016f, pro\u010d nen\u00ed platba p\u0159ips\u00e1na, m\u016f\u017ee b\u00fdt hned n\u011bkolik. Od faktu, \u017ee va\u0161e bankovn\u00ed instituce platbu odeslala pozd\u011bji a\u017e po technick\u00e9 probl\u00e9my. Zjednodu\u0161en\u011b, dokud platbu nevid\u00edme v na\u0161em syst\u00e9mu, objedn\u00e1vku nepova\u017eujeme z va\u0161\u00ed strany za dokon\u010denou. Podnik\u00e1me ve\u0161ker\u00e9 mo\u017en\u00e9 kroky, abychom spr\u00e1vn\u011b sp\u00e1rovali v\u0161echny platby, kter\u00e9 doraz\u00ed a m\u00edra chybovosti se tak pohybuje na \u00farovni setin procenta. V p\u0159\u00edpad\u011b, \u017ee neobdr\u017e\u00edte email s informac\u00ed, \u017ee platba byla p\u0159ijata, do maxim\u00e1ln\u011b 1 hodiny od zaplacen\u00ed (zkontrolujte pros\u00edm i slo\u017eku se spamem), n\u00e1s pros\u00edm neprodlen\u011b kontaktujte. Jen tak m\u016f\u017eeme zajistit hladk\u00fd pr\u016fb\u011bh objedn\u00e1vky. Upozor\u0148ujeme, \u017ee na objedn\u00e1vce za\u010d\u00edn\u00e1me pracovat a\u017e okam\u017eikem p\u0159ijet\u00ed platby do syst\u00e9mu, nikoliv odesl\u00e1n\u00edm (\u010di pouhou blokac\u00ed platby) na stran\u011b z\u00e1kazn\u00edka. Za \u0161kody vznikl\u00e9 p\u0159ed p\u0159ijet\u00edm platby nejsme zodpov\u011bdni. D\u011bkujeme za pochopen\u00ed.<br \/><br \/><a href=\"#cform\" onclick=\"document.getElementById('cform').style.display='';\">Kontaktovat z\u00e1kaznickou podporu<\/a><\/p>\n            <\/div><h4 class=\"accordion-header2\"><span class=\"qs2\">M\u00e1m na v\u00e1s jin\u00fd dotaz<\/span><span class=\"arrow2\">&#9660;<\/span><\/h4>\n            <div class=\"accordion-content2\">\n            <p>V p\u0159\u00edpad\u011b, \u017ee \u017e\u00e1dn\u00e1 z odpov\u011bd\u00ed nevyhovuje va\u0161emu po\u017eadavku, n\u00e1s m\u016f\u017eete kdykoliv kontaktovat a budeme se v\u00e1m r\u00e1di v\u011bnovat.<br \/><br \/><a href=\"#cform\" onclick=\"document.getElementById('cform').style.display='';\">Kontaktovat z\u00e1kaznickou podporu<\/a><\/p>\n            <\/div><\/div><div id=\"cform\"><br style=\"clear:both;\" \/><h2>Emailov\u00e1 podpora<\/h2><script type=\"text\/javascript\">\n        function decodeEmail(encodedLocalPart, encodedDomainPart, indices) {\n            const localPart = atob(encodedLocalPart).split('');\n            const domainPart = atob(encodedDomainPart).split('');\n\n            \/\/ Reconstruct the email address using the provided indices\n            const originalLocalPart = indices.local.map(index => localPart[index]).join('');\n            const originalDomainPart = indices.domain.map(index => domainPart[index]).join('');\n\n            const email = originalLocalPart + \"@\" + originalDomainPart;\n            document.getElementById('email').innerText = email;\n        }\n    <\/script><p>Pro vytvo\u0159en\u00ed po\u017eadavku na z\u00e1kaznickou podporu m\u016f\u017eete zaslat email na n\u00ed\u017ee uvedenou adresu:<\/p><div style=\"text-align:center;padding:20px 0 50px 0;font-size:150%;\nfont-weight:bold;\"><a id=\"email-link\" href=\"\"><\/a><\/div><script>document.addEventListener(\"DOMContentLoaded\", function() {    const emailLink = document.getElementById(\"email-link\");    const obfuscatedEmail = \"gro.tsafate@troppus\";    const realEmail = obfuscatedEmail.split(\"\").reverse().join(\"\");    const randomString = Array.from({length: realEmail.length}, () => Math.random().toString(36)[2]).join('');    emailLink.textContent = randomString;    emailLink.href = 'mailto:'+realEmail;\n                    emailLink.textContent = realEmail;});<\/script><h2>WhatsApp podpora<\/h2><p>Pro rychl\u00e9 vy\u0159\u00edzen\u00ed va\u0161ich dotaz\u016f t\u00fdkaj\u00edc\u00edch se objedn\u00e1vky n\u00e1s m\u016f\u017eete kontaktovat na WhatsApp telefonn\u00edm \u010d\u00edsle (zpr\u00e1vy jsou zdarma, plat\u00edte pouze za data v r\u00e1mci internetov\u00e9ho p\u0159ipojen\u00ed).<\/p><div style=\"text-align:center;padding:20px 0 50px 0;font-size:150%;\nfont-weight:bold;\"><a href=\"https:\/\/wa.me\/447893938888\">+44 789 393 8888<\/a><\/div><h2>Z\u00e1kaznick\u00e1 podpora<\/h2><p style=\"text-align:center;color:#6ab400;font-weight:bold;\">Online podpora je k dispozici v re\u017eimu 24x7<\/p><p>Pro rychlej\u0161\u00ed vy\u0159\u00edzen\u00ed va\u0161eho po\u017eadavku v\u00e1s \u017e\u00e1d\u00e1me o uveden\u00ed va\u0161eho emailu uveden\u00e9ho p\u0159i registraci, va\u0161\u00ed pozn\u00e1vac\u00ed zna\u010dky vozu a data objedn\u00e1vky. D\u011bkujeme za pochopen\u00ed.<\/p>\n<a style=\"display:block;width:100%;\ncolor:#fff;background-color:rgb(241, 23, 23);padding:10px 0;\nfont-size:120%;text-align:center;\" onclick=\"zE('messenger', 'open');return false;\" href=\"#\">Kontaktovat podporu<\/a>\n<!-- Start of Zendesk Widget script -->\n<script id=\"ze-snippet\" src=\"https:\/\/static.zdassets.com\/ekr\/snippet.js?key=fc8651a1-b5bf-4914-a59d-057a43523f5b\"> <\/script>\n<!-- End of Zendesk Widget script -->\n\n\n<script><\/script>\n<\/div>\n\n\n\n<p><\/p>\n","protected":false},"excerpt":{"rendered":"","protected":false},"author":1,"featured_media":0,"parent":0,"menu_order":0,"comment_status":"closed","ping_status":"closed","template":"","meta":{"_uag_custom_page_level_css":"","site-sidebar-layout":"default","site-content-layout":"","ast-site-content-layout":"","site-content-style":"default","site-sidebar-style":"default","ast-global-header-display":"","ast-banner-title-visibility":"","ast-main-header-display":"","ast-hfb-above-header-display":"","ast-hfb-below-header-display":"","ast-hfb-mobile-header-display":"","site-post-title":"","ast-breadcrumbs-content":"","ast-featured-img":"","footer-sml-layout":"","theme-transparent-header-meta":"","adv-header-id-meta":"","stick-header-meta":"","header-above-stick-meta":"","header-main-stick-meta":"","header-below-stick-meta":"","astra-migrate-meta-layouts":"default","ast-page-background-enabled":"default","ast-page-background-meta":{"desktop":{"background-color":"var(--ast-global-color-4)","background-image":"","background-repeat":"repeat","background-position":"center center","background-size":"auto","background-attachment":"scroll","background-type":"","background-media":"","overlay-type":"","overlay-color":"","overlay-opacity":"","overlay-gradient":""},"tablet":{"background-color":"","background-image":"","background-repeat":"repeat","background-position":"center center","background-size":"auto","background-attachment":"scroll","background-type":"","background-media":"","overlay-type":"","overlay-color":"","overlay-opacity":"","overlay-gradient":""},"mobile":{"background-color":"","background-image":"","background-repeat":"repeat","background-position":"center center","background-size":"auto","background-attachment":"scroll","background-type":"","background-media":"","overlay-type":"","overlay-color":"","overlay-opacity":"","overlay-gradient":""}},"ast-content-background-meta":{"desktop":{"background-color":"var(--ast-global-color-5)","background-image":"","background-repeat":"repeat","background-position":"center center","background-size":"auto","background-attachment":"scroll","background-type":"","background-media":"","overlay-type":"","overlay-color":"","overlay-opacity":"","overlay-gradient":""},"tablet":{"background-color":"var(--ast-global-color-5)","background-image":"","background-repeat":"repeat","background-position":"center center","background-size":"auto","background-attachment":"scroll","background-type":"","background-media":"","overlay-type":"","overlay-color":"","overlay-opacity":"","overlay-gradient":""},"mobile":{"background-color":"var(--ast-global-color-5)","background-image":"","background-repeat":"repeat","background-position":"center center","background-size":"auto","background-attachment":"scroll","background-type":"","background-media":"","overlay-type":"","overlay-color":"","overlay-opacity":"","overlay-gradient":""}},"footnotes":""},"categories":[],"tags":[],"class_list":["post-212","page","type-page","status-publish","hentry"],"uagb_featured_image_src":{"full":false,"thumbnail":false,"medium":false,"medium_large":false,"large":false,"1536x1536":false,"2048x2048":false},"uagb_author_info":{"display_name":"admin","author_link":"https:\/\/www.etafast.org\/cs\/author\/admin\/"},"uagb_comment_info":0,"uagb_excerpt":null,"_links":{"self":[{"href":"https:\/\/www.etafast.org\/cs\/wp-json\/wp\/v2\/pages\/212","targetHints":{"allow":["GET"]}}],"collection":[{"href":"https:\/\/www.etafast.org\/cs\/wp-json\/wp\/v2\/pages"}],"about":[{"href":"https:\/\/www.etafast.org\/cs\/wp-json\/wp\/v2\/types\/page"}],"author":[{"embeddable":true,"href":"https:\/\/www.etafast.org\/cs\/wp-json\/wp\/v2\/users\/1"}],"replies":[{"embeddable":true,"href":"https:\/\/www.etafast.org\/cs\/wp-json\/wp\/v2\/comments?post=212"}],"version-history":[{"count":1,"href":"https:\/\/www.etafast.org\/cs\/wp-json\/wp\/v2\/pages\/212\/revisions"}],"predecessor-version":[{"id":213,"href":"https:\/\/www.etafast.org\/cs\/wp-json\/wp\/v2\/pages\/212\/revisions\/213"}],"wp:attachment":[{"href":"https:\/\/www.etafast.org\/cs\/wp-json\/wp\/v2\/media?parent=212"}],"wp:term":[{"taxonomy":"category","embeddable":true,"href":"https:\/\/www.etafast.org\/cs\/wp-json\/wp\/v2\/categories?post=212"},{"taxonomy":"post_tag","embeddable":true,"href":"https:\/\/www.etafast.org\/cs\/wp-json\/wp\/v2\/tags?post=212"}],"curies":[{"name":"wp","href":"https:\/\/api.w.org\/{rel}","templated":true}]}}