{"id":208,"date":"2024-12-11T08:24:00","date_gmt":"2024-12-11T07:24:00","guid":{"rendered":"https:\/\/www.etafast.org\/o-procesu\/"},"modified":"2024-12-11T08:43:49","modified_gmt":"2024-12-11T07:43:49","slug":"o-procesu","status":"publish","type":"page","link":"https:\/\/www.etafast.org\/cs\/o-procesu\/","title":{"rendered":"O procesu"},"content":{"rendered":"\n<h3 class=\"wp-block-heading\">O procesu elektronick\u00e9ho cestovn\u00edho povolen\u00ed (eTA)<\/h3>\n\n<p>Elektronick\u00e9 cestovn\u00ed povolen\u00ed (eTA) je vstupn\u00ed podm\u00ednkou pro ciz\u00ed st\u00e1tn\u00ed p\u0159\u00edslu\u0161n\u00edky, kte\u0159\u00ed cestuj\u00ed do Kanady letecky nebo p\u0159es ni tranzituj\u00ed. Jedn\u00e1 se o rychl\u00fd a jednoduch\u00fd online proces, jeho\u017e c\u00edlem je zv\u00fd\u0161it bezpe\u010dnost na hranic\u00edch a z\u00e1rove\u0148 zajistit bezprobl\u00e9mov\u00e9 cestov\u00e1n\u00ed opr\u00e1vn\u011bn\u00fdch osob.<\/p>\n\n<h4 class=\"wp-block-heading\">Co je to eTA?<\/h4>\n\n<p>eTA je elektronicky propojen\u00e9 cestovn\u00ed povolen\u00ed spojen\u00e9 s va\u0161\u00edm cestovn\u00edm pasem. Plat\u00ed po dobu p\u011bti let nebo do vypr\u0161en\u00ed platnosti pasu, podle toho, co nastane d\u0159\u00edve. Povolen\u00ed eTA v\u00e1m umo\u017en\u00ed kr\u00e1tkodobou n\u00e1v\u0161t\u011bvu Kanady (obvykle do \u0161esti m\u011bs\u00edc\u016f) za \u00fa\u010delem turistiky, podnik\u00e1n\u00ed nebo tranzitu.<\/p>\n\n<h4 class=\"wp-block-heading\">Kl\u00ed\u010dov\u00e9 informace o procesu eTA:<\/h4>\n\n<ol class=\"wp-block-list\">\n<li><strong>Jednoduch\u00e1 online \u017e\u00e1dost<\/strong>:<br\/>Proces pod\u00e1v\u00e1n\u00ed \u017e\u00e1dost\u00ed o povolen\u00ed eTA prob\u00edh\u00e1 v\u00fdhradn\u011b online. Nen\u00ed pot\u0159eba \u017e\u00e1dn\u00e9 pap\u00edrov\u00e1n\u00ed ani osobn\u00ed n\u00e1v\u0161t\u011bvy, tak\u017ee je to pro cestovatele pohodln\u00e1 volba.<\/li>\n\n\n\n<li><strong>Cenov\u011b dostupn\u00fd poplatek<\/strong>:<br\/>\u017d\u00e1dost o povolen\u00ed eTA stoj\u00ed pouze 7 kanadsk\u00fdch dolar\u016f. Tento poplatek se plat\u00ed online b\u011bhem procesu pod\u00e1v\u00e1n\u00ed p\u0159ihl\u00e1\u0161ky.<\/li>\n\n\n\n<li><strong>Rychl\u00e9 vy\u0159\u00edzen\u00ed<\/strong>:<br\/>V\u011bt\u0161ina \u017e\u00e1dost\u00ed o eTA je schv\u00e1lena b\u011bhem n\u011bkolika minut. N\u011bkter\u00e9 \u017e\u00e1dosti v\u0161ak mohou trvat d\u00e9le, pokud jsou vy\u017eadov\u00e1ny dal\u0161\u00ed dokumenty. V takov\u00fdch p\u0159\u00edpadech obdr\u017e\u00ed \u017eadatel\u00e9 pokyny e-mailem do 72 hodin.<\/li>\n\n\n\n<li><strong>Po\u017eadavky na zp\u016fsobilost<\/strong>:\n<ul class=\"wp-block-list\">\n<li>Bezv\u00edzov\u00ed cizinci, kte\u0159\u00ed let\u00ed do Kanady nebo p\u0159es ni proj\u00ed\u017ed\u011bj\u00ed, pot\u0159ebuj\u00ed povolen\u00ed eTA.<\/li>\n\n\n\n<li>N\u011bkte\u0159\u00ed cestuj\u00edc\u00ed ze zem\u00ed s v\u00edzovou povinnost\u00ed mohou rovn\u011b\u017e z\u00edskat povolen\u00ed eTA, pokud spl\u0148uj\u00ed ur\u010dit\u00e1 krit\u00e9ria, nap\u0159\u00edklad jsou dr\u017eiteli platn\u00e9ho nep\u0159ist\u011bhovaleck\u00e9ho v\u00edza do USA nebo v posledn\u00edch 10 letech m\u011bli kanadsk\u00e9 n\u00e1v\u0161t\u011bvnick\u00e9 v\u00edzum.<\/li>\n\n\n\n<li>Cestuj\u00edc\u00ed, kte\u0159\u00ed p\u0159ij\u00ed\u017ed\u011bj\u00ed autem, autobusem, vlakem nebo lod\u00ed, v\u010detn\u011b v\u00fdletn\u00edch lod\u00ed, pot\u0159ebuj\u00ed m\u00edsto elektronick\u00e9ho povolen\u00ed k pobytu n\u00e1v\u0161t\u011bvnick\u00e9 v\u00edzum.<\/li>\n<\/ul>\n<\/li>\n\n\n\n<li><strong>Cestovn\u00ed omezen\u00ed<\/strong>:\n<ul class=\"wp-block-list\">\n<li>Povolen\u00ed eTA v\u00e1m neumo\u017e\u0148uje pracovat nebo studovat v Kanad\u011b. Pokud pl\u00e1nujete pracovat nebo studovat, mus\u00edte po\u017e\u00e1dat o p\u0159\u00edslu\u0161n\u00e1 povolen\u00ed.<\/li>\n\n\n\n<li>Povolen\u00ed eTA nezaru\u010duje vstup do Kanady. Hrani\u010dn\u00ed \u00fa\u0159edn\u00edci posoud\u00ed va\u0161i zp\u016fsobilost po p\u0159\u00edjezdu.<\/li>\n<\/ul>\n<\/li>\n\n\n\n<li><strong>Platnost<\/strong>:<br\/>Po schv\u00e1len\u00ed je povolen\u00ed eTA spojeno s va\u0161\u00edm cestovn\u00edm pasem a z\u016fst\u00e1v\u00e1 v platnosti pro opakovan\u00e9 vstupy, pokud v\u00e1\u0161 cestovn\u00ed pas z\u016fst\u00e1v\u00e1 platn\u00fd. V\u017edy cestujte se stejn\u00fdm pasem, kter\u00fd jste pou\u017eili p\u0159i pod\u00e1n\u00ed \u017e\u00e1dosti o povolen\u00ed eTA.<\/li>\n<\/ol>\n\n<h4 class=\"wp-block-heading\">Chra\u0148te se p\u0159ed podvody<\/h4>\n\n<p>D\u00e1vejte si pozor na podvodn\u00e9 webov\u00e9 str\u00e1nky nebo osoby, kter\u00e9 slibuj\u00ed zaru\u010den\u00fd vstup, pr\u00e1ci nebo studium v Kanad\u011b. Pod\u00e1vejte \u017e\u00e1dosti pouze prost\u0159ednictv\u00edm ofici\u00e1ln\u00edch webov\u00fdch str\u00e1nek kanadsk\u00e9 vl\u00e1dy a nesd\u011blujte sv\u00e9 osobn\u00ed \u00fadaje neov\u011b\u0159en\u00fdm zdroj\u016fm. Zkreslen\u00e9 prohl\u00e1\u0161en\u00ed nebo podvod m\u016f\u017ee m\u00edt z\u00e1va\u017en\u00e9 pr\u00e1vn\u00ed d\u016fsledky.<\/p>\n\n<h4 class=\"wp-block-heading\">P\u0159ed pod\u00e1n\u00edm \u017e\u00e1dosti<\/h4>\n\n<ul class=\"wp-block-list\">\n<li>Ujist\u011bte se, \u017ee m\u00e1te platn\u00fd cestovn\u00ed pas, kreditn\u00ed nebo debetn\u00ed kartu a e-mailovou adresu.<\/li>\n\n\n\n<li>P\u0159e\u010dt\u011bte si n\u00e1pov\u011bdu k aplikaci, kter\u00e1 je k dispozici ve v\u00edce jazyc\u00edch.<\/li>\n\n\n\n<li><strong>P\u0159ed<\/strong> rezervac\u00ed letu po\u017e\u00e1dejte o povolen\u00ed eTA, abyste se vyhnuli zpo\u017ed\u011bn\u00ed.<\/li>\n<\/ul>\n\n<p>Pod\u00e1n\u00ed \u017e\u00e1dosti o povolen\u00ed eTA je pro opr\u00e1vn\u011bn\u00e9 cestuj\u00edc\u00ed, kte\u0159\u00ed pl\u00e1nuj\u00ed nav\u0161t\u00edvit Kanadu, z\u00e1sadn\u00edm krokem. Pokud budete zn\u00e1t postup a pe\u010dliv\u011b si \u017e\u00e1dost p\u0159iprav\u00edte, m\u016f\u017eete si zajistit hladk\u00fd a bezprobl\u00e9mov\u00fd pr\u016fb\u011bh.<\/p>\n","protected":false},"excerpt":{"rendered":"<p>O procesu elektronick\u00e9ho cestovn\u00edho povolen\u00ed (eTA) Elektronick\u00e9 cestovn\u00ed povolen\u00ed (eTA) je vstupn\u00ed podm\u00ednkou pro ciz\u00ed st\u00e1tn\u00ed p\u0159\u00edslu\u0161n\u00edky, kte\u0159\u00ed cestuj\u00ed do [&hellip;]<\/p>\n","protected":false},"author":1,"featured_media":0,"parent":0,"menu_order":0,"comment_status":"closed","ping_status":"closed","template":"","meta":{"_uag_custom_page_level_css":"","site-sidebar-layout":"default","site-content-layout":"","ast-site-content-layout":"","site-content-style":"default","site-sidebar-style":"default","ast-global-header-display":"","ast-banner-title-visibility":"","ast-main-header-display":"","ast-hfb-above-header-display":"","ast-hfb-below-header-display":"","ast-hfb-mobile-header-display":"","site-post-title":"","ast-breadcrumbs-content":"","ast-featured-img":"","footer-sml-layout":"","theme-transparent-header-meta":"","adv-header-id-meta":"","stick-header-meta":"","header-above-stick-meta":"","header-main-stick-meta":"","header-below-stick-meta":"","astra-migrate-meta-layouts":"default","ast-page-background-enabled":"default","ast-page-background-meta":{"desktop":{"background-color":"var(--ast-global-color-4)","background-image":"","background-repeat":"repeat","background-position":"center center","background-size":"auto","background-attachment":"scroll","background-type":"","background-media":"","overlay-type":"","overlay-color":"","overlay-opacity":"","overlay-gradient":""},"tablet":{"background-color":"","background-image":"","background-repeat":"repeat","background-position":"center center","background-size":"auto","background-attachment":"scroll","background-type":"","background-media":"","overlay-type":"","overlay-color":"","overlay-opacity":"","overlay-gradient":""},"mobile":{"background-color":"","background-image":"","background-repeat":"repeat","background-position":"center center","background-size":"auto","background-attachment":"scroll","background-type":"","background-media":"","overlay-type":"","overlay-color":"","overlay-opacity":"","overlay-gradient":""}},"ast-content-background-meta":{"desktop":{"background-color":"var(--ast-global-color-5)","background-image":"","background-repeat":"repeat","background-position":"center center","background-size":"auto","background-attachment":"scroll","background-type":"","background-media":"","overlay-type":"","overlay-color":"","overlay-opacity":"","overlay-gradient":""},"tablet":{"background-color":"var(--ast-global-color-5)","background-image":"","background-repeat":"repeat","background-position":"center center","background-size":"auto","background-attachment":"scroll","background-type":"","background-media":"","overlay-type":"","overlay-color":"","overlay-opacity":"","overlay-gradient":""},"mobile":{"background-color":"var(--ast-global-color-5)","background-image":"","background-repeat":"repeat","background-position":"center center","background-size":"auto","background-attachment":"scroll","background-type":"","background-media":"","overlay-type":"","overlay-color":"","overlay-opacity":"","overlay-gradient":""}},"footnotes":""},"categories":[],"tags":[],"class_list":["post-208","page","type-page","status-publish","hentry"],"uagb_featured_image_src":{"full":false,"thumbnail":false,"medium":false,"medium_large":false,"large":false,"1536x1536":false,"2048x2048":false},"uagb_author_info":{"display_name":"admin","author_link":"https:\/\/www.etafast.org\/cs\/author\/admin\/"},"uagb_comment_info":0,"uagb_excerpt":"O procesu elektronick\u00e9ho cestovn\u00edho povolen\u00ed (eTA) Elektronick\u00e9 cestovn\u00ed povolen\u00ed (eTA) je vstupn\u00ed podm\u00ednkou pro ciz\u00ed st\u00e1tn\u00ed p\u0159\u00edslu\u0161n\u00edky, kte\u0159\u00ed cestuj\u00ed do [&hellip;]","_links":{"self":[{"href":"https:\/\/www.etafast.org\/cs\/wp-json\/wp\/v2\/pages\/208","targetHints":{"allow":["GET"]}}],"collection":[{"href":"https:\/\/www.etafast.org\/cs\/wp-json\/wp\/v2\/pages"}],"about":[{"href":"https:\/\/www.etafast.org\/cs\/wp-json\/wp\/v2\/types\/page"}],"author":[{"embeddable":true,"href":"https:\/\/www.etafast.org\/cs\/wp-json\/wp\/v2\/users\/1"}],"replies":[{"embeddable":true,"href":"https:\/\/www.etafast.org\/cs\/wp-json\/wp\/v2\/comments?post=208"}],"version-history":[{"count":1,"href":"https:\/\/www.etafast.org\/cs\/wp-json\/wp\/v2\/pages\/208\/revisions"}],"predecessor-version":[{"id":209,"href":"https:\/\/www.etafast.org\/cs\/wp-json\/wp\/v2\/pages\/208\/revisions\/209"}],"wp:attachment":[{"href":"https:\/\/www.etafast.org\/cs\/wp-json\/wp\/v2\/media?parent=208"}],"wp:term":[{"taxonomy":"category","embeddable":true,"href":"https:\/\/www.etafast.org\/cs\/wp-json\/wp\/v2\/categories?post=208"},{"taxonomy":"post_tag","embeddable":true,"href":"https:\/\/www.etafast.org\/cs\/wp-json\/wp\/v2\/tags?post=208"}],"curies":[{"name":"wp","href":"https:\/\/api.w.org\/{rel}","templated":true}]}}