{"id":206,"date":"2024-12-11T08:24:51","date_gmt":"2024-12-11T07:24:51","guid":{"rendered":"https:\/\/www.etafast.org\/kdo-se-muze-prihlasit\/"},"modified":"2024-12-11T08:43:49","modified_gmt":"2024-12-11T07:43:49","slug":"kdo-se-muze-prihlasit","status":"publish","type":"page","link":"https:\/\/www.etafast.org\/cs\/kdo-se-muze-prihlasit\/","title":{"rendered":"Kdo se m\u016f\u017ee p\u0159ihl\u00e1sit"},"content":{"rendered":"\n<h3 class=\"wp-block-heading\">Kdo m\u016f\u017ee po\u017e\u00e1dat o elektronick\u00e9 cestovn\u00ed povolen\u00ed (eTA)<\/h3>\n\n<p>Elektronick\u00e9 cestovn\u00ed povolen\u00ed (eTA) je pro n\u011bkter\u00e9 osoby, kter\u00e9 cestuj\u00ed do Kanady nebo p\u0159es ni proj\u00ed\u017ed\u011bj\u00ed letecky, povinn\u00e9. Zde je podrobn\u00fd rozpis toho, kdo je opr\u00e1vn\u011bn o n\u011bj po\u017e\u00e1dat: <\/p>\n\n<h4 class=\"wp-block-heading\"><strong>Krit\u00e9ria zp\u016fsobilosti pro z\u00edsk\u00e1n\u00ed povolen\u00ed eTA<\/strong><\/h4>\n\n<p>O povolen\u00ed eTA m\u016f\u017eete po\u017e\u00e1dat, pokud spl\u0148ujete <strong>v\u0161echny t\u0159i n\u00e1sleduj\u00edc\u00ed po\u017eadavky<\/strong>:<\/p>\n\n<ol class=\"wp-block-list\">\n<li><strong>Historie cestov\u00e1n\u00ed v minulosti<\/strong>:<ul><li>v posledn\u00edch 10 letech jste byli dr\u017eiteli kanadsk\u00e9ho n\u00e1v\u0161t\u011bvnick\u00e9ho v\u00edza (v\u00edza pro do\u010dasn\u00fd pobyt), NEBO<\/li><li>V sou\u010dasn\u00e9 dob\u011b jste dr\u017eitelem platn\u00e9ho nep\u0159ist\u011bhovaleck\u00e9ho v\u00edza Spojen\u00fdch st\u00e1t\u016f americk\u00fdch (USA).<\/li><\/ul><em>(Va\u0161e neimigra\u010dn\u00ed v\u00edzum do USA mus\u00ed b\u00fdt platn\u00e9 v den, kdy \u017e\u00e1d\u00e1te o povolen\u00ed eTA, ale nemus\u00ed z\u016fstat platn\u00e9 po dobu va\u0161\u00ed cesty do Kanady.)<\/em><\/li>\n\n\n\n<li><strong>\u00da\u010del cesty<\/strong>:\n<ul class=\"wp-block-list\">\n<li>Do Kanady p\u0159ij\u00ed\u017ed\u00edte na <strong>do\u010dasn\u00fd pobyt<\/strong>, obvykle do \u0161esti m\u011bs\u00edc\u016f.<\/li>\n<\/ul>\n<\/li>\n\n\n\n<li><strong>Cestovn\u00ed re\u017eim<\/strong>:\n<ul class=\"wp-block-list\">\n<li>Let\u00edte na kanadsk\u00e9 leti\u0161t\u011b nebo j\u00edm proj\u00ed\u017ed\u00edte s platn\u00fdm pasem jedn\u00e9 ze <strong>zem\u00ed, kter\u00e9 maj\u00ed n\u00e1rok na v\u00edzum<\/strong>.<\/li>\n<\/ul>\n<\/li>\n<\/ol>\n\n<h4 class=\"wp-block-heading\"><strong>Zp\u016fsobil\u00e9 zem\u011b s v\u00edzovou povinnost\u00ed<\/strong><\/h4>\n\n<p>O povolen\u00ed eTA mohou \u017e\u00e1dat ob\u010dan\u00e9 n\u00e1sleduj\u00edc\u00edch zem\u00ed, pokud spl\u0148uj\u00ed v\u00fd\u0161e uveden\u00e1 krit\u00e9ria:<\/p>\n\n<ul class=\"wp-block-list\">\n<li>Antigua a Barbuda<\/li>\n\n\n\n<li>Argentina<\/li>\n\n\n\n<li>Braz\u00edlie<\/li>\n\n\n\n<li>Kostarika<\/li>\n\n\n\n<li>Mexiko<\/li>\n\n\n\n<li>Maroko<\/li>\n\n\n\n<li>Panama<\/li>\n\n\n\n<li>Filip\u00edny<\/li>\n\n\n\n<li>Svat\u00fd Kry\u0161tof a Nevis<\/li>\n\n\n\n<li>Svat\u00e1 Lucie<\/li>\n\n\n\n<li>Svat\u00fd Vincent a Grenadiny<\/li>\n\n\n\n<li>Seychely<\/li>\n\n\n\n<li>Thajsko<\/li>\n\n\n\n<li>Trinidad a Tobago<\/li>\n\n\n\n<li>Uruguay<\/li>\n<\/ul>\n\n<p>Pokud nespl\u0148ujete v\u0161echny tyto po\u017eadavky, budete muset po\u017e\u00e1dat o n\u00e1v\u0161t\u011bvnick\u00e9 v\u00edzum (v\u00edzum pro do\u010dasn\u00fd pobyt).<\/p>\n\n<hr class=\"wp-block-separator has-alpha-channel-opacity\"\/>\n\n<h3 class=\"wp-block-heading\"><strong>Kdo nepot\u0159ebuje povolen\u00ed eTA?<\/strong><\/h3>\n\n<ul class=\"wp-block-list\">\n<li><strong>Ob\u010dan\u00e9 USA<\/strong>:<br\/>Ob\u010dan\u00e9 USA jsou osvobozeni od povinnosti z\u00edskat povolen\u00ed eTA. Sta\u010d\u00ed jim p\u0159edlo\u017eit platn\u00fd americk\u00fd pas. <\/li>\n\n\n\n<li><strong>Kanad\u0161t\u00ed ob\u010dan\u00e9 (v\u010detn\u011b dvoj\u00edho ob\u010danstv\u00ed<\/strong>):<br\/>Kanad\u0161t\u00ed ob\u010dan\u00e9 nemohou \u017e\u00e1dat o povolen\u00ed eTA. Mus\u00ed cestovat s platn\u00fdm kanadsk\u00fdm pasem. Dvoj\u00ed ob\u010dan\u00e9 mus\u00ed p\u0159i cest\u011b do Kanady pou\u017e\u00edt tak\u00e9 sv\u016fj kanadsk\u00fd pas.  <\/li>\n\n\n\n<li>St\u00e1l\u00ed <strong>obyvatel\u00e9 Kanady<\/strong>:<br>St\u00e1l\u00ed obyvatel\u00e9 Kanady nemohou \u017e\u00e1dat o povolen\u00ed eTA. M\u00edsto toho mus\u00ed cestovat s: \n<ul class=\"wp-block-list\">\n<li>Platn\u00fd pr\u016fkaz trval\u00e9ho pobytu, NEBO<\/li>\n\n\n\n<li>Cestovn\u00ed doklad pro trval\u00fd pobyt.<\/li>\n<\/ul>\n<\/li>\n\n\n\n<li><strong>Leg\u00e1ln\u00ed st\u00e1l\u00ed obyvatel\u00e9 USA<\/strong>:<br>Od 26. dubna 2022 jsou leg\u00e1ln\u00ed st\u00e1l\u00ed obyvatel\u00e9 USA osvobozeni od povinnosti z\u00edskat povolen\u00ed eTA. Mus\u00ed v\u0161ak m\u00edt u sebe: \n<ul class=\"wp-block-list\">\n<li>platn\u00fd cestovn\u00ed pas zem\u011b, jej\u00ed\u017e jsou st\u00e1tn\u00edmi p\u0159\u00edslu\u0161n\u00edky, a<\/li>\n\n\n\n<li>Platn\u00e1 zelen\u00e1 karta USA nebo rovnocenn\u00fd doklad o statusu.<\/li>\n<\/ul>\n<\/li>\n<\/ul>\n\n<hr class=\"wp-block-separator has-alpha-channel-opacity\"\/>\n\n<h3 class=\"wp-block-heading\"><strong>Sc\u00e9n\u00e1\u0159e cestov\u00e1n\u00ed a po\u017eadavky na dokumenty<\/strong><\/h3>\n\n<figure class=\"wp-block-table\"><table class=\"has-fixed-layout\"><thead><tr><th><strong>Jak cestujete do Kanady<\/strong><\/th><th><strong>Po\u017eadovan\u00e9 dokumenty<\/strong><\/th><\/tr><\/thead><tbody><tr><td>Let\u00edte na kanadsk\u00e9 leti\u0161t\u011b nebo j\u00edm proj\u00ed\u017ed\u00edte a m\u00e1te n\u00e1rok na povolen\u00ed eTA.<\/td><td>eTA nebo n\u00e1v\u0161t\u011bvnick\u00e9 v\u00edzum<\/td><\/tr><tr><td>Let\u00edte na kanadsk\u00e9 leti\u0161t\u011b nebo j\u00edm proj\u00ed\u017ed\u00edte a NEM\u00c1TE n\u00e1rok na povolen\u00ed eTA.<\/td><td>N\u00e1v\u0161t\u011bvnick\u00e1 v\u00edza<\/td><\/tr><tr><td>P\u0159\u00edjezd autem, autobusem, vlakem nebo lod\u00ed (v\u010detn\u011b v\u00fdletn\u00edch lod\u00ed)<\/td><td>N\u00e1v\u0161t\u011bvnick\u00e1 v\u00edza<\/td><\/tr><tr><td>Cestov\u00e1n\u00ed do Kanady s platn\u00fdm kanadsk\u00fdm v\u00edzem<\/td><td>Nen\u00ed t\u0159eba eTA &#8211; pou\u017eijte v\u00edzum<\/td><\/tr><tr><td>Odlet zp\u011bt do Kanady po obnoven\u00ed pracovn\u00edho nebo studijn\u00edho povolen\u00ed<\/td><td>eTA poskytovan\u00e1 s prodlou\u017een\u00edm povolen\u00ed<\/td><\/tr><tr><td>Cestov\u00e1n\u00ed do Kanady za prac\u00ed nebo studiem na dobu del\u0161\u00ed ne\u017e 6 m\u011bs\u00edc\u016f.<\/td><td>Pracovn\u00ed nebo studijn\u00ed povolen\u00ed (v\u010detn\u011b v\u00edza)<\/td><\/tr><\/tbody><\/table><\/figure>\n\n<hr class=\"wp-block-separator has-alpha-channel-opacity\"\/>\n\n<h3 class=\"wp-block-heading\"><strong>D\u016fle\u017eit\u00e9 \u00favahy<\/strong><\/h3>\n\n<ul class=\"wp-block-list\">\n<li><strong>Z\u00e1kladn\u00ed po\u017eadavky<\/strong>: Pro vstup do Kanady mus\u00edte spl\u0148ovat obecn\u00e1 krit\u00e9ria pro vstup, v\u010detn\u011b platn\u00fdch cestovn\u00edch doklad\u016f, dobr\u00e9ho zdravotn\u00edho stavu, finan\u010dn\u00ed podpory a siln\u00fdch vazeb na svou domovskou zemi.<\/li>\n\n\n\n<li><strong>Nep\u0159\u00edpustnost<\/strong>: Osoby zapojen\u00e9 do trestn\u00e9 \u010dinnosti, ohro\u017euj\u00edc\u00ed bezpe\u010dnost nebo maj\u00edc\u00ed ur\u010dit\u00e9 zdravotn\u00ed a finan\u010dn\u00ed probl\u00e9my mohou b\u00fdt pova\u017eov\u00e1ny za nep\u0159\u00edpustn\u00e9 do Kanady, a to i s platn\u00fdm povolen\u00edm eTA.<\/li>\n<\/ul>\n\n<p>C\u00edlem povolen\u00ed eTA je zjednodu\u0161it opr\u00e1vn\u011bn\u00fdm osob\u00e1m cestov\u00e1n\u00ed letadlem do Kanady. Nezapome\u0148te si pe\u010dliv\u011b prostudovat po\u017eadavky a podat \u017e\u00e1dost v dostate\u010dn\u00e9m p\u0159edstihu p\u0159ed pl\u00e1novanou cestou. <\/p>\n","protected":false},"excerpt":{"rendered":"<p>Kdo m\u016f\u017ee po\u017e\u00e1dat o elektronick\u00e9 cestovn\u00ed povolen\u00ed (eTA) Elektronick\u00e9 cestovn\u00ed povolen\u00ed (eTA) je pro n\u011bkter\u00e9 osoby, kter\u00e9 cestuj\u00ed do Kanady [&hellip;]<\/p>\n","protected":false},"author":1,"featured_media":0,"parent":0,"menu_order":0,"comment_status":"closed","ping_status":"closed","template":"","meta":{"_uag_custom_page_level_css":"","site-sidebar-layout":"default","site-content-layout":"","ast-site-content-layout":"","site-content-style":"default","site-sidebar-style":"default","ast-global-header-display":"","ast-banner-title-visibility":"","ast-main-header-display":"","ast-hfb-above-header-display":"","ast-hfb-below-header-display":"","ast-hfb-mobile-header-display":"","site-post-title":"","ast-breadcrumbs-content":"","ast-featured-img":"","footer-sml-layout":"","theme-transparent-header-meta":"","adv-header-id-meta":"","stick-header-meta":"","header-above-stick-meta":"","header-main-stick-meta":"","header-below-stick-meta":"","astra-migrate-meta-layouts":"default","ast-page-background-enabled":"default","ast-page-background-meta":{"desktop":{"background-color":"var(--ast-global-color-4)","background-image":"","background-repeat":"repeat","background-position":"center center","background-size":"auto","background-attachment":"scroll","background-type":"","background-media":"","overlay-type":"","overlay-color":"","overlay-opacity":"","overlay-gradient":""},"tablet":{"background-color":"","background-image":"","background-repeat":"repeat","background-position":"center center","background-size":"auto","background-attachment":"scroll","background-type":"","background-media":"","overlay-type":"","overlay-color":"","overlay-opacity":"","overlay-gradient":""},"mobile":{"background-color":"","background-image":"","background-repeat":"repeat","background-position":"center center","background-size":"auto","background-attachment":"scroll","background-type":"","background-media":"","overlay-type":"","overlay-color":"","overlay-opacity":"","overlay-gradient":""}},"ast-content-background-meta":{"desktop":{"background-color":"var(--ast-global-color-5)","background-image":"","background-repeat":"repeat","background-position":"center center","background-size":"auto","background-attachment":"scroll","background-type":"","background-media":"","overlay-type":"","overlay-color":"","overlay-opacity":"","overlay-gradient":""},"tablet":{"background-color":"var(--ast-global-color-5)","background-image":"","background-repeat":"repeat","background-position":"center center","background-size":"auto","background-attachment":"scroll","background-type":"","background-media":"","overlay-type":"","overlay-color":"","overlay-opacity":"","overlay-gradient":""},"mobile":{"background-color":"var(--ast-global-color-5)","background-image":"","background-repeat":"repeat","background-position":"center center","background-size":"auto","background-attachment":"scroll","background-type":"","background-media":"","overlay-type":"","overlay-color":"","overlay-opacity":"","overlay-gradient":""}},"footnotes":""},"categories":[],"tags":[],"class_list":["post-206","page","type-page","status-publish","hentry"],"uagb_featured_image_src":{"full":false,"thumbnail":false,"medium":false,"medium_large":false,"large":false,"1536x1536":false,"2048x2048":false},"uagb_author_info":{"display_name":"admin","author_link":"https:\/\/www.etafast.org\/cs\/author\/admin\/"},"uagb_comment_info":0,"uagb_excerpt":"Kdo m\u016f\u017ee po\u017e\u00e1dat o elektronick\u00e9 cestovn\u00ed povolen\u00ed (eTA) Elektronick\u00e9 cestovn\u00ed povolen\u00ed (eTA) je pro n\u011bkter\u00e9 osoby, kter\u00e9 cestuj\u00ed do Kanady [&hellip;]","_links":{"self":[{"href":"https:\/\/www.etafast.org\/cs\/wp-json\/wp\/v2\/pages\/206","targetHints":{"allow":["GET"]}}],"collection":[{"href":"https:\/\/www.etafast.org\/cs\/wp-json\/wp\/v2\/pages"}],"about":[{"href":"https:\/\/www.etafast.org\/cs\/wp-json\/wp\/v2\/types\/page"}],"author":[{"embeddable":true,"href":"https:\/\/www.etafast.org\/cs\/wp-json\/wp\/v2\/users\/1"}],"replies":[{"embeddable":true,"href":"https:\/\/www.etafast.org\/cs\/wp-json\/wp\/v2\/comments?post=206"}],"version-history":[{"count":1,"href":"https:\/\/www.etafast.org\/cs\/wp-json\/wp\/v2\/pages\/206\/revisions"}],"predecessor-version":[{"id":207,"href":"https:\/\/www.etafast.org\/cs\/wp-json\/wp\/v2\/pages\/206\/revisions\/207"}],"wp:attachment":[{"href":"https:\/\/www.etafast.org\/cs\/wp-json\/wp\/v2\/media?parent=206"}],"wp:term":[{"taxonomy":"category","embeddable":true,"href":"https:\/\/www.etafast.org\/cs\/wp-json\/wp\/v2\/categories?post=206"},{"taxonomy":"post_tag","embeddable":true,"href":"https:\/\/www.etafast.org\/cs\/wp-json\/wp\/v2\/tags?post=206"}],"curies":[{"name":"wp","href":"https:\/\/api.w.org\/{rel}","templated":true}]}}